{"id":154083,"date":"2025-12-18T17:12:38","date_gmt":"2025-12-18T14:12:38","guid":{"rendered":"https:\/\/baldumarket.lt\/product\/beta-lozko-180-200-cm-2-szuflady-san-remo-jasne-bialy\/"},"modified":"2026-02-05T10:38:09","modified_gmt":"2026-02-05T07:38:09","slug":"beta-lozko-180-200-cm-2-szuflady-san-remo-jasne-bialy","status":"publish","type":"product","link":"https:\/\/baldumarket.lt\/lt\/product\/beta-lozko-180-200-cm-2-szuflady-san-remo-jasne-bialy\/","title":{"rendered":"Beta lova, 180\/200 cm, 2 stal\u010diai, San Remo, \u0161viesi \/ balta"},"content":{"rendered":"<p>Pristatome unikali\u0105 lov\u0105 i\u0161 \u201eBeta\u201c kolekcijos \u2013 \u201eBeta\u201c lov\u0105 su stal\u010diais 180\/200 cm San Remo \u0161viesi\/balta. Minimalistiniame dizaine \u012fk\u016bnyta elegancija \u2013 tai ramaus ir stilingo miego receptas. Prakti\u0161ka ir kartu madinga, tai puikus sprendimas moderniam miegamajam. Kurdami \u201eBeta\u201c lov\u0105, daugiausia d\u0117mesio skyr\u0117me tradicinio, \u0161ilto \u0161viesaus San Remo \u0105\u017euolo atspalvio ir klasikin\u0117s baltos spalvos derinimui, kad sukurtume bald\u0105, kuris papildyt\u0173 bet kok\u012f interjer\u0105. Auk\u0161tas atlo\u0161as ne tik suteikia puik\u0173 fon\u0105 patalynei ir pagalv\u0117ms, bet ir u\u017etikrina maksimal\u0173 komfort\u0105 skaitant vakare ar \u017ei\u016brint m\u0117gstamus filmus. Vienas did\u017eiausi\u0173 \u201eBeta\u201c lovos su stal\u010diais privalum\u0173 \u2013 du erdv\u016bs stal\u010diai, kuriuose galima prakti\u0161kai laikyti patalyn\u0119, antklodes ir net drabu\u017eius, u\u017etikrinant tvark\u0105 ir padedant optimizuoti miegamojo erdv\u0119.<\/p>","protected":false},"excerpt":{"rendered":"<p>Plotis (cm): 188<br \/>\n\u016agis (cm): 92<br \/>\nGylis (cm): 218<\/p>","protected":false},"featured_media":154084,"comment_status":"open","ping_status":"open","template":"","meta":[],"product_brand":[],"product_cat":[9416,505,4105],"product_tag":[],"class_list":{"0":"post-154083","1":"product","2":"type-product","3":"status-publish","4":"has-post-thumbnail","6":"product_cat-furniture-system-beta","7":"product_cat-bedroom-beds","8":"product_cat-helvetia","10":"first","11":"instock","12":"purchasable","13":"product-type-simple"},"_links":{"self":[{"href":"https:\/\/baldumarket.lt\/lt\/wp-json\/wp\/v2\/product\/154083","targetHints":{"allow":["GET"]}}],"collection":[{"href":"https:\/\/baldumarket.lt\/lt\/wp-json\/wp\/v2\/product"}],"about":[{"href":"https:\/\/baldumarket.lt\/lt\/wp-json\/wp\/v2\/types\/product"}],"replies":[{"embeddable":true,"href":"https:\/\/baldumarket.lt\/lt\/wp-json\/wp\/v2\/comments?post=154083"}],"wp:featuredmedia":[{"embeddable":true,"href":"https:\/\/baldumarket.lt\/lt\/wp-json\/wp\/v2\/media\/154084"}],"wp:attachment":[{"href":"https:\/\/baldumarket.lt\/lt\/wp-json\/wp\/v2\/media?parent=154083"}],"wp:term":[{"taxonomy":"product_brand","embeddable":true,"href":"https:\/\/baldumarket.lt\/lt\/wp-json\/wp\/v2\/product_brand?post=154083"},{"taxonomy":"product_cat","embeddable":true,"href":"https:\/\/baldumarket.lt\/lt\/wp-json\/wp\/v2\/product_cat?post=154083"},{"taxonomy":"product_tag","embeddable":true,"href":"https:\/\/baldumarket.lt\/lt\/wp-json\/wp\/v2\/product_tag?post=154083"}],"curies":[{"name":"wp","href":"https:\/\/api.w.org\/{rel}","templated":true}]}}