{"id":154078,"date":"2025-12-18T17:12:28","date_gmt":"2025-12-18T14:12:28","guid":{"rendered":"https:\/\/baldumarket.lt\/product\/beta-lozko-160-200-cm-z-szuflada-dab-monastery-czarny\/"},"modified":"2026-02-05T10:38:09","modified_gmt":"2026-02-05T07:38:09","slug":"beta-lozko-160-200-cm-z-szuflada-dab-monastery-czarny","status":"publish","type":"product","link":"https:\/\/baldumarket.lt\/lt\/product\/beta-lozko-160-200-cm-z-szuflada-dab-monastery-czarny\/","title":{"rendered":"Beta lova 160\/200 cm su stal\u010diumi, Monastery \u0105\u017euolo spalvos \/ juoda"},"content":{"rendered":"<p>Apsupkite save prabanga ir komfortu su eleganti\u0161ka \u201eBeta\u201c lova, kurios matmenys \u2013 160 \u00d7 200 cm, \u201eMonastery Oak\u201c \/ juodos spalvos. Tai klasikos ir modernumo derinys, puikiai tinkantis tiems, kurie vertina auk\u0161t\u0105 meistri\u0161kumo kokyb\u0119 ir funkcionalum\u0105. Ji puikiai tiks j\u016bs\u0173 miegamajame, suteikdama erdv\u0119 pails\u0117ti ir atsipalaiduoti po ilgos dienos. \u201eBeta\u201c lova su erdviu stal\u010diumi \u2013 tai pasirinkimas tiems, kurie tikisi bald\u0173, pasi\u017eymin\u010di\u0173 nesenstan\u010dia estetika ir prakti\u0161kumu. Sukurta galvojant apie komfort\u0105, ji turi erdv\u0173 stal\u010di\u0173, esant\u012f tiesiai po miegamuoju pavir\u0161iumi, tai puiki vieta laikyti patalyn\u0119, antklodes ar sezoninius drabu\u017eius, padedan\u010dius palaikyti tvark\u0105 miegamajame. \u201eBeta\u201c lovos patogum\u0105 ir ilgaam\u017ei\u0161kum\u0105 u\u017etikrina auk\u0161tos kokyb\u0117s laminuotos plok\u0161t\u0117s, tod\u0117l \u0161is baldas tarnaus jums ilgus metus. Atsparumas pa\u017eeidimams ir lengvas valymas \u2013 tai savyb\u0117s, i\u0161skirian\u010dios \u0161\u012f gamin\u012f i\u0161 konkurent\u0173. Nat\u016bralus \u201eMonastery Oak\u201c dekoras kartu su eleganti\u0161ka juoda spalva sukuria harmoning\u0105 visum\u0105, kurios d\u0117ka \u201eBeta\u201c lova tampa pagrindiniu miegamojo akcentu.<\/p>","protected":false},"excerpt":{"rendered":"<p>Plotis (cm): 166<br \/>\n\u016agis (cm): 90<br \/>\nGylis (cm): 205<\/p>","protected":false},"featured_media":154079,"comment_status":"open","ping_status":"open","template":"","meta":[],"product_brand":[],"product_cat":[9416,505,4105],"product_tag":[],"class_list":{"0":"post-154078","1":"product","2":"type-product","3":"status-publish","4":"has-post-thumbnail","6":"product_cat-furniture-system-beta","7":"product_cat-bedroom-beds","8":"product_cat-helvetia","10":"first","11":"instock","12":"purchasable","13":"product-type-simple"},"_links":{"self":[{"href":"https:\/\/baldumarket.lt\/lt\/wp-json\/wp\/v2\/product\/154078","targetHints":{"allow":["GET"]}}],"collection":[{"href":"https:\/\/baldumarket.lt\/lt\/wp-json\/wp\/v2\/product"}],"about":[{"href":"https:\/\/baldumarket.lt\/lt\/wp-json\/wp\/v2\/types\/product"}],"replies":[{"embeddable":true,"href":"https:\/\/baldumarket.lt\/lt\/wp-json\/wp\/v2\/comments?post=154078"}],"wp:featuredmedia":[{"embeddable":true,"href":"https:\/\/baldumarket.lt\/lt\/wp-json\/wp\/v2\/media\/154079"}],"wp:attachment":[{"href":"https:\/\/baldumarket.lt\/lt\/wp-json\/wp\/v2\/media?parent=154078"}],"wp:term":[{"taxonomy":"product_brand","embeddable":true,"href":"https:\/\/baldumarket.lt\/lt\/wp-json\/wp\/v2\/product_brand?post=154078"},{"taxonomy":"product_cat","embeddable":true,"href":"https:\/\/baldumarket.lt\/lt\/wp-json\/wp\/v2\/product_cat?post=154078"},{"taxonomy":"product_tag","embeddable":true,"href":"https:\/\/baldumarket.lt\/lt\/wp-json\/wp\/v2\/product_tag?post=154078"}],"curies":[{"name":"wp","href":"https:\/\/api.w.org\/{rel}","templated":true}]}}