{"id":154065,"date":"2025-12-18T17:12:03","date_gmt":"2025-12-18T14:12:03","guid":{"rendered":"https:\/\/baldumarket.lt\/product\/beta-komoda-2d4s-dab-monastery-czarny\/"},"modified":"2026-02-05T10:38:17","modified_gmt":"2026-02-05T07:38:17","slug":"beta-komoda-2d4s-dab-monastery-czarny","status":"publish","type":"product","link":"https:\/\/baldumarket.lt\/lt\/product\/beta-komoda-2d4s-dab-monastery-czarny\/","title":{"rendered":"Beta komoda 2D4S Monastery Oak \/ Black"},"content":{"rendered":"<p>Pristatome unikali\u0105 \u201eBeta 2D4S\u201c komod\u0105 \u201eSan Remo Light\/White\u201c spalvos \u2013 bald\u0105, kuris yra funkcionalumo ir modernios estetikos sinonimas. Derinant klasikin\u012f \u0161vies\u0173 \u0105\u017euol\u0105 su eleganti\u0161ka balta spalva, m\u016bs\u0173 \u201eBeta\u201c komoda puikiai papildys bet kur\u012f miegam\u0105j\u012f, si\u016blydama ir prakti\u0161kus daikt\u0173 laikymo sprendimus, ir patraukl\u0173 dekoratyvin\u012f element\u0105.<\/p>\n<p>Patogiai \u012fsitais\u0119 savo nam\u0173 jaukumoje, galite m\u0117gautis ideali\u0173 proporcij\u0173 baldu: 132 cm plo\u010dio, 94 cm auk\u0161\u010dio ir 38 cm gylio. Komoda turi dvi erdvias spinteles ir keturis stal\u010dius, kuriuose lengvai tilps visi j\u016bs\u0173 reikalingiausi aksesuarai ir drabu\u017eiai. Kruop\u0161\u010diai pagaminti fasadai ir korpusai i\u0161 auk\u0161tos kokyb\u0117s laminuotos plok\u0161t\u0117s u\u017etikrina ne tik patvarum\u0105, bet ir lengv\u0105 valym\u0105.<\/p>\n<p>Dizainerio stiliaus komoda \u201eBeta 2D4S\u201c, kurioje derinamas modernus baltas atspalvis su \u0161ilta \u201eSan Remo Light\u201c apdaila, papildys \u012fvairius interjero dizainus, suteikdama jam stiliaus ir modernaus charakterio. \u0160is baldas yra ne tik prakti\u0161kas, bet ir gra\u017eus, tod\u0117l puikus pasirinkimas tiems, kurie vertina elegancij\u0105 ir komfort\u0105.<\/p>\n<p>Be to, \u0161is baldas pristatomas savaranki\u0161kai surenkamose pakuot\u0117se. Tai u\u017etikrina lengv\u0105 ir malon\u0173 komodos surinkim\u0105 namuose. Pilnas surinkimo rinkinys su ai\u0161kiomis instrukcijomis garantuoja greit\u0105 ir paprast\u0105 surinkim\u0105. \u201eBeta\u201c komodai taip pat suteikiame 2 met\u0173 garantij\u0105, patvirtindami m\u016bs\u0173 pasitik\u0117jim\u0105 savo gamini\u0173 kokybe ir patvarumu.<\/p>\n<p>Papuo\u0161kite savo miegam\u0105j\u012f elegancija ir prakti\u0161kumu su \u201eBeta 2D4S San Remo Light\/White\u201c komoda \u2013 baldu, atitinkan\u010diu modernaus interjero dizaino ir erdv\u0117s organizavimo poreikius. Tegul komfortas ir stilius eina koja kojon su kasdieniu naudojimo patogumu. Kvie\u010diame \u012fsigyti \u0161i\u0105 unikali\u0105 komod\u0105, kuri neabejotinai taps j\u016bs\u0173 bald\u0173 kolekcijos brangakmeniu.<\/p>","protected":false},"excerpt":{"rendered":"<p>Plotis (cm): 132<br \/>\n\u016agis (cm): 93<br \/>\nGylis (cm): 38<\/p>","protected":false},"featured_media":154066,"comment_status":"open","ping_status":"open","template":"","meta":[],"product_brand":[],"product_cat":[9416,1173,4105],"product_tag":[],"class_list":{"0":"post-154065","1":"product","2":"type-product","3":"status-publish","4":"has-post-thumbnail","6":"product_cat-furniture-system-beta","7":"product_cat-chests-of-drawers","8":"product_cat-helvetia","10":"first","11":"instock","12":"purchasable","13":"product-type-simple"},"_links":{"self":[{"href":"https:\/\/baldumarket.lt\/lt\/wp-json\/wp\/v2\/product\/154065","targetHints":{"allow":["GET"]}}],"collection":[{"href":"https:\/\/baldumarket.lt\/lt\/wp-json\/wp\/v2\/product"}],"about":[{"href":"https:\/\/baldumarket.lt\/lt\/wp-json\/wp\/v2\/types\/product"}],"replies":[{"embeddable":true,"href":"https:\/\/baldumarket.lt\/lt\/wp-json\/wp\/v2\/comments?post=154065"}],"wp:featuredmedia":[{"embeddable":true,"href":"https:\/\/baldumarket.lt\/lt\/wp-json\/wp\/v2\/media\/154066"}],"wp:attachment":[{"href":"https:\/\/baldumarket.lt\/lt\/wp-json\/wp\/v2\/media?parent=154065"}],"wp:term":[{"taxonomy":"product_brand","embeddable":true,"href":"https:\/\/baldumarket.lt\/lt\/wp-json\/wp\/v2\/product_brand?post=154065"},{"taxonomy":"product_cat","embeddable":true,"href":"https:\/\/baldumarket.lt\/lt\/wp-json\/wp\/v2\/product_cat?post=154065"},{"taxonomy":"product_tag","embeddable":true,"href":"https:\/\/baldumarket.lt\/lt\/wp-json\/wp\/v2\/product_tag?post=154065"}],"curies":[{"name":"wp","href":"https:\/\/api.w.org\/{rel}","templated":true}]}}