{"id":154059,"date":"2025-12-18T17:11:51","date_gmt":"2025-12-18T14:11:51","guid":{"rendered":"https:\/\/baldumarket.lt\/product\/beta-szafa-2-drzwiowa-przesuwna-z-lustrami-120-cm-czarny\/"},"modified":"2026-02-05T10:38:17","modified_gmt":"2026-02-05T07:38:17","slug":"beta-szafa-2-drzwiowa-przesuwna-z-lustrami-120-cm-czarny","status":"publish","type":"product","link":"https:\/\/baldumarket.lt\/lt\/product\/beta-szafa-2-drzwiowa-przesuwna-z-lustrami-120-cm-czarny\/","title":{"rendered":"Beta \u2013 2 dur\u0173 stumdoma spinta su veidrod\u017eiais, 120 cm, juoda"},"content":{"rendered":"<p>Stumdoma spinta su veidrod\u017eiais \u201eBeta\u201c derina elegancij\u0105 ir funkcionalum\u0105, puikiai papildydama modern\u0173 interjer\u0105. 120 cm plotis leid\u017eia patogiai laikyti drabu\u017eius, o 210 cm auk\u0161tis suteikia pakankamai vietos net ir ilgiems paltams ar suknel\u0117ms. 61 cm gylis yra optimalus spintai, siekiant suma\u017einti vietos suvartojim\u0105, i\u0161laikant jos talpum\u0105. Klasikin\u0117 juoda apdaila suteikia spintai universalumo, tod\u0117l ji tinka \u012fvairiems interjerams \u2013 nuo pramoninio iki minimalistinio. Ji pasi\u017eymi patvariais fasadais ir korpusu, pagamintu i\u0161 laminuotos baldin\u0117s plok\u0161t\u0117s, u\u017etikrinan\u010diu ilgaam\u017ei\u0161kum\u0105. Prakti\u0161kos stumdomos durys su veidrod\u017eiais ne tik vizualiai i\u0161ple\u010dia erdv\u0119 ir suteikia kambariui gylio, bet ir leid\u017eia greitai patikrinti stili\u0173, nereikalaujant papildomo veidrod\u017eio. Spintos viduje yra penkios tvirtos lentynos ir pakaba, leid\u017eianti ergonomi\u0161kai sutvarkyti drabu\u017eius ir aksesuarus. Spinta surenkama atskirai, o tai ne tik taupo laik\u0105, bet ir suteikia pasitenkinim\u0105, lyg baldus surinkote patys.<\/p>","protected":false},"excerpt":{"rendered":"<p>Plotis (cm): 120<br \/>\n\u016agis (cm): 210<br \/>\nGylis (cm): 61<\/p>","protected":false},"featured_media":154060,"comment_status":"open","ping_status":"open","template":"","meta":[],"product_brand":[],"product_cat":[9416,4105,1177],"product_tag":[],"class_list":{"0":"post-154059","1":"product","2":"type-product","3":"status-publish","4":"has-post-thumbnail","6":"product_cat-furniture-system-beta","7":"product_cat-helvetia","8":"product_cat-wardrobes","10":"first","11":"instock","12":"purchasable","13":"product-type-simple"},"_links":{"self":[{"href":"https:\/\/baldumarket.lt\/lt\/wp-json\/wp\/v2\/product\/154059","targetHints":{"allow":["GET"]}}],"collection":[{"href":"https:\/\/baldumarket.lt\/lt\/wp-json\/wp\/v2\/product"}],"about":[{"href":"https:\/\/baldumarket.lt\/lt\/wp-json\/wp\/v2\/types\/product"}],"replies":[{"embeddable":true,"href":"https:\/\/baldumarket.lt\/lt\/wp-json\/wp\/v2\/comments?post=154059"}],"wp:featuredmedia":[{"embeddable":true,"href":"https:\/\/baldumarket.lt\/lt\/wp-json\/wp\/v2\/media\/154060"}],"wp:attachment":[{"href":"https:\/\/baldumarket.lt\/lt\/wp-json\/wp\/v2\/media?parent=154059"}],"wp:term":[{"taxonomy":"product_brand","embeddable":true,"href":"https:\/\/baldumarket.lt\/lt\/wp-json\/wp\/v2\/product_brand?post=154059"},{"taxonomy":"product_cat","embeddable":true,"href":"https:\/\/baldumarket.lt\/lt\/wp-json\/wp\/v2\/product_cat?post=154059"},{"taxonomy":"product_tag","embeddable":true,"href":"https:\/\/baldumarket.lt\/lt\/wp-json\/wp\/v2\/product_tag?post=154059"}],"curies":[{"name":"wp","href":"https:\/\/api.w.org\/{rel}","templated":true}]}}