{"id":154052,"date":"2025-12-18T17:11:37","date_gmt":"2025-12-18T14:11:37","guid":{"rendered":"https:\/\/baldumarket.lt\/product\/beta-szafka-nocna-3-szuflady-dab-mauvella-czarny-mat\/"},"modified":"2026-02-05T10:38:17","modified_gmt":"2026-02-05T07:38:17","slug":"beta-szafka-nocna-3-szuflady-dab-mauvella-czarny-mat","status":"publish","type":"product","link":"https:\/\/baldumarket.lt\/lt\/product\/beta-szafka-nocna-3-szuflady-dab-mauvella-czarny-mat\/","title":{"rendered":"Beta \u2013 naktinis staliukas su 3 stal\u010diais, Mauvella \u0105\u017euolo spalvos, matin\u0117s juodos spalvos"},"content":{"rendered":"<p>\u201eBeta\u201c naktinis staliukas \u2013 puikus bet kurio modernaus miegamojo papildymas. Eleganti\u0161kas \u201eMauvella Oak\u201c dizainas kartu su ry\u0161kia matine juoda apdaila sukuria harmoning\u0105 ir nesenstan\u010di\u0105 kompozicij\u0105. \u0160is baldas lengvai der\u0117s tiek prie minimalistinio, tiek prie tradici\u0161kesnio interjero. Kasdien naudojant, \u201eBeta\u201c naktinis staliukas i\u0161siskiria i\u0161skirtiniu funkcionalumu. Trys erdv\u016bs stal\u010diai leid\u017eia patogiai laikyti b\u016btiniausius daiktus ir tekstil\u0119, padeda palaikyti tvark\u0105 ir organizuotum\u0105 miegamajame. Tai u\u017etikrina, kad viskas, ko jums reikia, visada b\u016bt\u0173 ranka pasiekiama ir savo tinkamoje vietoje. Estetika \u2013 ne vienintelis \u0161io baldo privalumas. Laminuota plok\u0161t\u0117, i\u0161 kurios pagamintas tiek korpusas, tiek priekin\u0117 spintel\u0117s dalis, yra itin atspari pa\u017eeidimams ir lengvai pri\u017ei\u016brima. \u0160is baldas ne tik puikiai atrodo, bet ir daugel\u012f met\u0173 i\u0161laiko savo \u017eaves\u012f, tapdamas b\u016bsima investicija \u012f j\u016bs\u0173 nam\u0173 jaukum\u0105.<\/p>","protected":false},"excerpt":{"rendered":"<p>Plotis (cm): 45<br \/>\n\u016agis (cm): 46<br \/>\nGylis (cm): 41<\/p>","protected":false},"featured_media":154053,"comment_status":"open","ping_status":"open","template":"","meta":[],"product_brand":[],"product_cat":[9416,1176,4105],"product_tag":[],"class_list":{"0":"post-154052","1":"product","2":"type-product","3":"status-publish","4":"has-post-thumbnail","6":"product_cat-furniture-system-beta","7":"product_cat-bedside-tables","8":"product_cat-helvetia","10":"first","11":"instock","12":"purchasable","13":"product-type-simple"},"_links":{"self":[{"href":"https:\/\/baldumarket.lt\/lt\/wp-json\/wp\/v2\/product\/154052","targetHints":{"allow":["GET"]}}],"collection":[{"href":"https:\/\/baldumarket.lt\/lt\/wp-json\/wp\/v2\/product"}],"about":[{"href":"https:\/\/baldumarket.lt\/lt\/wp-json\/wp\/v2\/types\/product"}],"replies":[{"embeddable":true,"href":"https:\/\/baldumarket.lt\/lt\/wp-json\/wp\/v2\/comments?post=154052"}],"wp:featuredmedia":[{"embeddable":true,"href":"https:\/\/baldumarket.lt\/lt\/wp-json\/wp\/v2\/media\/154053"}],"wp:attachment":[{"href":"https:\/\/baldumarket.lt\/lt\/wp-json\/wp\/v2\/media?parent=154052"}],"wp:term":[{"taxonomy":"product_brand","embeddable":true,"href":"https:\/\/baldumarket.lt\/lt\/wp-json\/wp\/v2\/product_brand?post=154052"},{"taxonomy":"product_cat","embeddable":true,"href":"https:\/\/baldumarket.lt\/lt\/wp-json\/wp\/v2\/product_cat?post=154052"},{"taxonomy":"product_tag","embeddable":true,"href":"https:\/\/baldumarket.lt\/lt\/wp-json\/wp\/v2\/product_tag?post=154052"}],"curies":[{"name":"wp","href":"https:\/\/api.w.org\/{rel}","templated":true}]}}