{"id":154046,"date":"2025-12-18T17:11:24","date_gmt":"2025-12-18T14:11:24","guid":{"rendered":"https:\/\/baldumarket.lt\/product\/beta-szafa-przesuwna-2-drzwiowa-z-lustrami-czarny-200-cm\/"},"modified":"2026-02-05T10:38:17","modified_gmt":"2026-02-05T07:38:17","slug":"beta-szafa-przesuwna-2-drzwiowa-z-lustrami-czarny-200-cm","status":"publish","type":"product","link":"https:\/\/baldumarket.lt\/lt\/product\/beta-szafa-przesuwna-2-drzwiowa-z-lustrami-czarny-200-cm\/","title":{"rendered":"Beta \u2013 Dviej\u0173 dur\u0173 stumdoma spinta su veidrod\u017eiais, juoda, 200 cm"},"content":{"rendered":"<p>Produkto pavadinimas: Beta \u2013 2 dur\u0173 stumdoma spinta su veidrod\u017eiais, juoda, plotis 200 cm Kategorija: Baldai\/Spintos<br \/>\nPrek\u0117s \u017eenklas: Helvetia Produkto apra\u0161ymas:<br \/>\n\u201eBeta\u201c \u2013 eleganti\u0161ka ir funkcionali \u201eHelvetia\u201c sukurta stumdom\u0173 stov\u0173 spinta, kuri suteiks stiliaus bet kuriam miegamajam ar persirengimo kambariui. Moderni estetika kartu su prakti\u0161ka apdaila paver\u010dia j\u0105 ne tik daiktad\u0117\u017ee, bet ir unikaliu dekoratyviniu elementu j\u016bs\u0173 kambaryje.<\/p>","protected":false},"excerpt":{"rendered":"<p>Plotis (cm): 200<br \/>\n\u016agis (cm): 210<br \/>\nGylis (cm): 61<\/p>","protected":false},"featured_media":154047,"comment_status":"open","ping_status":"open","template":"","meta":[],"product_brand":[],"product_cat":[9416,4105,1177],"product_tag":[],"class_list":{"0":"post-154046","1":"product","2":"type-product","3":"status-publish","4":"has-post-thumbnail","6":"product_cat-furniture-system-beta","7":"product_cat-helvetia","8":"product_cat-wardrobes","10":"first","11":"instock","12":"purchasable","13":"product-type-simple"},"_links":{"self":[{"href":"https:\/\/baldumarket.lt\/lt\/wp-json\/wp\/v2\/product\/154046","targetHints":{"allow":["GET"]}}],"collection":[{"href":"https:\/\/baldumarket.lt\/lt\/wp-json\/wp\/v2\/product"}],"about":[{"href":"https:\/\/baldumarket.lt\/lt\/wp-json\/wp\/v2\/types\/product"}],"replies":[{"embeddable":true,"href":"https:\/\/baldumarket.lt\/lt\/wp-json\/wp\/v2\/comments?post=154046"}],"wp:featuredmedia":[{"embeddable":true,"href":"https:\/\/baldumarket.lt\/lt\/wp-json\/wp\/v2\/media\/154047"}],"wp:attachment":[{"href":"https:\/\/baldumarket.lt\/lt\/wp-json\/wp\/v2\/media?parent=154046"}],"wp:term":[{"taxonomy":"product_brand","embeddable":true,"href":"https:\/\/baldumarket.lt\/lt\/wp-json\/wp\/v2\/product_brand?post=154046"},{"taxonomy":"product_cat","embeddable":true,"href":"https:\/\/baldumarket.lt\/lt\/wp-json\/wp\/v2\/product_cat?post=154046"},{"taxonomy":"product_tag","embeddable":true,"href":"https:\/\/baldumarket.lt\/lt\/wp-json\/wp\/v2\/product_tag?post=154046"}],"curies":[{"name":"wp","href":"https:\/\/api.w.org\/{rel}","templated":true}]}}