{"id":154038,"date":"2025-12-18T17:11:08","date_gmt":"2025-12-18T14:11:08","guid":{"rendered":"https:\/\/baldumarket.lt\/product\/beta-szafa-2d4s-z-lustrem-dab-mauvella-czarny-mat\/"},"modified":"2026-02-05T10:38:17","modified_gmt":"2026-02-05T07:38:17","slug":"beta-szafa-2d4s-z-lustrem-dab-mauvella-czarny-mat","status":"publish","type":"product","link":"https:\/\/baldumarket.lt\/lt\/product\/beta-szafa-2d4s-z-lustrem-dab-mauvella-czarny-mat\/","title":{"rendered":"Beta \u2013 Drabu\u017ein\u0117 2D4S su veidrod\u017eiu, \u201eMauvella Oak\u201c matin\u0117s juodos spalvos"},"content":{"rendered":"<p>Atraskite eleganti\u0161k\u0105 modernaus dizaino pasaul\u012f su \u201eBeta 2D4S\u201c veidrodine spinta, kuri puikiai derina gro\u017e\u012f ir funkcionalum\u0105. Korpusas, pagamintas i\u0161 i\u0161skirtinio \u201eMauvella\u201c \u0105\u017euolo, harmoningai papildo matin\u0117s juodos spalvos fasadus, sukurdamas unikali\u0105, ta\u010diau jauki\u0105 erdv\u0119 bet kuriame interjere. \u0160is spalv\u0173 derinys yra tikras \u0161iuolaikini\u0173 tendencij\u0173 atspindys ir suteiks j\u016bs\u0173 namams prabangos. \u0160i spinta si\u016blo ne tik erdv\u0119 daiktams susid\u0117ti; tai taip pat dekoratyvinis elementas, kuris pagerins j\u016bs\u0173 nam\u0173 stili\u0173. Integruotas veidrodis priekyje ne tik vizualiai padidina kambar\u012f, bet ir j\u012f ap\u0161vie\u010dia, suteikdamas \u0161viesos ir erdv\u0117s poj\u016bt\u012f. Tai ypa\u010d naudinga pritemdytuose kambariuose, kur svarbi kiekviena detal\u0117. Kai modernus dizainas dera su prakti\u0161kumu, \u201eBeta\u201c spinta sukuriama taip, kad patenkint\u0173 net ir i\u0161rankiausi\u0173 vartotoj\u0173 poreikius. Apgalvotos funkcijos, tokios kaip keturi erdv\u016bs stal\u010diai ir dvi erdvios spintos sekcijos, leid\u017eia efektyviai organizuoti daiktus ir lengvai pasiekti kasdienius daiktus. Tai pad\u0117s jums kiekvien\u0105 ryt\u0105 jaustis labiau organizuotiems ir pasiruo\u0161usiems veikti.<\/p>","protected":false},"excerpt":{"rendered":"<p>Plotis (cm): 200<br \/>\n\u016agis (cm): 209<br \/>\nGylis (cm): 61<\/p>","protected":false},"featured_media":154039,"comment_status":"open","ping_status":"open","template":"","meta":[],"product_brand":[],"product_cat":[9416,4105,1177],"product_tag":[],"class_list":{"0":"post-154038","1":"product","2":"type-product","3":"status-publish","4":"has-post-thumbnail","6":"product_cat-furniture-system-beta","7":"product_cat-helvetia","8":"product_cat-wardrobes","10":"first","11":"instock","12":"purchasable","13":"product-type-simple"},"_links":{"self":[{"href":"https:\/\/baldumarket.lt\/lt\/wp-json\/wp\/v2\/product\/154038","targetHints":{"allow":["GET"]}}],"collection":[{"href":"https:\/\/baldumarket.lt\/lt\/wp-json\/wp\/v2\/product"}],"about":[{"href":"https:\/\/baldumarket.lt\/lt\/wp-json\/wp\/v2\/types\/product"}],"replies":[{"embeddable":true,"href":"https:\/\/baldumarket.lt\/lt\/wp-json\/wp\/v2\/comments?post=154038"}],"wp:featuredmedia":[{"embeddable":true,"href":"https:\/\/baldumarket.lt\/lt\/wp-json\/wp\/v2\/media\/154039"}],"wp:attachment":[{"href":"https:\/\/baldumarket.lt\/lt\/wp-json\/wp\/v2\/media?parent=154038"}],"wp:term":[{"taxonomy":"product_brand","embeddable":true,"href":"https:\/\/baldumarket.lt\/lt\/wp-json\/wp\/v2\/product_brand?post=154038"},{"taxonomy":"product_cat","embeddable":true,"href":"https:\/\/baldumarket.lt\/lt\/wp-json\/wp\/v2\/product_cat?post=154038"},{"taxonomy":"product_tag","embeddable":true,"href":"https:\/\/baldumarket.lt\/lt\/wp-json\/wp\/v2\/product_tag?post=154038"}],"curies":[{"name":"wp","href":"https:\/\/api.w.org\/{rel}","templated":true}]}}