{"id":154031,"date":"2025-12-18T17:10:53","date_gmt":"2025-12-18T14:10:53","guid":{"rendered":"https:\/\/baldumarket.lt\/product\/beta-szafa-2d2s-z-lustrem-dab-mauvella-czarny-mat\/"},"modified":"2026-02-05T10:38:17","modified_gmt":"2026-02-05T07:38:17","slug":"beta-szafa-2d2s-z-lustrem-dab-mauvella-czarny-mat","status":"publish","type":"product","link":"https:\/\/baldumarket.lt\/lt\/product\/beta-szafa-2d2s-z-lustrem-dab-mauvella-czarny-mat\/","title":{"rendered":"Beta \u2013 Drabu\u017ein\u0117 2D2S su veidrod\u017eiu, \u201eMauvella Oak\u201c matin\u0117s juodos spalvos"},"content":{"rendered":"<p>Suteikite savo interjerui unikalumo su \u201eHelvetia\u201c sukurta veidrodine spinta \u201eBeta 2D2S\u201c. Itin madingos matin\u0117s juodos ir nat\u016bralaus \u201eMauvella\u201c \u0105\u017euolo derinys sukuria harmoning\u0105 duet\u0105, suteikiant\u012f erdvei eleganti\u0161ko modernumo. \u0160is baldas traukia d\u0117mes\u012f savo unikaliu dizainu ir \u017eada didel\u012f kasdienio naudojimo komfort\u0105. \u0160i stilinga veidrodin\u0117 spinta praskaidrins j\u016bs\u0173 miegam\u0105j\u012f ir vizualiai j\u012f padidins, o 150 cm plo\u010dio suteikia daug vietos drabu\u017eiams ir smulkiems daiktams laikyti. Veidrodis ne tik palengvina kasdien\u0117s aprangos patikrinim\u0105, bet ir atspindi \u0161vies\u0105, suteikdamas erdvei gylio. Tai pavers kasdien\u0119 rutin\u0105 tikru malonumu. \u201eBeta\u201c spintos prakti\u0161kum\u0105 padidina galimyb\u0117 lengvai j\u0105 surinkti savaranki\u0161kai, tod\u0117l galite j\u0105 pritaikyti pagal savo individualius poreikius ir pageidavimus. Laminuota plok\u0161t\u0117, i\u0161 kurios pagamintas tiek korpusas, tiek priekin\u0117 dalis, garantuoja patvarum\u0105 ir atsparum\u0105 pa\u017eeidimams. Tai puikus sprendimas tiems, kurie ie\u0161ko patvaraus ir gra\u017eaus baldo savo namams.<\/p>","protected":false},"excerpt":{"rendered":"<p>Plotis (cm): 150<br \/>\n\u016agis (cm): 209<br \/>\nGylis (cm): 61<\/p>","protected":false},"featured_media":154032,"comment_status":"open","ping_status":"open","template":"","meta":[],"product_brand":[],"product_cat":[9416,4105,1177],"product_tag":[],"class_list":{"0":"post-154031","1":"product","2":"type-product","3":"status-publish","4":"has-post-thumbnail","6":"product_cat-furniture-system-beta","7":"product_cat-helvetia","8":"product_cat-wardrobes","10":"first","11":"instock","12":"purchasable","13":"product-type-simple"},"_links":{"self":[{"href":"https:\/\/baldumarket.lt\/lt\/wp-json\/wp\/v2\/product\/154031","targetHints":{"allow":["GET"]}}],"collection":[{"href":"https:\/\/baldumarket.lt\/lt\/wp-json\/wp\/v2\/product"}],"about":[{"href":"https:\/\/baldumarket.lt\/lt\/wp-json\/wp\/v2\/types\/product"}],"replies":[{"embeddable":true,"href":"https:\/\/baldumarket.lt\/lt\/wp-json\/wp\/v2\/comments?post=154031"}],"wp:featuredmedia":[{"embeddable":true,"href":"https:\/\/baldumarket.lt\/lt\/wp-json\/wp\/v2\/media\/154032"}],"wp:attachment":[{"href":"https:\/\/baldumarket.lt\/lt\/wp-json\/wp\/v2\/media?parent=154031"}],"wp:term":[{"taxonomy":"product_brand","embeddable":true,"href":"https:\/\/baldumarket.lt\/lt\/wp-json\/wp\/v2\/product_brand?post=154031"},{"taxonomy":"product_cat","embeddable":true,"href":"https:\/\/baldumarket.lt\/lt\/wp-json\/wp\/v2\/product_cat?post=154031"},{"taxonomy":"product_tag","embeddable":true,"href":"https:\/\/baldumarket.lt\/lt\/wp-json\/wp\/v2\/product_tag?post=154031"}],"curies":[{"name":"wp","href":"https:\/\/api.w.org\/{rel}","templated":true}]}}