{"id":154028,"date":"2025-12-18T17:10:48","date_gmt":"2025-12-18T14:10:48","guid":{"rendered":"https:\/\/baldumarket.lt\/product\/beta-szafa-2-dzwiowa-przesuwna-z-lustrami-180-cm-czarny\/"},"modified":"2026-02-05T10:38:26","modified_gmt":"2026-02-05T07:38:26","slug":"beta-szafa-2-dzwiowa-przesuwna-z-lustrami-180-cm-czarny","status":"publish","type":"product","link":"https:\/\/baldumarket.lt\/lt\/product\/beta-szafa-2-dzwiowa-przesuwna-z-lustrami-180-cm-czarny\/","title":{"rendered":"Beta \u2013 2 dur\u0173 stumdoma spinta su veidrod\u017eiais, 180 cm, juoda"},"content":{"rendered":"<p>I\u0161pl\u0117skite savo nam\u0173 \u0161ventov\u0119 su eleganti\u0161ka ir funkcionalia \u201eBeta\u201c \u2013 dviej\u0173 dur\u0173 stumdoma spinta su veidrod\u017eiais, kuri yra ne tik daikt\u0173 laikymo vieta, bet ir unikalus dekoratyvinis elementas bet kuriame interjere. Sukurta atsi\u017evelgiant \u012f \u0161iuolaikinius namus ir tvarkos poreik\u012f, \u0161i 180 cm plo\u010dio \u201eHelvetia\u201c spinta leis jums eleganti\u0161kai sutvarkyti savo erdv\u0119.<\/p>\n<p>Gaminio matmenys puikiai atitinka \u0161iuolaikini\u0173 vartotoj\u0173 poreikius: 210 cm auk\u0161tis garantuoja vietos net ir ilgiems paltams bei suknel\u0117ms, o 61 cm gylis leid\u017eia patogiai laikyti drabu\u017eius ir aksesuarus. Tur\u0117dami gausiai \u012frengt\u0105 vid\u0173 su vienu b\u0117geliu ir penkiomis lentynomis, galite b\u016bti tikri, kad kiekvienas j\u016bs\u0173 spintos daiktas ras savo viet\u0105.<\/p>\n<p>\u0160i juodos spalvos spinta yra unikali savo kategorijoje, suteikianti j\u016bs\u0173 kambariui modernaus dizaino atmosfer\u0105. Jos priekin\u0117 dalis ir korpusas pagaminti i\u0161 laminuotos baldin\u0117s plok\u0161t\u0117s, u\u017etikrinan\u010dios patvarum\u0105 ir atsparum\u0105 kasdieniam naudojimui. Priekin\u0117se dalyse taip pat yra prakti\u0161ki veidrod\u017eiai, kurie ne tik vizualiai padidina erdv\u0119, bet ir leid\u017eia lengvai apsirengti.<\/p>\n<p>D\u0117l stumdom\u0173 dur\u0173 \u201eBeta\u201c pasi\u017eymi ne\u012ftik\u0117tinu erdv\u0117s taupymu net ir ma\u017eesniuose kambariuose, tuo pa\u010diu u\u017etikrindama lengv\u0105 prieig\u0105 prie turinio. Kalbant apie surinkim\u0105, \u0161is baldas skirtas savaranki\u0161kam surinkimui, tod\u0117l galite laisvai nuspr\u0119sti, kada ir kaip norite j\u012f surinkti, o prid\u0117tos instrukcijos palengvins u\u017eduot\u012f.<\/p>\n<p>\u0160is modelis pakels j\u016bs\u0173 namus \u012f nauj\u0105 stiliaus ir funkcionalumo er\u0105, skland\u017eiai integruodamasis \u012f \u012fvairius interjero dizainus \u2013 nuo klasikinio iki ekscentri\u0161kesnio. Investuokite \u012f \u201eBeta\u201c \u2013 dviej\u0173 dur\u0173 stumdom\u0105 spint\u0105 su veidrod\u017eiais ir atraskite tvarkos d\u017eiaugsm\u0105 gra\u017eioje, stilingoje pakuot\u0117je.<\/p>","protected":false},"excerpt":{"rendered":"<p>Plotis (cm): 180<br \/>\n\u016agis (cm): 210<br \/>\nGylis (cm): 61<\/p>","protected":false},"featured_media":154029,"comment_status":"open","ping_status":"open","template":"","meta":[],"product_brand":[],"product_cat":[9416,4105,1177],"product_tag":[],"class_list":{"0":"post-154028","1":"product","2":"type-product","3":"status-publish","4":"has-post-thumbnail","6":"product_cat-furniture-system-beta","7":"product_cat-helvetia","8":"product_cat-wardrobes","10":"first","11":"instock","12":"purchasable","13":"product-type-simple"},"_links":{"self":[{"href":"https:\/\/baldumarket.lt\/lt\/wp-json\/wp\/v2\/product\/154028","targetHints":{"allow":["GET"]}}],"collection":[{"href":"https:\/\/baldumarket.lt\/lt\/wp-json\/wp\/v2\/product"}],"about":[{"href":"https:\/\/baldumarket.lt\/lt\/wp-json\/wp\/v2\/types\/product"}],"replies":[{"embeddable":true,"href":"https:\/\/baldumarket.lt\/lt\/wp-json\/wp\/v2\/comments?post=154028"}],"wp:featuredmedia":[{"embeddable":true,"href":"https:\/\/baldumarket.lt\/lt\/wp-json\/wp\/v2\/media\/154029"}],"wp:attachment":[{"href":"https:\/\/baldumarket.lt\/lt\/wp-json\/wp\/v2\/media?parent=154028"}],"wp:term":[{"taxonomy":"product_brand","embeddable":true,"href":"https:\/\/baldumarket.lt\/lt\/wp-json\/wp\/v2\/product_brand?post=154028"},{"taxonomy":"product_cat","embeddable":true,"href":"https:\/\/baldumarket.lt\/lt\/wp-json\/wp\/v2\/product_cat?post=154028"},{"taxonomy":"product_tag","embeddable":true,"href":"https:\/\/baldumarket.lt\/lt\/wp-json\/wp\/v2\/product_tag?post=154028"}],"curies":[{"name":"wp","href":"https:\/\/api.w.org\/{rel}","templated":true}]}}