{"id":154022,"date":"2025-12-18T17:10:35","date_gmt":"2025-12-18T14:10:35","guid":{"rendered":"https:\/\/baldumarket.lt\/product\/beta-szafa-2-drzwiowa-przesuwna-z-lustrem-221-cm-czarny\/"},"modified":"2026-02-05T10:38:26","modified_gmt":"2026-02-05T07:38:26","slug":"beta-szafa-2-drzwiowa-przesuwna-z-lustrem-221-cm-czarny","status":"publish","type":"product","link":"https:\/\/baldumarket.lt\/lt\/product\/beta-szafa-2-drzwiowa-przesuwna-z-lustrem-221-cm-czarny\/","title":{"rendered":"Beta \u2013 2 dur\u0173 stumdoma spinta su veidrod\u017eiu, 221 cm, juoda"},"content":{"rendered":"<p>Ie\u0161kote erdvios ir stilingos spintos, kuri suteiks j\u016bs\u0173 interjerui elegancijos? \u201eHelvetia\u201c stumdoma spinta \u201eBeta\u201c derina funkcionalum\u0105 ir modern\u0173 dizain\u0105, puikiai tinkanti \u0161iuolaiki\u0161kiems miegamiesiems ir drabu\u017ein\u0117ms. Prek\u0117s pavadinimas: \u201eBeta\u201c 2 dur\u0173 stumdoma spinta su veidrod\u017eiu. Matmenys: plotis: 221 cm, auk\u0161tis: 210 cm, gylis: 61 cm \u2013 \u0161ie \u012fsp\u016bdingi matmenys leis jums susid\u0117ti visus savo drabu\u017eius, aksesuarus ir papildom\u0105 \u012frang\u0105.<\/p>","protected":false},"excerpt":{"rendered":"<p>Plotis (cm): 221<br \/>\n\u016agis (cm): 210<br \/>\nGylis (cm): 61<\/p>","protected":false},"featured_media":154023,"comment_status":"open","ping_status":"open","template":"","meta":[],"product_brand":[],"product_cat":[9416,4105,1177],"product_tag":[],"class_list":{"0":"post-154022","1":"product","2":"type-product","3":"status-publish","4":"has-post-thumbnail","6":"product_cat-furniture-system-beta","7":"product_cat-helvetia","8":"product_cat-wardrobes","10":"first","11":"instock","12":"purchasable","13":"product-type-simple"},"_links":{"self":[{"href":"https:\/\/baldumarket.lt\/lt\/wp-json\/wp\/v2\/product\/154022","targetHints":{"allow":["GET"]}}],"collection":[{"href":"https:\/\/baldumarket.lt\/lt\/wp-json\/wp\/v2\/product"}],"about":[{"href":"https:\/\/baldumarket.lt\/lt\/wp-json\/wp\/v2\/types\/product"}],"replies":[{"embeddable":true,"href":"https:\/\/baldumarket.lt\/lt\/wp-json\/wp\/v2\/comments?post=154022"}],"wp:featuredmedia":[{"embeddable":true,"href":"https:\/\/baldumarket.lt\/lt\/wp-json\/wp\/v2\/media\/154023"}],"wp:attachment":[{"href":"https:\/\/baldumarket.lt\/lt\/wp-json\/wp\/v2\/media?parent=154022"}],"wp:term":[{"taxonomy":"product_brand","embeddable":true,"href":"https:\/\/baldumarket.lt\/lt\/wp-json\/wp\/v2\/product_brand?post=154022"},{"taxonomy":"product_cat","embeddable":true,"href":"https:\/\/baldumarket.lt\/lt\/wp-json\/wp\/v2\/product_cat?post=154022"},{"taxonomy":"product_tag","embeddable":true,"href":"https:\/\/baldumarket.lt\/lt\/wp-json\/wp\/v2\/product_tag?post=154022"}],"curies":[{"name":"wp","href":"https:\/\/api.w.org\/{rel}","templated":true}]}}