{"id":154016,"date":"2025-12-18T17:10:23","date_gmt":"2025-12-18T14:10:23","guid":{"rendered":"https:\/\/baldumarket.lt\/product\/beta-szafa-2-drzwiowa-przesuwna-z-lustrami-150-cm-czarny\/"},"modified":"2026-02-05T10:38:26","modified_gmt":"2026-02-05T07:38:26","slug":"beta-szafa-2-drzwiowa-przesuwna-z-lustrami-150-cm-czarny","status":"publish","type":"product","link":"https:\/\/baldumarket.lt\/lt\/product\/beta-szafa-2-drzwiowa-przesuwna-z-lustrami-150-cm-czarny\/","title":{"rendered":"Beta \u2013 2 dur\u0173 stumdoma spinta su veidrod\u017eiais, 150 cm, juoda"},"content":{"rendered":"<p>Jus su\u017eav\u0117s minimalistinis dizainas ir prakti\u0161kumas \u2013 stumdoma spinta su veidrod\u017eiu \u201eBeta\u201c. \u0160i eleganti\u0161ka, dviej\u0173 dur\u0173 spinta su veidrod\u017eiu \u2013 tobulas stiliaus ir funkcionalumo derinys, puikiai papildantis modern\u0173 interjer\u0105. D\u0117l gausyb\u0117s daikt\u0173 laikymo galimybi\u0173 ji tapo erdv\u0117s organizavimo ir naudojimo paprastumo sinonimu. Sukurta tiems, kurie vertina komfort\u0105 ir nesenstant\u012f nam\u0173 \u012fvaizd\u012f, \u201eBeta\u201c spinta, kurios plotis \u2013 150 cm, auk\u0161tis \u2013 210 cm, o gylis \u2013 61 cm, pagaminta i\u0161 auk\u0161tos kokyb\u0117s laminuotos baldin\u0117s plok\u0161t\u0117s, u\u017etikrinan\u010dios ilgalaik\u012f ir be r\u016bpes\u010di\u0173 naudojim\u0105. Sodri juoda spalva suteikia spintai unikalios elegancijos ir lengvai integruojasi \u012f bet kok\u012f interjer\u0105. Metalinis strypas u\u017etikrina patvarum\u0105 kabinant sunkius spintos daiktus, o penkios lentynos leid\u017eia sistemingai sutvarkyti likusius daiktus. Spintos stumdomos durys su dideliais veidrod\u017eiais ne tik vizualiai padidins erdv\u0119 j\u016bs\u0173 miegamajame ar prie\u0161kambaryje, bet ir taps nepakei\u010diamu j\u016bs\u0173 kasdienyb\u0117s elementu. Viso auk\u0161\u010dio veidrodis leid\u017eia ap\u017ei\u016br\u0117ti savo i\u0161vaizd\u0105 nuo galvos iki koj\u0173 prie\u0161 i\u0161einant i\u0161 nam\u0173 ir yra ne\u012fkainojamas rengiantis.<\/p>","protected":false},"excerpt":{"rendered":"<p>Plotis (cm): 150<br \/>\n\u016agis (cm): 210<br \/>\nGylis (cm): 61<\/p>","protected":false},"featured_media":154017,"comment_status":"open","ping_status":"open","template":"","meta":[],"product_brand":[],"product_cat":[9416,4105,1177],"product_tag":[],"class_list":{"0":"post-154016","1":"product","2":"type-product","3":"status-publish","4":"has-post-thumbnail","6":"product_cat-furniture-system-beta","7":"product_cat-helvetia","8":"product_cat-wardrobes","10":"first","11":"instock","12":"purchasable","13":"product-type-simple"},"_links":{"self":[{"href":"https:\/\/baldumarket.lt\/lt\/wp-json\/wp\/v2\/product\/154016","targetHints":{"allow":["GET"]}}],"collection":[{"href":"https:\/\/baldumarket.lt\/lt\/wp-json\/wp\/v2\/product"}],"about":[{"href":"https:\/\/baldumarket.lt\/lt\/wp-json\/wp\/v2\/types\/product"}],"replies":[{"embeddable":true,"href":"https:\/\/baldumarket.lt\/lt\/wp-json\/wp\/v2\/comments?post=154016"}],"wp:featuredmedia":[{"embeddable":true,"href":"https:\/\/baldumarket.lt\/lt\/wp-json\/wp\/v2\/media\/154017"}],"wp:attachment":[{"href":"https:\/\/baldumarket.lt\/lt\/wp-json\/wp\/v2\/media?parent=154016"}],"wp:term":[{"taxonomy":"product_brand","embeddable":true,"href":"https:\/\/baldumarket.lt\/lt\/wp-json\/wp\/v2\/product_brand?post=154016"},{"taxonomy":"product_cat","embeddable":true,"href":"https:\/\/baldumarket.lt\/lt\/wp-json\/wp\/v2\/product_cat?post=154016"},{"taxonomy":"product_tag","embeddable":true,"href":"https:\/\/baldumarket.lt\/lt\/wp-json\/wp\/v2\/product_tag?post=154016"}],"curies":[{"name":"wp","href":"https:\/\/api.w.org\/{rel}","templated":true}]}}