{"id":154011,"date":"2025-12-18T17:10:11","date_gmt":"2025-12-18T14:10:11","guid":{"rendered":"https:\/\/baldumarket.lt\/product\/beta-szafa-2-drzwiowa-przesuwna-bialy-bialy-polysk-200-cm\/"},"modified":"2026-02-05T10:38:26","modified_gmt":"2026-02-05T07:38:26","slug":"beta-szafa-2-drzwiowa-przesuwna-bialy-bialy-polysk-200-cm","status":"publish","type":"product","link":"https:\/\/baldumarket.lt\/lt\/product\/beta-szafa-2-drzwiowa-przesuwna-bialy-bialy-polysk-200-cm\/","title":{"rendered":"Beta \u2013 2 dur\u0173 stumdoma spinta, balta \/ blizgi balta, 200 cm"},"content":{"rendered":"<p>Ie\u0161kote tobulo stiliaus, funkcionalumo ir auk\u0161tos kokyb\u0117s meistri\u0161kumo derinio? Atraskite moderni\u0105 \u201eBeta\u201c stumdom\u0105 spint\u0105 i\u0161 garsaus \u201eHelvetia\u201c prek\u0117s \u017eenklo, kuri ne tik sutvarkys j\u016bs\u0173 garderob\u0105, bet ir suteiks klas\u0117s bet kuriam kambariui. Nepriekai\u0161tingai sukonstruota ir kruop\u0161\u010diai suprojektuota, \u201eBeta\u201c spinta yra unikalus bet kokio interjero dizaino papildymas. Pagaminta i\u0161 auk\u0161\u010diausios kokyb\u0117s laminuotos bald\u0173 plok\u0161t\u0117s, \u201eBeta\u201c spinta atrodo ne\u012ftik\u0117tinai eleganti\u0161kai d\u0117l savo baltos blizgios apdailos. Jos matmenys \u2013 200 cm plo\u010dio, 210 cm auk\u0161\u010dio ir 61 cm gylio \u2013 si\u016blo erdv\u0173 vid\u0173, kuriame lengvai tilps visi j\u016bs\u0173 drabu\u017eiai \u2013 nuo mar\u0161kini\u0173 iki ilg\u0173 palt\u0173. Dvejos stumdomos durys leid\u017eia patogiai naudoti spint\u0105 net ir ma\u017eiausiose erdv\u0117se, pa\u0161alindamos \u012f i\u0161or\u0119 atsidaran\u010di\u0173 dur\u0173 problem\u0105. Spintos vidin\u0117 organizacija yra optimaliai suprojektuota. Penkios prakti\u0161kos lentynos leid\u017eia sutvarkyti ma\u017eesnius daiktus ir aksesuarus, o vienas tvirtas b\u0117gelis suteikia daug vietos drabu\u017ei\u0173 pakaboms.<\/p>","protected":false},"excerpt":{"rendered":"<p>Plotis (cm): 200<br \/>\n\u016agis (cm): 210<br \/>\nGylis (cm): 61<\/p>","protected":false},"featured_media":154012,"comment_status":"open","ping_status":"open","template":"","meta":[],"product_brand":[],"product_cat":[9416,4105,1177],"product_tag":[],"class_list":{"0":"post-154011","1":"product","2":"type-product","3":"status-publish","4":"has-post-thumbnail","6":"product_cat-furniture-system-beta","7":"product_cat-helvetia","8":"product_cat-wardrobes","10":"first","11":"instock","12":"purchasable","13":"product-type-simple"},"_links":{"self":[{"href":"https:\/\/baldumarket.lt\/lt\/wp-json\/wp\/v2\/product\/154011","targetHints":{"allow":["GET"]}}],"collection":[{"href":"https:\/\/baldumarket.lt\/lt\/wp-json\/wp\/v2\/product"}],"about":[{"href":"https:\/\/baldumarket.lt\/lt\/wp-json\/wp\/v2\/types\/product"}],"replies":[{"embeddable":true,"href":"https:\/\/baldumarket.lt\/lt\/wp-json\/wp\/v2\/comments?post=154011"}],"wp:featuredmedia":[{"embeddable":true,"href":"https:\/\/baldumarket.lt\/lt\/wp-json\/wp\/v2\/media\/154012"}],"wp:attachment":[{"href":"https:\/\/baldumarket.lt\/lt\/wp-json\/wp\/v2\/media?parent=154011"}],"wp:term":[{"taxonomy":"product_brand","embeddable":true,"href":"https:\/\/baldumarket.lt\/lt\/wp-json\/wp\/v2\/product_brand?post=154011"},{"taxonomy":"product_cat","embeddable":true,"href":"https:\/\/baldumarket.lt\/lt\/wp-json\/wp\/v2\/product_cat?post=154011"},{"taxonomy":"product_tag","embeddable":true,"href":"https:\/\/baldumarket.lt\/lt\/wp-json\/wp\/v2\/product_tag?post=154011"}],"curies":[{"name":"wp","href":"https:\/\/api.w.org\/{rel}","templated":true}]}}