{"id":154003,"date":"2025-12-18T17:09:53","date_gmt":"2025-12-18T14:09:53","guid":{"rendered":"https:\/\/baldumarket.lt\/product\/beta-lozko-180-200-cm-z-szufladami-dab-mauvella-czarny-mat\/"},"modified":"2026-02-05T10:38:26","modified_gmt":"2026-02-05T07:38:26","slug":"beta-lozko-180-200-cm-z-szufladami-dab-mauvella-czarny-mat","status":"publish","type":"product","link":"https:\/\/baldumarket.lt\/lt\/product\/beta-lozko-180-200-cm-z-szufladami-dab-mauvella-czarny-mat\/","title":{"rendered":"Beta \u2013 Lova 180\/200 cm su stal\u010diais, \u201eMauvella\u201c \u0105\u017euolo spalvos, matin\u0117s juodos spalvos"},"content":{"rendered":"<p>Atraskite eleganti\u0161k\u0105 ir moderni\u0105 estetik\u0105 su \u201eHelvetia\u201c \u201eBeta 180\/200 cm\u201c lova, kuri jus prad\u017eiugins unikaliu dizainu. \u201eMauvella\u201c \u0105\u017euolas, derantis su matine juoda spalva, sukuria stiling\u0105 erdv\u0119, puikiai tinkan\u010di\u0105 bet kokiam interjerui, paversdamas miegam\u0105j\u012f atsipalaidavimo ir ramyb\u0117s vieta. \u0160i lova \u2013 ne tik vieta miegoti \u2013 tai ramyb\u0117s centras j\u016bs\u0173 nam\u0173 \u0161irdyje. Pasirink\u0119 m\u016bs\u0173 lov\u0105, \u012fgysite ne tik rafinuot\u0105 i\u0161vaizd\u0105, bet ir funkcionalum\u0105, sukurt\u0105 atsi\u017evelgiant \u012f kasdien\u012f naudojim\u0105. \u012emontuoti stal\u010diai si\u016blo puik\u0173 sprendim\u0105 daikt\u0173 laikymui \u2013 nuo patalyn\u0117s iki asmenini\u0173 daikt\u0173. Tai u\u017etikrins, kad j\u016bs\u0173 miegamasis visada b\u016bt\u0173 tvarkingas ir tvarkingas, o tai ypa\u010d \u012fvertins gyvenantys ma\u017eesn\u0117se erdv\u0117se. \u201eBeta\u201c lova papildys bet kok\u012f interjer\u0105, nesvarbu, ar jums labiau patinka modernus minimalizmas, ar klasikinis stilius su modernumo prieskoniu. Universali spalv\u0173 gama leis lengvai priderinti lov\u0105 prie esamo interjero, pabr\u0117\u017eiant estetin\u0119 j\u016bs\u0173 miegamojo vert\u0119. Med\u017eiaga, pagaminta i\u0161 auk\u0161tos kokyb\u0117s laminuotos plok\u0161t\u0117s, u\u017etikrina ilgaam\u017ei\u0161kum\u0105.<\/p>","protected":false},"excerpt":{"rendered":"<p>Plotis (cm): 186<br \/>\n\u016agis (cm): 90<br \/>\nGylis (cm): 205<\/p>","protected":false},"featured_media":154004,"comment_status":"open","ping_status":"open","template":"","meta":[],"product_brand":[],"product_cat":[9416,505,4105],"product_tag":[],"class_list":{"0":"post-154003","1":"product","2":"type-product","3":"status-publish","4":"has-post-thumbnail","6":"product_cat-furniture-system-beta","7":"product_cat-bedroom-beds","8":"product_cat-helvetia","10":"first","11":"instock","12":"purchasable","13":"product-type-simple"},"_links":{"self":[{"href":"https:\/\/baldumarket.lt\/lt\/wp-json\/wp\/v2\/product\/154003","targetHints":{"allow":["GET"]}}],"collection":[{"href":"https:\/\/baldumarket.lt\/lt\/wp-json\/wp\/v2\/product"}],"about":[{"href":"https:\/\/baldumarket.lt\/lt\/wp-json\/wp\/v2\/types\/product"}],"replies":[{"embeddable":true,"href":"https:\/\/baldumarket.lt\/lt\/wp-json\/wp\/v2\/comments?post=154003"}],"wp:featuredmedia":[{"embeddable":true,"href":"https:\/\/baldumarket.lt\/lt\/wp-json\/wp\/v2\/media\/154004"}],"wp:attachment":[{"href":"https:\/\/baldumarket.lt\/lt\/wp-json\/wp\/v2\/media?parent=154003"}],"wp:term":[{"taxonomy":"product_brand","embeddable":true,"href":"https:\/\/baldumarket.lt\/lt\/wp-json\/wp\/v2\/product_brand?post=154003"},{"taxonomy":"product_cat","embeddable":true,"href":"https:\/\/baldumarket.lt\/lt\/wp-json\/wp\/v2\/product_cat?post=154003"},{"taxonomy":"product_tag","embeddable":true,"href":"https:\/\/baldumarket.lt\/lt\/wp-json\/wp\/v2\/product_tag?post=154003"}],"curies":[{"name":"wp","href":"https:\/\/api.w.org\/{rel}","templated":true}]}}