{"id":153995,"date":"2025-12-18T17:09:36","date_gmt":"2025-12-18T14:09:36","guid":{"rendered":"https:\/\/baldumarket.lt\/product\/beta-lozko-160-200-cm-z-szufladami-dab-mauvella-czarny-mat\/"},"modified":"2026-02-05T10:38:26","modified_gmt":"2026-02-05T07:38:26","slug":"beta-lozko-160-200-cm-z-szufladami-dab-mauvella-czarny-mat","status":"publish","type":"product","link":"https:\/\/baldumarket.lt\/lt\/product\/beta-lozko-160-200-cm-z-szufladami-dab-mauvella-czarny-mat\/","title":{"rendered":"Beta \u2013 Lova 160\/200 cm su stal\u010diais, \u201eMauvella\u201c \u0105\u017euolo spalvos, matin\u0117s juodos spalvos"},"content":{"rendered":"<p>Atraskite nauj\u0105 komforto dimensij\u0105 su eleganti\u0161ka \u201eHelvetia\u201c \u201eBeta\u201c lova, kurioje dera modernus dizainas ir prakti\u0161kos savyb\u0117s. Pagaminta su i\u0161skirtiniu tikslumu, \u0161i lova taps tikra j\u016bs\u0173 miegamojo puo\u0161mena. Matin\u0117s juodos spalvos \u201eMauvella\u201c \u0105\u017euolas \u012fk\u016bnija prabang\u0105 ir rafinuotum\u0105, tod\u0117l puikiai dera prie bet kokio interjero dizaino. \u201eBeta\u201c lova ne tik \u017eavi savo i\u0161vaizda, bet ir si\u016blo optimal\u0173 funkcionalum\u0105 d\u0117l prakti\u0161k\u0173 stal\u010di\u0173, pasl\u0117pt\u0173 po r\u0117mu, suteikian\u010di\u0173 papildomos vietos daiktams susid\u0117ti. Tai puikus sprendimas tiems, kurie vertina tvark\u0105 ir erdv\u0119 savo keturiose sienose. Sutvarkykite savo patalyn\u0119, pagalves ir kitus tekstil\u0117s gaminius taip, kad jie b\u016bt\u0173 esteti\u0161ki ir patog\u016bs. Nepaisant \u012fsp\u016bdingos i\u0161vaizdos, \u201eBeta\u201c lov\u0105 ne\u012ftik\u0117tinai lengva surinkti, tod\u0117l galite greitai m\u0117gautis jos \u017eavesiu be profesionalios pagalbos. Tvirta konstrukcija, pagaminta i\u0161 laminuotos plok\u0161t\u0117s, u\u017etikrina patvarum\u0105 ir atsparum\u0105 kasdieniam naudojimui. Tai investicija, kuri garantuos jums ilgus metus komforto ir rami\u0173 nakt\u0173.<\/p>","protected":false},"excerpt":{"rendered":"<p>Plotis (cm): 166<br \/>\n\u016agis (cm): 90<br \/>\nGylis (cm): 205<\/p>","protected":false},"featured_media":153996,"comment_status":"open","ping_status":"open","template":"","meta":[],"product_brand":[],"product_cat":[9416,505,4105],"product_tag":[],"class_list":{"0":"post-153995","1":"product","2":"type-product","3":"status-publish","4":"has-post-thumbnail","6":"product_cat-furniture-system-beta","7":"product_cat-bedroom-beds","8":"product_cat-helvetia","10":"first","11":"instock","12":"purchasable","13":"product-type-simple"},"_links":{"self":[{"href":"https:\/\/baldumarket.lt\/lt\/wp-json\/wp\/v2\/product\/153995","targetHints":{"allow":["GET"]}}],"collection":[{"href":"https:\/\/baldumarket.lt\/lt\/wp-json\/wp\/v2\/product"}],"about":[{"href":"https:\/\/baldumarket.lt\/lt\/wp-json\/wp\/v2\/types\/product"}],"replies":[{"embeddable":true,"href":"https:\/\/baldumarket.lt\/lt\/wp-json\/wp\/v2\/comments?post=153995"}],"wp:featuredmedia":[{"embeddable":true,"href":"https:\/\/baldumarket.lt\/lt\/wp-json\/wp\/v2\/media\/153996"}],"wp:attachment":[{"href":"https:\/\/baldumarket.lt\/lt\/wp-json\/wp\/v2\/media?parent=153995"}],"wp:term":[{"taxonomy":"product_brand","embeddable":true,"href":"https:\/\/baldumarket.lt\/lt\/wp-json\/wp\/v2\/product_brand?post=153995"},{"taxonomy":"product_cat","embeddable":true,"href":"https:\/\/baldumarket.lt\/lt\/wp-json\/wp\/v2\/product_cat?post=153995"},{"taxonomy":"product_tag","embeddable":true,"href":"https:\/\/baldumarket.lt\/lt\/wp-json\/wp\/v2\/product_tag?post=153995"}],"curies":[{"name":"wp","href":"https:\/\/api.w.org\/{rel}","templated":true}]}}