{"id":153988,"date":"2025-12-18T17:09:21","date_gmt":"2025-12-18T14:09:21","guid":{"rendered":"https:\/\/baldumarket.lt\/product\/beta-komoda-4-szuflady-dab-mauvella-czarny-mat\/"},"modified":"2026-02-05T10:38:26","modified_gmt":"2026-02-05T07:38:26","slug":"beta-komoda-4-szuflady-dab-mauvella-czarny-mat","status":"publish","type":"product","link":"https:\/\/baldumarket.lt\/lt\/product\/beta-komoda-4-szuflady-dab-mauvella-czarny-mat\/","title":{"rendered":"Beta \u2013 komoda su 4 stal\u010diais, Mauvella \u0105\u017euolo spalvos, matin\u0117 juoda"},"content":{"rendered":"<p>Atraskite eleganti\u0161k\u0105, \u017eaving\u0105, \u017einomo \u201eHelvetia\u201c prek\u0117s \u017eenklo komod\u0105 \u201eBeta\u201c, kurios dizainas suteikia bet kokiam interjerui modernumo. Kontrastingo \u201eMauvella\u201c \u0105\u017euolo ir matin\u0117s juodos spalvos derinio d\u0117ka, \u0161i komoda yra puikus sprendimas minimalistinio, ta\u010diau stilingo interjero m\u0117g\u0117jams. Subtil\u016bs medienos atspalviai pabr\u0117\u017eia nat\u016bralius, \u0161iltus atspalvius, kurie harmoningai \u012fsilies \u012f bet kok\u012f interjer\u0105 ir sukurs jauki\u0105 atmosfer\u0105. Tur\u0117dama keturis erdvius stal\u010dius, \u201eBeta\u201c si\u016blo ne tik estetin\u012f patrauklum\u0105, bet ir funkcionalum\u0105, kurio jums reikia kasdieniame gyvenime. Idealaus gylio ir plo\u010dio stal\u010diai leid\u017eia prakti\u0161kai sutvarkyti \u012fvairius daiktus \u2013 nuo drabu\u017ei\u0173 iki smulki\u0173 daikt\u0173, kuriuos visada norite tur\u0117ti po ranka. Lengva prieiga prie turinio daro \u0161\u012f bald\u0105 ne\u012fkainojam\u0105 bet kuriame kambaryje. Ne\u012ftik\u0117tina spalv\u0173 harmonija, kuri\u0105 pabr\u0117\u017eia subtili matin\u0117 fasad\u0173 apdaila, ne tik pagerina i\u0161d\u0117stymo estetik\u0105, bet ir leid\u017eia lengvai derinti prie kit\u0173 dekoro element\u0173. Unikalus med\u017eiag\u0173 derinys daro \u201eBeta\u201c komod\u0105 patvari\u0105 ir lengvai pri\u017ei\u016brim\u0105, tod\u0117l ji dar labiau patrauklesn\u0117 dinami\u0161kam \u0161eimos gyvenimui.<\/p>","protected":false},"excerpt":{"rendered":"<p>Plotis (cm): 91<br \/>\n\u016agis (cm): 92<br \/>\nGylis (cm): 40<\/p>","protected":false},"featured_media":153989,"comment_status":"open","ping_status":"open","template":"","meta":[],"product_brand":[],"product_cat":[9416,1173,4105],"product_tag":[],"class_list":{"0":"post-153988","1":"product","2":"type-product","3":"status-publish","4":"has-post-thumbnail","6":"product_cat-furniture-system-beta","7":"product_cat-chests-of-drawers","8":"product_cat-helvetia","10":"first","11":"instock","12":"purchasable","13":"product-type-simple"},"_links":{"self":[{"href":"https:\/\/baldumarket.lt\/lt\/wp-json\/wp\/v2\/product\/153988","targetHints":{"allow":["GET"]}}],"collection":[{"href":"https:\/\/baldumarket.lt\/lt\/wp-json\/wp\/v2\/product"}],"about":[{"href":"https:\/\/baldumarket.lt\/lt\/wp-json\/wp\/v2\/types\/product"}],"replies":[{"embeddable":true,"href":"https:\/\/baldumarket.lt\/lt\/wp-json\/wp\/v2\/comments?post=153988"}],"wp:featuredmedia":[{"embeddable":true,"href":"https:\/\/baldumarket.lt\/lt\/wp-json\/wp\/v2\/media\/153989"}],"wp:attachment":[{"href":"https:\/\/baldumarket.lt\/lt\/wp-json\/wp\/v2\/media?parent=153988"}],"wp:term":[{"taxonomy":"product_brand","embeddable":true,"href":"https:\/\/baldumarket.lt\/lt\/wp-json\/wp\/v2\/product_brand?post=153988"},{"taxonomy":"product_cat","embeddable":true,"href":"https:\/\/baldumarket.lt\/lt\/wp-json\/wp\/v2\/product_cat?post=153988"},{"taxonomy":"product_tag","embeddable":true,"href":"https:\/\/baldumarket.lt\/lt\/wp-json\/wp\/v2\/product_tag?post=153988"}],"curies":[{"name":"wp","href":"https:\/\/api.w.org\/{rel}","templated":true}]}}