{"id":153982,"date":"2025-12-18T17:09:08","date_gmt":"2025-12-18T14:09:08","guid":{"rendered":"https:\/\/baldumarket.lt\/product\/beta-szafa-2-drzwi-przesuwnych-z-lustrem-2s-dab-mauvella\/"},"modified":"2026-02-05T10:38:26","modified_gmt":"2026-02-05T07:38:26","slug":"beta-szafa-2-drzwi-przesuwnych-z-lustrem-2s-dab-mauvella","status":"publish","type":"product","link":"https:\/\/baldumarket.lt\/lt\/product\/beta-szafa-2-drzwi-przesuwnych-z-lustrem-2s-dab-mauvella\/","title":{"rendered":"Beta &#8211; Spinta su 2 stumdomomis durimis ir veidrod\u017eiu 2S, \u0105\u017euolo spalvos, Mauvella"},"content":{"rendered":"<p>Atraskite elegancij\u0105 ir funkcionalum\u0105, kur\u012f j\u016bs\u0173 interjerui suteiks \u201eBeta\u201c spinta \u2013 2 dur\u0173 stumdoma spinta su veidrod\u017eiu 2S, pagaminta i\u0161 \u201eMauvella Oak\u201c. 180 cm plo\u010dio spintoje lengvai tilps visi drabu\u017eiai, batai ir aksesuarai vienoje vietoje, taip gerokai supaprastinant erdv\u0117s organizavim\u0105. Sukurta galvojant apie modern\u0173 interjer\u0105, \u0161i spinta derina estetik\u0105 ir prakti\u0161kum\u0105, kad patenkint\u0173 j\u016bs\u0173 kasdienius poreikius. Veidrodis spintos priekyje yra ne tik stiliaus elementas, bet ir prakti\u0161kas priedas. Kasdieniai ruo\u0161imo darbai tapo daug lengvesni, nes renkantis aprang\u0105 galima \u017ei\u016br\u0117ti \u012f veidrod\u012f. Be to, veidrodis vizualiai padidina kambar\u012f, tod\u0117l miegamasis ar prie\u0161kambaris atrodo erdvesnis ir \u0161viesesnis. D\u0117l stumdom\u0173 dur\u0173 \u201eBeta\u201c spinta taupo verting\u0105 erdv\u0119, o tai itin svarbu ma\u017eesniuose kambariuose. Jos funkcionalumu galite m\u0117gautis net siauruose koridoriuose ar miegamuosiuose. Surinkimas yra paprastas ir intuityvus, tod\u0117l galite greitai integruoti j\u0105 \u012f savo interjer\u0105 ir suteikti modernaus charakterio.<\/p>","protected":false},"excerpt":{"rendered":"<p>Plotis (cm): 180<br \/>\n\u016agis (cm): 209<br \/>\nGylis (cm): 61<\/p>","protected":false},"featured_media":153983,"comment_status":"open","ping_status":"open","template":"","meta":[],"product_brand":[],"product_cat":[9416,4105,1177],"product_tag":[],"class_list":{"0":"post-153982","1":"product","2":"type-product","3":"status-publish","4":"has-post-thumbnail","6":"product_cat-furniture-system-beta","7":"product_cat-helvetia","8":"product_cat-wardrobes","10":"first","11":"instock","12":"purchasable","13":"product-type-simple"},"_links":{"self":[{"href":"https:\/\/baldumarket.lt\/lt\/wp-json\/wp\/v2\/product\/153982","targetHints":{"allow":["GET"]}}],"collection":[{"href":"https:\/\/baldumarket.lt\/lt\/wp-json\/wp\/v2\/product"}],"about":[{"href":"https:\/\/baldumarket.lt\/lt\/wp-json\/wp\/v2\/types\/product"}],"replies":[{"embeddable":true,"href":"https:\/\/baldumarket.lt\/lt\/wp-json\/wp\/v2\/comments?post=153982"}],"wp:featuredmedia":[{"embeddable":true,"href":"https:\/\/baldumarket.lt\/lt\/wp-json\/wp\/v2\/media\/153983"}],"wp:attachment":[{"href":"https:\/\/baldumarket.lt\/lt\/wp-json\/wp\/v2\/media?parent=153982"}],"wp:term":[{"taxonomy":"product_brand","embeddable":true,"href":"https:\/\/baldumarket.lt\/lt\/wp-json\/wp\/v2\/product_brand?post=153982"},{"taxonomy":"product_cat","embeddable":true,"href":"https:\/\/baldumarket.lt\/lt\/wp-json\/wp\/v2\/product_cat?post=153982"},{"taxonomy":"product_tag","embeddable":true,"href":"https:\/\/baldumarket.lt\/lt\/wp-json\/wp\/v2\/product_tag?post=153982"}],"curies":[{"name":"wp","href":"https:\/\/api.w.org\/{rel}","templated":true}]}}