{"id":153974,"date":"2025-12-18T17:08:51","date_gmt":"2025-12-18T14:08:51","guid":{"rendered":"https:\/\/baldumarket.lt\/product\/bello-wysoka-komoda-2d1s-congo\/"},"modified":"2026-02-05T10:35:31","modified_gmt":"2026-02-05T07:35:31","slug":"bello-wysoka-komoda-2d1s-congo","status":"publish","type":"product","link":"https:\/\/baldumarket.lt\/lt\/product\/bello-wysoka-komoda-2d1s-congo\/","title":{"rendered":"Bello &#8211; Auk\u0161ta komoda su stal\u010diais 2D1S Congo"},"content":{"rendered":"<p>Su m\u016bs\u0173 auk\u0161ta \u201eBello 2D1S\u201c Kongo spalvos komoda suteikite savo interjerui elegancijos ir modernumo. Rafinuotas dizainas derina subtilum\u0105 ir funkcionalum\u0105, tod\u0117l puikiai tinka \u012fvairiems interjerams \u2013 nuo klasikinio iki modernesnio. D\u0117l harmoning\u0173 atspalvi\u0173 \u0161i komoda gali tapti tikru j\u016bs\u0173 svetain\u0117s, miegamojo ar prie\u0161kambario akcentu. \u201eBello\u201c komodos estetika ir stilius pasi\u017eymi unikalia korpuso spalva ir Kongo spalvos fasadais, kurie erdvei suteikia \u0161ilumos. Deran\u010dios matin\u0117s juodos kojel\u0117s ir eleganti\u0161ka laminuotos plok\u0161t\u0117s tekst\u016bra suteikia baldui modernumo, kartu u\u017etikrindamos didel\u012f patvarum\u0105 ir atsparum\u0105 pa\u017eeidimams. Be to, minimalistin\u0117s, ta\u010diau funkcionalios \u201ePush-to-Open\u201c ranken\u0117l\u0117s pabr\u0117\u017eia modern\u0173 \u0161ios komodos charakter\u012f. Ta\u010diau \u201eBello\u201c komoda yra ne tik gra\u017ei, bet ir labai funkcionali. Erdvios spintel\u0117s ir lentynos, kuriose lengvai tilps visi j\u016bs\u0173 reikalingi daiktai, ne tik suteiks vietos daiktams susid\u0117ti, bet ir suteiks galimyb\u0119 organizuoti savo erdv\u0119. D\u0117l gerai apgalvoto apatini\u0173 b\u0117geli\u0173 dizaino spinteli\u0173 atidarymas ir u\u017edarymas tampa itin lengvas, o tai \u017eymiai padidina kasdienio naudojimo patogum\u0105.<\/p>","protected":false},"excerpt":{"rendered":"<p>Plotis (cm): 98<br \/>\n\u016agis (cm): 123<br \/>\nGylis (cm): 40<\/p>","protected":false},"featured_media":153975,"comment_status":"open","ping_status":"open","template":"","meta":[],"product_brand":[],"product_cat":[9415,1173,4105],"product_tag":[],"class_list":{"0":"post-153974","1":"product","2":"type-product","3":"status-publish","4":"has-post-thumbnail","6":"product_cat-furniture-system-bello","7":"product_cat-chests-of-drawers","8":"product_cat-helvetia","10":"first","11":"instock","12":"purchasable","13":"product-type-simple"},"_links":{"self":[{"href":"https:\/\/baldumarket.lt\/lt\/wp-json\/wp\/v2\/product\/153974","targetHints":{"allow":["GET"]}}],"collection":[{"href":"https:\/\/baldumarket.lt\/lt\/wp-json\/wp\/v2\/product"}],"about":[{"href":"https:\/\/baldumarket.lt\/lt\/wp-json\/wp\/v2\/types\/product"}],"replies":[{"embeddable":true,"href":"https:\/\/baldumarket.lt\/lt\/wp-json\/wp\/v2\/comments?post=153974"}],"wp:featuredmedia":[{"embeddable":true,"href":"https:\/\/baldumarket.lt\/lt\/wp-json\/wp\/v2\/media\/153975"}],"wp:attachment":[{"href":"https:\/\/baldumarket.lt\/lt\/wp-json\/wp\/v2\/media?parent=153974"}],"wp:term":[{"taxonomy":"product_brand","embeddable":true,"href":"https:\/\/baldumarket.lt\/lt\/wp-json\/wp\/v2\/product_brand?post=153974"},{"taxonomy":"product_cat","embeddable":true,"href":"https:\/\/baldumarket.lt\/lt\/wp-json\/wp\/v2\/product_cat?post=153974"},{"taxonomy":"product_tag","embeddable":true,"href":"https:\/\/baldumarket.lt\/lt\/wp-json\/wp\/v2\/product_tag?post=153974"}],"curies":[{"name":"wp","href":"https:\/\/api.w.org\/{rel}","templated":true}]}}