{"id":153966,"date":"2025-12-18T17:08:35","date_gmt":"2025-12-18T14:08:35","guid":{"rendered":"https:\/\/baldumarket.lt\/product\/bello-komoda-rtv-2-drzwiowa-congo\/"},"modified":"2026-04-12T09:29:15","modified_gmt":"2026-04-12T06:29:15","slug":"bello-komoda-rtv-2-drzwiowa-congo","status":"publish","type":"product","link":"https:\/\/baldumarket.lt\/lt\/product\/bello-komoda-rtv-2-drzwiowa-congo\/","title":{"rendered":"Bello &#8211; Congo dviej\u0173 dur\u0173 televizoriaus spintel\u0117"},"content":{"rendered":"<p>Atraskite modernaus dizaino magij\u0105 su \u201eHelvetia\u201c dviej\u0173 dur\u0173 \u201eCongo\u201c televizoriaus spintele, kuri puikiai papildys bet kok\u012f interjer\u0105. Eleganti\u0161ka forma ir prislopinta \u201eCongo\u201c korpuso bei fasad\u0173 spalva paver\u010dia \u0161i\u0105 spintel\u0119 nesenstan\u010diu baldu. Ji ne tik puikiai atrodo, bet ir suteikia bet kokiam interjerui rafinuotumo bei stiliaus, pabr\u0117\u017edama unikal\u0173 jo charakter\u012f. \u0160i televizoriaus spintel\u0117 ne tik puikiai atrodo svetain\u0117je, bet ir atitinka \u012fvairius funkcinius poreikius. D\u0117l erdvi\u0173 spinteli\u0173 ir lentyn\u0173 joje yra daug vietos televizoriaus \u012frangai ir m\u0117gstamiausiems aksesuarams. Kiekvienas elementas buvo kruop\u0161\u010diai apgalvotas, siekiant u\u017etikrinti maksimal\u0173 naudojimo komfort\u0105, o j\u0173 i\u0161d\u0117stymas leid\u017eia lengvai organizuoti erdv\u0119. Stilingos matin\u0117s juodos metalin\u0117s kojel\u0117s suteikia lengvumo ir modernumo. Med\u017eiag\u0173, toki\u0173 kaip laminuota plok\u0161t\u0117 ir MDF, derinys u\u017etikrina patvarum\u0105 ir estetik\u0105, o spintel\u0119 lengva valyti. \u201eHelvetia\u201c baldai sukurti atsi\u017evelgiant \u012f praktinius sprendimus, palengvinan\u010dius kasdien\u012f gyvenim\u0105.<\/p>","protected":false},"excerpt":{"rendered":"<p>Plotis (cm): 163<br \/>\n\u016agis (cm): 65<br \/>\nGylis (cm): 40<\/p>","protected":false},"featured_media":153967,"comment_status":"open","ping_status":"open","template":"","meta":[],"product_brand":[],"product_cat":[9415,4105,1175],"product_tag":[],"class_list":{"0":"post-153966","1":"product","2":"type-product","3":"status-publish","4":"has-post-thumbnail","6":"product_cat-furniture-system-bello","7":"product_cat-helvetia","8":"product_cat-tv-stands","10":"first","11":"instock","12":"purchasable","13":"product-type-simple"},"_links":{"self":[{"href":"https:\/\/baldumarket.lt\/lt\/wp-json\/wp\/v2\/product\/153966","targetHints":{"allow":["GET"]}}],"collection":[{"href":"https:\/\/baldumarket.lt\/lt\/wp-json\/wp\/v2\/product"}],"about":[{"href":"https:\/\/baldumarket.lt\/lt\/wp-json\/wp\/v2\/types\/product"}],"replies":[{"embeddable":true,"href":"https:\/\/baldumarket.lt\/lt\/wp-json\/wp\/v2\/comments?post=153966"}],"wp:featuredmedia":[{"embeddable":true,"href":"https:\/\/baldumarket.lt\/lt\/wp-json\/wp\/v2\/media\/153967"}],"wp:attachment":[{"href":"https:\/\/baldumarket.lt\/lt\/wp-json\/wp\/v2\/media?parent=153966"}],"wp:term":[{"taxonomy":"product_brand","embeddable":true,"href":"https:\/\/baldumarket.lt\/lt\/wp-json\/wp\/v2\/product_brand?post=153966"},{"taxonomy":"product_cat","embeddable":true,"href":"https:\/\/baldumarket.lt\/lt\/wp-json\/wp\/v2\/product_cat?post=153966"},{"taxonomy":"product_tag","embeddable":true,"href":"https:\/\/baldumarket.lt\/lt\/wp-json\/wp\/v2\/product_tag?post=153966"}],"curies":[{"name":"wp","href":"https:\/\/api.w.org\/{rel}","templated":true}]}}