{"id":153958,"date":"2025-12-18T17:08:18","date_gmt":"2025-12-18T14:08:18","guid":{"rendered":"https:\/\/baldumarket.lt\/product\/bello-komoda-2d3s-congo\/"},"modified":"2026-02-05T10:35:31","modified_gmt":"2026-02-05T07:35:31","slug":"bello-komoda-2d3s-congo","status":"publish","type":"product","link":"https:\/\/baldumarket.lt\/lt\/product\/bello-komoda-2d3s-congo\/","title":{"rendered":"Bello \u2013 Komoda 2D3S Kongo"},"content":{"rendered":"<p>Atraskite modernaus dizaino magij\u0105 su \u201eBello 2D3S Congo\u201c komoda \u2013 tobulu stiliaus ir funkcionalumo deriniu. Eleganti\u0161kas jos siluetas, 163 cm plo\u010dio ir 94 cm auk\u0161\u010dio, puikiai tinka bet kokiam interjerui \u2013 nuo svetain\u0117s iki miegamojo. Tamsi, matin\u0117 Kongo spalva sustiprina modern\u0173 estetik\u0105, o juodos metalin\u0117s kojel\u0117s suteikia unikal\u0173 charakter\u012f. \u201eBello\u201c komoda yra ne tik gra\u017ei, bet ir prakti\u0161ka. Trys erdv\u016bs stal\u010diai ir dvi erdvios durel\u0117mis suteikia daug vietos m\u0117gstamiausiems daiktams laikyti. Patogi atidarymo stumiant sistema leid\u017eia nepaprastai lengvai patekti \u012f vid\u0173, tod\u0117l kasdienis naudojimas tampa dar patogesnis. D\u0117l auk\u0161tos kokyb\u0117s med\u017eiag\u0173, toki\u0173 kaip laminuota plok\u0161t\u0117 ir MDF, komoda yra ne tik patraukli, bet ir patvari bei atspari kasdieniam naudojimui. Prakti\u0161ki matmenys (40 cm gylis) leid\u017eia j\u0105 puikiai pritaikyti net ir ma\u017eesn\u0117se patalpose, tuo pa\u010diu suteikiant tiek vietos daiktams susid\u0117ti, kiek mums taip da\u017enai reikia.<\/p>","protected":false},"excerpt":{"rendered":"<p>Plotis (cm): 163<br \/>\n\u016agis (cm): 94<br \/>\nGylis (cm): 40<\/p>","protected":false},"featured_media":153959,"comment_status":"open","ping_status":"open","template":"","meta":[],"product_brand":[],"product_cat":[9415,1173,4105],"product_tag":[],"class_list":{"0":"post-153958","1":"product","2":"type-product","3":"status-publish","4":"has-post-thumbnail","6":"product_cat-furniture-system-bello","7":"product_cat-chests-of-drawers","8":"product_cat-helvetia","10":"first","11":"instock","12":"purchasable","13":"product-type-simple"},"_links":{"self":[{"href":"https:\/\/baldumarket.lt\/lt\/wp-json\/wp\/v2\/product\/153958","targetHints":{"allow":["GET"]}}],"collection":[{"href":"https:\/\/baldumarket.lt\/lt\/wp-json\/wp\/v2\/product"}],"about":[{"href":"https:\/\/baldumarket.lt\/lt\/wp-json\/wp\/v2\/types\/product"}],"replies":[{"embeddable":true,"href":"https:\/\/baldumarket.lt\/lt\/wp-json\/wp\/v2\/comments?post=153958"}],"wp:featuredmedia":[{"embeddable":true,"href":"https:\/\/baldumarket.lt\/lt\/wp-json\/wp\/v2\/media\/153959"}],"wp:attachment":[{"href":"https:\/\/baldumarket.lt\/lt\/wp-json\/wp\/v2\/media?parent=153958"}],"wp:term":[{"taxonomy":"product_brand","embeddable":true,"href":"https:\/\/baldumarket.lt\/lt\/wp-json\/wp\/v2\/product_brand?post=153958"},{"taxonomy":"product_cat","embeddable":true,"href":"https:\/\/baldumarket.lt\/lt\/wp-json\/wp\/v2\/product_cat?post=153958"},{"taxonomy":"product_tag","embeddable":true,"href":"https:\/\/baldumarket.lt\/lt\/wp-json\/wp\/v2\/product_tag?post=153958"}],"curies":[{"name":"wp","href":"https:\/\/api.w.org\/{rel}","templated":true}]}}