{"id":153952,"date":"2025-12-18T17:08:05","date_gmt":"2025-12-18T14:08:05","guid":{"rendered":"https:\/\/baldumarket.lt\/product\/baros-szafka-rtv-3-drzwiowa-san-remo-jasne\/"},"modified":"2026-02-05T09:12:21","modified_gmt":"2026-02-05T06:12:21","slug":"baros-szafka-rtv-3-drzwiowa-san-remo-jasne","status":"publish","type":"product","link":"https:\/\/baldumarket.lt\/lt\/product\/baros-szafka-rtv-3-drzwiowa-san-remo-jasne\/","title":{"rendered":"Baros trij\u0173 dur\u0173 TV spintel\u0117 San Remo Light"},"content":{"rendered":"<p>Pristatome unikal\u0173 interjero dizaino element\u0105, kuris suteiks bet kuriam svetainei presti\u017ein\u012f akcent\u0105 \u2013 garsaus gamintojo \u201eHelvetia\u201c sukurt\u0105 trij\u0173 dur\u0173 \u201eBaros\u201c televizoriaus spintel\u0119 \u0161viesaus San Remo spalvos. \u0160i moderni \u201eBaros\u201c kolekcijos televizoriaus spintel\u0117 sukurta ypating\u0105 d\u0117mes\u012f skiriant detal\u0117ms ir u\u017etikrinant paprast\u0105 naudojim\u0105. I\u0161skirtiniai juodi r\u0117mai suteikia elegancijos, tod\u0117l \u201eBaros\u201c spintel\u0117 puikiai tinka ie\u0161kantiems charaktering\u0173 bald\u0173. Apgalvoti spalv\u0173 kontrastai paver\u010dia \u0161\u012f bald\u0105 bet kurio kambario d\u0117mesio centru. I\u0161skirtin\u012f spintel\u0117s funkcionalum\u0105 pabr\u0117\u017eia gerai apgalvotas dizainas, apimantis tris erdvias lentynas ir \u0161e\u0161ias prakti\u0161kas ni\u0161as, leid\u017eian\u010dias efektyviai organizuoti erdv\u0119. Be to, 270 cm plotis u\u017etikrina patog\u0173 didesni\u0173 televizori\u0173 i\u0161d\u0117stym\u0105, o 41 cm gylis u\u017etikrina, kad spintel\u0117 neu\u017ego\u0161 kambario.<\/p>","protected":false},"excerpt":{"rendered":"<p>Plotis (cm): 270<br \/>\n\u016agis (cm): 40<br \/>\nGylis (cm): 41<\/p>","protected":false},"featured_media":153953,"comment_status":"open","ping_status":"open","template":"","meta":[],"product_brand":[],"product_cat":[9399,4105,1175],"product_tag":[],"class_list":{"0":"post-153952","1":"product","2":"type-product","3":"status-publish","4":"has-post-thumbnail","6":"product_cat-furniture-system-baros","7":"product_cat-helvetia","8":"product_cat-tv-stands","10":"first","11":"instock","12":"purchasable","13":"product-type-simple"},"_links":{"self":[{"href":"https:\/\/baldumarket.lt\/lt\/wp-json\/wp\/v2\/product\/153952","targetHints":{"allow":["GET"]}}],"collection":[{"href":"https:\/\/baldumarket.lt\/lt\/wp-json\/wp\/v2\/product"}],"about":[{"href":"https:\/\/baldumarket.lt\/lt\/wp-json\/wp\/v2\/types\/product"}],"replies":[{"embeddable":true,"href":"https:\/\/baldumarket.lt\/lt\/wp-json\/wp\/v2\/comments?post=153952"}],"wp:featuredmedia":[{"embeddable":true,"href":"https:\/\/baldumarket.lt\/lt\/wp-json\/wp\/v2\/media\/153953"}],"wp:attachment":[{"href":"https:\/\/baldumarket.lt\/lt\/wp-json\/wp\/v2\/media?parent=153952"}],"wp:term":[{"taxonomy":"product_brand","embeddable":true,"href":"https:\/\/baldumarket.lt\/lt\/wp-json\/wp\/v2\/product_brand?post=153952"},{"taxonomy":"product_cat","embeddable":true,"href":"https:\/\/baldumarket.lt\/lt\/wp-json\/wp\/v2\/product_cat?post=153952"},{"taxonomy":"product_tag","embeddable":true,"href":"https:\/\/baldumarket.lt\/lt\/wp-json\/wp\/v2\/product_tag?post=153952"}],"curies":[{"name":"wp","href":"https:\/\/api.w.org\/{rel}","templated":true}]}}