{"id":153946,"date":"2025-12-18T17:07:53","date_gmt":"2025-12-18T14:07:53","guid":{"rendered":"https:\/\/baldumarket.lt\/product\/baros-szafka-rtv-3-drzwiowa-orzech-satynowy-touchwood\/"},"modified":"2026-02-05T09:12:21","modified_gmt":"2026-02-05T06:12:21","slug":"baros-szafka-rtv-3-drzwiowa-orzech-satynowy-touchwood","status":"publish","type":"product","link":"https:\/\/baldumarket.lt\/lt\/product\/baros-szafka-rtv-3-drzwiowa-orzech-satynowy-touchwood\/","title":{"rendered":"Baros 3 dur\u0173 TV spintel\u0117, satininis rie\u0161utmedis \/ Touchwood"},"content":{"rendered":"<p>\u201eBaros\u201c trij\u0173 dur\u0173 televizoriaus staliukas, pagamintas i\u0161 satininio rie\u0161uto \/ \u201eTouchwood\u201c spalvos. Suteikite savo svetainei elegancijos ir funkcionalumo su \u201eHelvetia\u201c \u201eBaros\u201c televizoriaus staliuku. \u0160is stilingas baldas, pagamintas i\u0161 auk\u0161tos kokyb\u0117s laminuotos bald\u0173 plok\u0161t\u0117s, pasi\u017eymi satininio rie\u0161uto apdaila ir \u201eTouchwood\u201c akcentais, suteikian\u010diais jam rafinuot\u0105 ir nesenstant\u012f vaizd\u0105. \u201eBaros\u201c buvo sukurtas galvojant apie esteti\u0161k\u0105 ir prakti\u0161k\u0105 j\u016bs\u0173 televizoriaus \u012frangos i\u0161d\u0117stym\u0105. 270 cm plo\u010dio staliukas suteikia patogi\u0105 viet\u0105 televizoriui ir pakankamai vietos kitiems multimedijos \u012frenginiams, tod\u0117l jis tampa j\u016bs\u0173 nam\u0173 pramog\u0173 centru. 40 cm auk\u0161tis ir 41 cm gylis leid\u017eia lengvai valdyti ir ergonomi\u0161kai i\u0161d\u0117styti.<\/p>","protected":false},"excerpt":{"rendered":"<p>Plotis (cm): 270<br \/>\n\u016agis (cm): 40<br \/>\nGylis (cm): 41<\/p>","protected":false},"featured_media":153947,"comment_status":"open","ping_status":"open","template":"","meta":[],"product_brand":[],"product_cat":[9399,4105,1175],"product_tag":[],"class_list":{"0":"post-153946","1":"product","2":"type-product","3":"status-publish","4":"has-post-thumbnail","6":"product_cat-furniture-system-baros","7":"product_cat-helvetia","8":"product_cat-tv-stands","10":"first","11":"instock","12":"purchasable","13":"product-type-simple"},"_links":{"self":[{"href":"https:\/\/baldumarket.lt\/lt\/wp-json\/wp\/v2\/product\/153946","targetHints":{"allow":["GET"]}}],"collection":[{"href":"https:\/\/baldumarket.lt\/lt\/wp-json\/wp\/v2\/product"}],"about":[{"href":"https:\/\/baldumarket.lt\/lt\/wp-json\/wp\/v2\/types\/product"}],"replies":[{"embeddable":true,"href":"https:\/\/baldumarket.lt\/lt\/wp-json\/wp\/v2\/comments?post=153946"}],"wp:featuredmedia":[{"embeddable":true,"href":"https:\/\/baldumarket.lt\/lt\/wp-json\/wp\/v2\/media\/153947"}],"wp:attachment":[{"href":"https:\/\/baldumarket.lt\/lt\/wp-json\/wp\/v2\/media?parent=153946"}],"wp:term":[{"taxonomy":"product_brand","embeddable":true,"href":"https:\/\/baldumarket.lt\/lt\/wp-json\/wp\/v2\/product_brand?post=153946"},{"taxonomy":"product_cat","embeddable":true,"href":"https:\/\/baldumarket.lt\/lt\/wp-json\/wp\/v2\/product_cat?post=153946"},{"taxonomy":"product_tag","embeddable":true,"href":"https:\/\/baldumarket.lt\/lt\/wp-json\/wp\/v2\/product_tag?post=153946"}],"curies":[{"name":"wp","href":"https:\/\/api.w.org\/{rel}","templated":true}]}}