{"id":153938,"date":"2025-12-18T17:07:37","date_gmt":"2025-12-18T14:07:37","guid":{"rendered":"https:\/\/baldumarket.lt\/product\/baros-szafka-rtv-3-drzwiowa-bialy-bialy-polysk\/"},"modified":"2026-02-05T09:12:21","modified_gmt":"2026-02-05T06:12:21","slug":"baros-szafka-rtv-3-drzwiowa-bialy-bialy-polysk","status":"publish","type":"product","link":"https:\/\/baldumarket.lt\/lt\/product\/baros-szafka-rtv-3-drzwiowa-bialy-bialy-polysk\/","title":{"rendered":"Baros 3 dur\u0173 TV spintel\u0117, balta \/ blizgi balta"},"content":{"rendered":"<p>Pristatome jums rafinuot\u0105 ir eleganti\u0161k\u0105 \u201eBaros\u201c televizoriaus staliuk\u0105, kuris yra ne tik prakti\u0161kas baldas, bet ir rafinuotas dekoratyvinis elementas bet kurioje modernioje svetain\u0117je. \u0160is garsaus gamintojo \u201eHelvetia\u201c \u201eBaros\u201c televizoriaus staliukas sukurtas siekiant suderinti funkcionalum\u0105 su \u0161iuolaikiniu dizainu. \u201eBaros\u201c televizoriaus staliukas i\u0161siskiria balta spalva, kuri atrodo i\u0161skirtinai eleganti\u0161kai tiek matine, tiek blizgia apdaila. Be to, stilingi juodi r\u0117mai suteikia jam unikalaus charakterio ir \u017eavesio, tod\u0117l jis puikiai dera bet kokiame interjere. \u0160i indauja idealiai tinka kaip pagrindinis svetain\u0117s akcentas, puikiai demonstruojantis televizori\u0173 ir kitus multimedijos \u012frenginius. Pa\u017eangus \u201eBaros\u201c trij\u0173 dur\u0173 televizoriaus staliuko funkcionalumas atsispindi trijose prakti\u0161kose lentynose ir \u0161e\u0161iose erdviose ni\u0161ose, kurios leid\u017eia susitvarkyti erdv\u0119 ir susid\u0117ti aksesuarus. Be to, \u0161is baldas taip pat si\u016blo papildomas nuimamas kojeles, leid\u017eian\u010dias pakabinti indauja ant sienos ir sukurti \u201eplaukiojimo\u201c efekt\u0105 \u2013 verting\u0105 privalum\u0105 ma\u017eose erdv\u0117se.<\/p>","protected":false},"excerpt":{"rendered":"<p>Plotis (cm): 270<br \/>\n\u016agis (cm): 40<br \/>\nGylis (cm): 41<\/p>","protected":false},"featured_media":153939,"comment_status":"open","ping_status":"open","template":"","meta":[],"product_brand":[],"product_cat":[9399,4105,1175],"product_tag":[],"class_list":{"0":"post-153938","1":"product","2":"type-product","3":"status-publish","4":"has-post-thumbnail","6":"product_cat-furniture-system-baros","7":"product_cat-helvetia","8":"product_cat-tv-stands","10":"first","11":"instock","12":"purchasable","13":"product-type-simple"},"_links":{"self":[{"href":"https:\/\/baldumarket.lt\/lt\/wp-json\/wp\/v2\/product\/153938","targetHints":{"allow":["GET"]}}],"collection":[{"href":"https:\/\/baldumarket.lt\/lt\/wp-json\/wp\/v2\/product"}],"about":[{"href":"https:\/\/baldumarket.lt\/lt\/wp-json\/wp\/v2\/types\/product"}],"replies":[{"embeddable":true,"href":"https:\/\/baldumarket.lt\/lt\/wp-json\/wp\/v2\/comments?post=153938"}],"wp:featuredmedia":[{"embeddable":true,"href":"https:\/\/baldumarket.lt\/lt\/wp-json\/wp\/v2\/media\/153939"}],"wp:attachment":[{"href":"https:\/\/baldumarket.lt\/lt\/wp-json\/wp\/v2\/media?parent=153938"}],"wp:term":[{"taxonomy":"product_brand","embeddable":true,"href":"https:\/\/baldumarket.lt\/lt\/wp-json\/wp\/v2\/product_brand?post=153938"},{"taxonomy":"product_cat","embeddable":true,"href":"https:\/\/baldumarket.lt\/lt\/wp-json\/wp\/v2\/product_cat?post=153938"},{"taxonomy":"product_tag","embeddable":true,"href":"https:\/\/baldumarket.lt\/lt\/wp-json\/wp\/v2\/product_tag?post=153938"}],"curies":[{"name":"wp","href":"https:\/\/api.w.org\/{rel}","templated":true}]}}