{"id":153932,"date":"2025-12-18T17:07:25","date_gmt":"2025-12-18T14:07:25","guid":{"rendered":"https:\/\/baldumarket.lt\/product\/baros-stolik-kawowy-schiefer\/"},"modified":"2026-02-05T09:12:21","modified_gmt":"2026-02-05T06:12:21","slug":"baros-stolik-kawowy-schiefer","status":"publish","type":"product","link":"https:\/\/baldumarket.lt\/lt\/product\/baros-stolik-kawowy-schiefer\/","title":{"rendered":"Baros kavos staliukas Schiefer"},"content":{"rendered":"<p>Atraskite nauj\u0105 atsipalaidavimo kokyb\u0119 su puodeliu aromatingos kavos su eleganti\u0161ku \u201eBaros Schiefer\u201c stalu, kuris \u012fne\u0161 gaivumo ir modernaus dizaino \u012f j\u016bs\u0173 svetain\u0119. Pagamintas i\u0161 auk\u0161\u010diausios kokyb\u0117s laminuotos bald\u0173 plok\u0161t\u0117s, garsaus \u201eHelvetia\u201c prek\u0117s \u017eenklo \u201eBaros\u201c stalas derina tvirt\u0105 meistri\u0161kum\u0105 su rafinuotu stiliumi, harmoningai prisitaikydamas prie bet kokios erdv\u0117s. Jo stabili konstrukcija, kurios plotis yra 100 cm, auk\u0161tis 45 cm ir gylis 60 cm, si\u016blo idealias proporcijas, kurios suteikia daug erdv\u0117s patogiam naudojimui, i\u0161laikant pakankam\u0105 kambario plot\u0105. Rafinuota \u201eSchiefer\u201c spalva yra universalus tonas, kuris \u017eavi savo gyliu ir skland\u017eiai dera prie \u012fvairi\u0173 interjero spalv\u0173 \u2013 nuo \u0161viesi\u0173, pastelini\u0173 sien\u0173 iki tamsi\u0173, ry\u0161ki\u0173 aksesuar\u0173. Tiek priekin\u0117 dalis, tiek stalo korpusas pagaminti i\u0161 patvarios laminuotos bald\u0173 plok\u0161t\u0117s, u\u017etikrinan\u010dios ilgalaik\u012f naudojim\u0105 ir lengv\u0105 valym\u0105. Be to, lentyna, esanti po pagrindiniu stalvir\u0161iu, yra funkcionali vieta, leid\u017eianti sutvarkyti erdv\u0119 ir visada po ranka laikyti m\u0117gstamus laikra\u0161\u010dius ar nuotolinio valdymo pultelius.<\/p>","protected":false},"excerpt":{"rendered":"<p>Plotis (cm): 100<br \/>\n\u016agis (cm): 45<br \/>\nGylis (cm): 60<\/p>","protected":false},"featured_media":153933,"comment_status":"open","ping_status":"open","template":"","meta":[],"product_brand":[],"product_cat":[9399,866,4105],"product_tag":[],"class_list":{"0":"post-153932","1":"product","2":"type-product","3":"status-publish","4":"has-post-thumbnail","6":"product_cat-furniture-system-baros","7":"product_cat-coffee-tables","8":"product_cat-helvetia","10":"first","11":"instock","12":"purchasable","13":"product-type-simple"},"_links":{"self":[{"href":"https:\/\/baldumarket.lt\/lt\/wp-json\/wp\/v2\/product\/153932","targetHints":{"allow":["GET"]}}],"collection":[{"href":"https:\/\/baldumarket.lt\/lt\/wp-json\/wp\/v2\/product"}],"about":[{"href":"https:\/\/baldumarket.lt\/lt\/wp-json\/wp\/v2\/types\/product"}],"replies":[{"embeddable":true,"href":"https:\/\/baldumarket.lt\/lt\/wp-json\/wp\/v2\/comments?post=153932"}],"wp:featuredmedia":[{"embeddable":true,"href":"https:\/\/baldumarket.lt\/lt\/wp-json\/wp\/v2\/media\/153933"}],"wp:attachment":[{"href":"https:\/\/baldumarket.lt\/lt\/wp-json\/wp\/v2\/media?parent=153932"}],"wp:term":[{"taxonomy":"product_brand","embeddable":true,"href":"https:\/\/baldumarket.lt\/lt\/wp-json\/wp\/v2\/product_brand?post=153932"},{"taxonomy":"product_cat","embeddable":true,"href":"https:\/\/baldumarket.lt\/lt\/wp-json\/wp\/v2\/product_cat?post=153932"},{"taxonomy":"product_tag","embeddable":true,"href":"https:\/\/baldumarket.lt\/lt\/wp-json\/wp\/v2\/product_tag?post=153932"}],"curies":[{"name":"wp","href":"https:\/\/api.w.org\/{rel}","templated":true}]}}