{"id":153926,"date":"2025-12-18T17:07:13","date_gmt":"2025-12-18T14:07:13","guid":{"rendered":"https:\/\/baldumarket.lt\/product\/baros-stolik-kawowy-san-remo-jasne\/"},"modified":"2026-02-05T09:12:21","modified_gmt":"2026-02-05T06:12:21","slug":"baros-stolik-kawowy-san-remo-jasne","status":"publish","type":"product","link":"https:\/\/baldumarket.lt\/lt\/product\/baros-stolik-kawowy-san-remo-jasne\/","title":{"rendered":"Baros San Remo kavos staliuko \u0161viestuvas"},"content":{"rendered":"<p>Atraskite eleganti\u0161k\u0105 simetrij\u0105 ir modern\u0173 dizain\u0105, kuris suteiks j\u016bs\u0173 namams gaivumo ir stiliaus. Pristatome \u201eBaros White\u201c kavos staliuk\u0105 su \u017evilgan\u010diu baltu blizgiu pavir\u0161iumi, kuris sukuria tobul\u0105 fon\u0105 kasdieniams ritualams su puodeliu aromatingos kavos ar arbatos. Sukurtas garsaus gamintojo \u201eHelvetia\u201c, kruop\u0161\u010diai atkreipdamas d\u0117mes\u012f \u012f detales, \u0161is staliukas yra funkcionalumo ir rafinuoto skonio derinio kvintesencija. Rafinuotas, baltas sta\u010diakampio stalvir\u0161io blizgesys harmoningai papildo kontrastingus juodus r\u0117mus, kurie ne tik suteikia stabilumo, bet ir suteikia \u0161iam baldui charakterio bei subtilios elegancijos. Juodas r\u0117mas pabr\u0117\u017eia jo moderni\u0105 estetik\u0105, kartu su baltu blizgiu fasadu sukurdamas tikr\u0105 \u0161iuolaikinio dizaino \u0161edevr\u0105. \u0160io gra\u017eaus staliuko funkcionalum\u0105 taip pat sudaro lentyna po stalvir\u0161iu, puikiai tinkanti knygoms, \u017eurnalams ar smulkiems aksesuarams laikyti, kuriuos visada norite tur\u0117ti po ranka. \u010cia prakti\u0161kumas dera su subtilumu, u\u017etikrinant ne tik estetin\u012f malonum\u0105, bet ir kasdien\u012f naudojimo komfort\u0105.<\/p>","protected":false},"excerpt":{"rendered":"<p>Plotis (cm): 100<br \/>\n\u016agis (cm): 45<br \/>\nGylis (cm): 60<\/p>","protected":false},"featured_media":153927,"comment_status":"open","ping_status":"open","template":"","meta":[],"product_brand":[],"product_cat":[9399,866,4105],"product_tag":[],"class_list":{"0":"post-153926","1":"product","2":"type-product","3":"status-publish","4":"has-post-thumbnail","6":"product_cat-furniture-system-baros","7":"product_cat-coffee-tables","8":"product_cat-helvetia","10":"first","11":"instock","12":"purchasable","13":"product-type-simple"},"_links":{"self":[{"href":"https:\/\/baldumarket.lt\/lt\/wp-json\/wp\/v2\/product\/153926","targetHints":{"allow":["GET"]}}],"collection":[{"href":"https:\/\/baldumarket.lt\/lt\/wp-json\/wp\/v2\/product"}],"about":[{"href":"https:\/\/baldumarket.lt\/lt\/wp-json\/wp\/v2\/types\/product"}],"replies":[{"embeddable":true,"href":"https:\/\/baldumarket.lt\/lt\/wp-json\/wp\/v2\/comments?post=153926"}],"wp:featuredmedia":[{"embeddable":true,"href":"https:\/\/baldumarket.lt\/lt\/wp-json\/wp\/v2\/media\/153927"}],"wp:attachment":[{"href":"https:\/\/baldumarket.lt\/lt\/wp-json\/wp\/v2\/media?parent=153926"}],"wp:term":[{"taxonomy":"product_brand","embeddable":true,"href":"https:\/\/baldumarket.lt\/lt\/wp-json\/wp\/v2\/product_brand?post=153926"},{"taxonomy":"product_cat","embeddable":true,"href":"https:\/\/baldumarket.lt\/lt\/wp-json\/wp\/v2\/product_cat?post=153926"},{"taxonomy":"product_tag","embeddable":true,"href":"https:\/\/baldumarket.lt\/lt\/wp-json\/wp\/v2\/product_tag?post=153926"}],"curies":[{"name":"wp","href":"https:\/\/api.w.org\/{rel}","templated":true}]}}