{"id":153921,"date":"2025-12-18T17:07:01","date_gmt":"2025-12-18T14:07:01","guid":{"rendered":"https:\/\/baldumarket.lt\/product\/baros-stolik-kawowy-orzech-satynowy-touchwood\/"},"modified":"2026-02-05T09:12:21","modified_gmt":"2026-02-05T06:12:21","slug":"baros-stolik-kawowy-orzech-satynowy-touchwood","status":"publish","type":"product","link":"https:\/\/baldumarket.lt\/lt\/product\/baros-stolik-kawowy-orzech-satynowy-touchwood\/","title":{"rendered":"Baros kavos staliukas, satino spalvos, rie\u0161utmedis \/ lietimui jautrus medis"},"content":{"rendered":"<p>Atraskite i\u0161skirtin\u0119 elegancij\u0105 ir stili\u0173, kur\u012f j\u016bs\u0173 interjerui suteiks \u201eBaros\u201c kavos staliukas \u201eSatin Walnut\u201c spalvos i\u0161 \u201eTouchwood\u201c kolekcijos, priklausan\u010dios garsiam \u201eHelvetia\u201c prek\u0117s \u017eenklui. \u0160is baldas yra ne tik gero skonio simbolis, bet ir funkcionalumo bei patvarumo sinonimas, u\u017etikrinantis komfort\u0105 kasdien naudojant. Unikali \u201eBaros\u201c stalo i\u0161vaizda derina klasikin\u0119 form\u0105 su moderniu dizainu. \u0160ilta \u201eSatin Walnut\u201c spalva harmoningai papildo daugel\u012f interjer\u0173, suteikdama kambariams \u0161ilumos ir jaukumo, o \u201eTouchwood\u201c apdaila garantuoja didesn\u012f atsparum\u0105 \u012fbr\u0117\u017eimams ir lengv\u0105 valym\u0105, u\u017etikrindama, kad stalas ilgiau i\u0161likt\u0173 gra\u017eus. Pagamintas i\u0161 auk\u0161tos kokyb\u0117s laminuotos bald\u0173 plok\u0161t\u0117s, \u201eBaros\u201c stalas u\u017etikrina patvarum\u0105 ir atsparum\u0105 kasdieniam naudojimui. Stalas yra 100 cm plo\u010dio, 45 cm auk\u0161\u010dio ir 60 cm gylio, tod\u0117l jis idealiai tinka tiek erdvioms svetain\u0117ms, tiek ma\u017eesn\u0117ms erdv\u0117ms.<\/p>","protected":false},"excerpt":{"rendered":"<p>Plotis (cm): 100<br \/>\n\u016agis (cm): 45<br \/>\nGylis (cm): 60<\/p>","protected":false},"featured_media":153922,"comment_status":"open","ping_status":"open","template":"","meta":[],"product_brand":[],"product_cat":[9399,866,4105],"product_tag":[],"class_list":{"0":"post-153921","1":"product","2":"type-product","3":"status-publish","4":"has-post-thumbnail","6":"product_cat-furniture-system-baros","7":"product_cat-coffee-tables","8":"product_cat-helvetia","10":"first","11":"instock","12":"purchasable","13":"product-type-simple"},"_links":{"self":[{"href":"https:\/\/baldumarket.lt\/lt\/wp-json\/wp\/v2\/product\/153921","targetHints":{"allow":["GET"]}}],"collection":[{"href":"https:\/\/baldumarket.lt\/lt\/wp-json\/wp\/v2\/product"}],"about":[{"href":"https:\/\/baldumarket.lt\/lt\/wp-json\/wp\/v2\/types\/product"}],"replies":[{"embeddable":true,"href":"https:\/\/baldumarket.lt\/lt\/wp-json\/wp\/v2\/comments?post=153921"}],"wp:featuredmedia":[{"embeddable":true,"href":"https:\/\/baldumarket.lt\/lt\/wp-json\/wp\/v2\/media\/153922"}],"wp:attachment":[{"href":"https:\/\/baldumarket.lt\/lt\/wp-json\/wp\/v2\/media?parent=153921"}],"wp:term":[{"taxonomy":"product_brand","embeddable":true,"href":"https:\/\/baldumarket.lt\/lt\/wp-json\/wp\/v2\/product_brand?post=153921"},{"taxonomy":"product_cat","embeddable":true,"href":"https:\/\/baldumarket.lt\/lt\/wp-json\/wp\/v2\/product_cat?post=153921"},{"taxonomy":"product_tag","embeddable":true,"href":"https:\/\/baldumarket.lt\/lt\/wp-json\/wp\/v2\/product_tag?post=153921"}],"curies":[{"name":"wp","href":"https:\/\/api.w.org\/{rel}","templated":true}]}}