{"id":153905,"date":"2025-12-18T17:06:30","date_gmt":"2025-12-18T14:06:30","guid":{"rendered":"https:\/\/baldumarket.lt\/product\/baros-mebloscianka-schiefer\/"},"modified":"2026-02-05T09:12:29","modified_gmt":"2026-02-05T06:12:29","slug":"baros-mebloscianka-schiefer","status":"publish","type":"product","link":"https:\/\/baldumarket.lt\/lt\/product\/baros-mebloscianka-schiefer\/","title":{"rendered":"Baros Schiefer sienin\u0117 spintel\u0117"},"content":{"rendered":"<p>Pristatome moderni\u0105 \u201eBaros Schiefer\u201c sienin\u0119 spintel\u0119 i\u0161 garsaus prek\u0117s \u017eenklo \u201eHelvetia\u201c, kuri taps puikiu bet kurios svetain\u0117s ar darbo kambario akcentu. Nesenstanti grafito spalva \u201eSchiefer\u201c suteiks interjerui grie\u017etumo ir modernaus stiliaus. Paprasta, geometrin\u0117 sienin\u0117s spintel\u0117s forma stebina savo funkcionalumu ir apgalvotu dizainu.<br \/>\nSienin\u0117 spintel\u0117 susideda i\u0161 erdvi\u0173 segment\u0173, kuriuose yra daug vietos daiktams susid\u0117ti. Komplekt\u0105 sudaro lentynos, vitrinos ir prakti\u0161kos spintel\u0117s, leid\u017eian\u010dios lengvai susitvarkyti daiktus. \u012esp\u016bdingi spintel\u0117s matmenys (270 cm plo\u010dio ir 200 cm auk\u0161\u010dio) suteikia daug vietos knygoms, m\u0117gstamoms dekoracijoms ir multimedijos \u012frangai eksponuoti.<br \/>\nSienin\u0117s spintel\u0117s priekin\u0117s dalys ir korpusas, pagaminti i\u0161 auk\u0161tos kokyb\u0117s laminuotos bald\u0173 plok\u0161t\u0117s, garantuoja ilgalaik\u012f atsparum\u0105 dilimui ir lengv\u0105 valym\u0105. Tvirta konstrukcija ir lengvas surinkimas yra kiti privalumai, kuriuos \u012fvertinsite pasirinkdami \u0161\u012f bald\u0105. Savaranki\u0161kas surinkimas leid\u017eia pritaikyti sienin\u0117s spintel\u0117s i\u0161d\u0117stym\u0105 pagal individualius interjero poreikius.<\/p>\n<p>Prisijunkite prie patenkint\u0173 \u201eHelvetia\u201c klient\u0173 gret\u0173 ir m\u0117gaukit\u0117s kiekviena akimirka, praleista modernioje svetain\u0117je su \u201eBaros Schiefer\u201c sienine spintele. \u0160is stilingas ir universalus baldas neabejotinai taps j\u016bs\u0173 nam\u0173 pasidid\u017eiavimu. U\u017esisakykite \u0161iandien ir pakeiskite savo svetain\u0119 neatpa\u017e\u012fstamai!<\/p>","protected":false},"excerpt":{"rendered":"<p>Plotis (cm): 270<br \/>\n\u016agis (cm): 0<br \/>\nGylis (cm): 41<\/p>","protected":false},"featured_media":153906,"comment_status":"open","ping_status":"open","template":"","meta":[],"product_brand":[],"product_cat":[9399,4105,2008],"product_tag":[],"class_list":{"0":"post-153905","1":"product","2":"type-product","3":"status-publish","4":"has-post-thumbnail","6":"product_cat-furniture-system-baros","7":"product_cat-helvetia","8":"product_cat-wall-units","10":"first","11":"instock","12":"purchasable","13":"product-type-simple"},"_links":{"self":[{"href":"https:\/\/baldumarket.lt\/lt\/wp-json\/wp\/v2\/product\/153905","targetHints":{"allow":["GET"]}}],"collection":[{"href":"https:\/\/baldumarket.lt\/lt\/wp-json\/wp\/v2\/product"}],"about":[{"href":"https:\/\/baldumarket.lt\/lt\/wp-json\/wp\/v2\/types\/product"}],"replies":[{"embeddable":true,"href":"https:\/\/baldumarket.lt\/lt\/wp-json\/wp\/v2\/comments?post=153905"}],"wp:featuredmedia":[{"embeddable":true,"href":"https:\/\/baldumarket.lt\/lt\/wp-json\/wp\/v2\/media\/153906"}],"wp:attachment":[{"href":"https:\/\/baldumarket.lt\/lt\/wp-json\/wp\/v2\/media?parent=153905"}],"wp:term":[{"taxonomy":"product_brand","embeddable":true,"href":"https:\/\/baldumarket.lt\/lt\/wp-json\/wp\/v2\/product_brand?post=153905"},{"taxonomy":"product_cat","embeddable":true,"href":"https:\/\/baldumarket.lt\/lt\/wp-json\/wp\/v2\/product_cat?post=153905"},{"taxonomy":"product_tag","embeddable":true,"href":"https:\/\/baldumarket.lt\/lt\/wp-json\/wp\/v2\/product_tag?post=153905"}],"curies":[{"name":"wp","href":"https:\/\/api.w.org\/{rel}","templated":true}]}}