{"id":153898,"date":"2025-12-18T17:06:16","date_gmt":"2025-12-18T14:06:16","guid":{"rendered":"https:\/\/baldumarket.lt\/product\/baros-mebloscianka-orzech-satynowy-touchwood\/"},"modified":"2026-02-05T09:12:29","modified_gmt":"2026-02-05T06:12:29","slug":"baros-mebloscianka-orzech-satynowy-touchwood","status":"publish","type":"product","link":"https:\/\/baldumarket.lt\/lt\/product\/baros-mebloscianka-orzech-satynowy-touchwood\/","title":{"rendered":"\u201eBaros\u201c sienin\u0117 spintel\u0117, satininis rie\u0161utmedis \/ \u201eTouchwood\u201c"},"content":{"rendered":"<p>Atraskite nauj\u0105 elegancijos ir funkcionalumo dimensij\u0105 savo namuose su garsaus prek\u0117s \u017eenklo \u201eHelvetia\u201c sukurta \u201eBaros\u201c sienine spintele. I\u0161skirtinis satininio rie\u0161uto atspalvis derinamas su modernia \u201eTouchwood\u201c apdaila, suteikdamas j\u016bs\u0173 svetainei \u0161ilumos ir nat\u016bralumo. \u201eBaros\u201c sienin\u0117 spintel\u0117 yra ne tik baldas, bet ir tikra bet kokio interjero puo\u0161mena, suteikianti klas\u0117s ir nepaprastos harmonijos.<br \/>\n\u0160i sienin\u0117 spintel\u0117 pasi\u017eymi \u012fsp\u016bdingais matmenimis, kurie garantuoja ne tik patraukli\u0105 i\u0161vaizd\u0105, bet ir erdv\u0119 bei funkcionalum\u0105. 270 cm plotis leid\u017eia rinktis i\u0161 daugyb\u0117s i\u0161d\u0117stymo variant\u0173, o 41 cm gylis u\u017etikrina kompakti\u0161kum\u0105, tod\u0117l puikiai tinka net ma\u017eesn\u0117se erdv\u0117se. Nepaisant dyd\u017eio, auk\u0161tos kokyb\u0117s gamyba suteikia spintelei lengvumo ir modernumo.<br \/>\nSienin\u0117s spintel\u0117s priekin\u0117 dalis pagaminta i\u0161 auk\u0161tos kokyb\u0117s laminuotos bald\u0173 plok\u0161t\u0117s, kuri yra labai atspari \u012fbr\u0117\u017eimams ir lengvai valoma, o tai ypa\u010d svarbu norint ilg\u0105 laik\u0105 i\u0161laikyti baldus puikios b\u016bkl\u0117s. I\u0161 tos pa\u010dios med\u017eiagos pagamintas korpusas u\u017etikrina spalvos ir strukt\u016bros vienodum\u0105, sukurdamas puiki\u0105 visum\u0105, kuri dera prie daugelio interjero stili\u0173.<br \/>\nSienin\u0117s spintel\u0117s surinkimas buvo suprojektuotas galvojant apie \u201epasidaryk pats\u201c m\u0117g\u0117jus \u2013 d\u0117ka prid\u0117t\u0173 instrukcij\u0173 ir ai\u0161kios komponent\u0173 sistemos, \u012frenginio surinkimas netur\u0117t\u0173 kelti joki\u0173 sunkum\u0173.<br \/>\nNeleiskite, kad \u012fprasti baldai apribot\u0173 j\u016bs\u0173 interjero i\u0161rai\u0161k\u0105. Rinkit\u0117s \u201eHelvetia\u201c \u201eBaros\u201c sienin\u0119 spintel\u0119 ir pamatykite, kaip prakti\u0161kumas dera su estetika, suteikdamas j\u016bs\u0173 namams stiliaus ir jaukumo atmosfer\u0105, kuria d\u017eiaugsit\u0117s ilgus metus.<\/p>","protected":false},"excerpt":{"rendered":"<p>Plotis (cm): 270<br \/>\n\u016agis (cm): 0<br \/>\nGylis (cm): 41<\/p>","protected":false},"featured_media":153899,"comment_status":"open","ping_status":"open","template":"","meta":[],"product_brand":[],"product_cat":[9399,4105,2008],"product_tag":[],"class_list":{"0":"post-153898","1":"product","2":"type-product","3":"status-publish","4":"has-post-thumbnail","6":"product_cat-furniture-system-baros","7":"product_cat-helvetia","8":"product_cat-wall-units","10":"first","11":"instock","12":"purchasable","13":"product-type-simple"},"_links":{"self":[{"href":"https:\/\/baldumarket.lt\/lt\/wp-json\/wp\/v2\/product\/153898","targetHints":{"allow":["GET"]}}],"collection":[{"href":"https:\/\/baldumarket.lt\/lt\/wp-json\/wp\/v2\/product"}],"about":[{"href":"https:\/\/baldumarket.lt\/lt\/wp-json\/wp\/v2\/types\/product"}],"replies":[{"embeddable":true,"href":"https:\/\/baldumarket.lt\/lt\/wp-json\/wp\/v2\/comments?post=153898"}],"wp:featuredmedia":[{"embeddable":true,"href":"https:\/\/baldumarket.lt\/lt\/wp-json\/wp\/v2\/media\/153899"}],"wp:attachment":[{"href":"https:\/\/baldumarket.lt\/lt\/wp-json\/wp\/v2\/media?parent=153898"}],"wp:term":[{"taxonomy":"product_brand","embeddable":true,"href":"https:\/\/baldumarket.lt\/lt\/wp-json\/wp\/v2\/product_brand?post=153898"},{"taxonomy":"product_cat","embeddable":true,"href":"https:\/\/baldumarket.lt\/lt\/wp-json\/wp\/v2\/product_cat?post=153898"},{"taxonomy":"product_tag","embeddable":true,"href":"https:\/\/baldumarket.lt\/lt\/wp-json\/wp\/v2\/product_tag?post=153898"}],"curies":[{"name":"wp","href":"https:\/\/api.w.org\/{rel}","templated":true}]}}