{"id":153895,"date":"2025-12-18T17:06:10","date_gmt":"2025-12-18T14:06:10","guid":{"rendered":"https:\/\/baldumarket.lt\/product\/baros-mebloscianka-jasny-beton\/"},"modified":"2026-02-05T09:12:29","modified_gmt":"2026-02-05T06:12:29","slug":"baros-mebloscianka-jasny-beton","status":"publish","type":"product","link":"https:\/\/baldumarket.lt\/lt\/product\/baros-mebloscianka-jasny-beton\/","title":{"rendered":"Baros lengvojo betono sieninis blokas"},"content":{"rendered":"<p>Atraskite modern\u0173 elegancij\u0105 ir funkcionalum\u0105 viename su \u201eBaros 10\u201c sienine spintele, sukurta suteikti j\u016bs\u0173 svetainei gaivumo ir stiliaus. \u0160is blizgus baltas modelis papildys bet kok\u012f interjer\u0105, sukurdamas harmonijos ir modernaus charakterio erdv\u0119.<br \/>\n\u201eBaros 10\u201c korpusas pagamintas i\u0161 auk\u0161tos kokyb\u0117s laminuotos plok\u0161t\u0117s, u\u017etikrinan\u010dios patvarum\u0105 ir atsparum\u0105 kasdieniam naudojimui. Blizgan\u010di\u0173 balt\u0173 fasad\u0173 spindesys puikiai papildo minimalistin\u012f dizain\u0105, sukurdamas lengvumo ir modernumo kupin\u0105 erdv\u0119.<br \/>\nNovatori\u0161kas sprendimas \u2013 \u012fstiklintos ni\u0161os, kurias galima pagyvinti pasirenkamu, dinaminiu RGB LED ap\u0161vietimu. Tai leid\u017eia keisti \u0161viesos spalv\u0105 pagal savo pageidavimus ir sukurti tinkam\u0105 atmosfer\u0105 kambaryje vienu nuotolinio valdymo pulto mygtuko paspaudimu. \u201eBaros 10\u201c sienin\u0119 spintel\u0119 sudaro dvi eleganti\u0161kos televizoriaus spintel\u0117s \u2013 viena didel\u0117, 26 cm auk\u0161\u010dio, 180 cm plo\u010dio ir 41 cm gylio, ir kita ma\u017eesn\u0117, 26 cm auk\u0161\u010dio, 90 cm plo\u010dio ir 41 cm gylio. J\u0105 papildo dvi prie sienos tvirtinamos vitrinos (100\/35\/25 cm) ir dvi prie sienos tvirtinamos lentynos (8\/120\/20 cm), kuriose yra daug vietos dekoracijoms, knygoms ir kitiems daiktams.<br \/>\nVertinantiems suasmeninim\u0105 ir funkcionalum\u0105, \u201eBaros\u201c sienin\u0117 spintel\u0117 si\u016blo galimyb\u0119 \u012fsigyti LED ap\u0161vietim\u0105, kuris leis pritaikyti baldo i\u0161vaizd\u0105 prie nuotaikos, paros laiko ar progos.<\/p>\n<p>Taip pat atkreipiame d\u0117mes\u012f \u012f detales, tikslius sienin\u0117s spintel\u0117s matmenis pateikdami nuotrauk\u0173 galerijoje ir suteikdami 2 met\u0173 garantij\u0105, taip parodydami savo pasitik\u0117jim\u0105 savo gaminio kokybe.<br \/>\n\u012erenginys pristatomas plok\u0161\u010diai supakuotas, su visais reikalingais surinkimo priedais ir ai\u0161kiomis instrukcijomis, tod\u0117l surinkimas yra paprastas ir intuityvus. 270 cm plo\u010dio \u201eBaros 10\u201c sienin\u0117 spintel\u0117 nustato nauj\u0105 gyvenamosios erdv\u0117s i\u0161d\u0117stymo standart\u0105, u\u017etikrindama auk\u0161\u010diausio lygio vizualin\u012f \u012fsp\u016bd\u012f ir funkcionalum\u0105. \u0160is unikalus baldas yra puikus pasirinkimas tiems, kurie vertina \u0161varias linijas, nepriekai\u0161ting\u0105 apdail\u0105 ir nesenstant\u012f dizain\u0105.<\/p>","protected":false},"excerpt":{"rendered":"<p>Plotis (cm): 270<br \/>\n\u016agis (cm): 0<br \/>\nGylis (cm): 41<\/p>","protected":false},"featured_media":153896,"comment_status":"open","ping_status":"open","template":"","meta":[],"product_brand":[],"product_cat":[9399,4105,2008],"product_tag":[],"class_list":{"0":"post-153895","1":"product","2":"type-product","3":"status-publish","4":"has-post-thumbnail","6":"product_cat-furniture-system-baros","7":"product_cat-helvetia","8":"product_cat-wall-units","10":"first","11":"instock","12":"purchasable","13":"product-type-simple"},"_links":{"self":[{"href":"https:\/\/baldumarket.lt\/lt\/wp-json\/wp\/v2\/product\/153895","targetHints":{"allow":["GET"]}}],"collection":[{"href":"https:\/\/baldumarket.lt\/lt\/wp-json\/wp\/v2\/product"}],"about":[{"href":"https:\/\/baldumarket.lt\/lt\/wp-json\/wp\/v2\/types\/product"}],"replies":[{"embeddable":true,"href":"https:\/\/baldumarket.lt\/lt\/wp-json\/wp\/v2\/comments?post=153895"}],"wp:featuredmedia":[{"embeddable":true,"href":"https:\/\/baldumarket.lt\/lt\/wp-json\/wp\/v2\/media\/153896"}],"wp:attachment":[{"href":"https:\/\/baldumarket.lt\/lt\/wp-json\/wp\/v2\/media?parent=153895"}],"wp:term":[{"taxonomy":"product_brand","embeddable":true,"href":"https:\/\/baldumarket.lt\/lt\/wp-json\/wp\/v2\/product_brand?post=153895"},{"taxonomy":"product_cat","embeddable":true,"href":"https:\/\/baldumarket.lt\/lt\/wp-json\/wp\/v2\/product_cat?post=153895"},{"taxonomy":"product_tag","embeddable":true,"href":"https:\/\/baldumarket.lt\/lt\/wp-json\/wp\/v2\/product_tag?post=153895"}],"curies":[{"name":"wp","href":"https:\/\/api.w.org\/{rel}","templated":true}]}}