{"id":153882,"date":"2025-12-18T17:05:44","date_gmt":"2025-12-18T14:05:44","guid":{"rendered":"https:\/\/baldumarket.lt\/product\/baros-komoda-2d3s-san-remo-jasne\/"},"modified":"2026-02-05T09:12:29","modified_gmt":"2026-02-05T06:12:29","slug":"baros-komoda-2d3s-san-remo-jasne","status":"publish","type":"product","link":"https:\/\/baldumarket.lt\/lt\/product\/baros-komoda-2d3s-san-remo-jasne\/","title":{"rendered":"Baros komoda 2D3S San Remo Sure"},"content":{"rendered":"<p>Atraskite unikal\u0173, eleganti\u0161k\u0105 savo interjero akcent\u0105 \u2013 \u201cBaros komoda 2D3S balta \/ blizgi balta\u201d. \u0160i moderni komoda, priklausanti \u201eBaros\u201c kolekcijai, derina funkcionalum\u0105 ir modern\u0173 dizain\u0105, pagyvina ir suteikia charakterio bet kuriam kambariui.<br \/>\n\u201eBaros 26\u201c dizaino vizualinis gro\u017eis atsiskleid\u017eia d\u0117l idealiai lygi\u0173, blizgi\u0173 laminuotos plok\u0161t\u0117s fasad\u0173. Blizg\u016bs balti pavir\u0161iai atspindi \u0161vies\u0105, suteikdami erdvei lengvumo ir vizualinio padid\u0117jimo poj\u016bt\u012f. Gro\u017eis \u010dia n\u0117ra vienintelis svarbus dalykas \u2013 naudojamos med\u017eiagos yra labai atsparios kasdieniam naudojimui ir lengvai valomos.<br \/>\nKomoda suteikia prakti\u0161kos vietos daiktams susid\u0117ti \u2013 turi tris erdvius stal\u010dius ir dviej\u0173 dureli\u0173, i\u0161 dalies \u012fstiklint\u0105 vitrin\u0105. Priekin\u0117je dalyje naudojamas gr\u016bdintas stiklas u\u017etikrina didesn\u012f patvarum\u0105 ir saugum\u0105. \u012estiklintoje dalyje galite eleganti\u0161kai eksponuoti savo dekoracijas ar kolekcijas.<br \/>\nUnikalus \u0161ios komodos i\u0161skirtinumas \u2013 pasirenkamas RGB LED ap\u0161vietimas. D\u0117l to j\u016bs\u0173 vitrin\u0173 vidus gali spind\u0117ti \u012fvairiomis spalvomis, kurias galite keisti pagal savo nuotaik\u0105 ar pageidavimus naudodami patog\u0173 nuotolinio valdymo pult\u0105. \u0160i parinktis dar labiau pagerina j\u016bs\u0173 daikt\u0173 pateikim\u0105, sukurdama unikali\u0105 atmosfer\u0105 kambaryje.<br \/>\n\u201eBaros 2D3S\u201c indauja pristatoma savaranki\u0161kai surenkamose pakuot\u0117se, tod\u0117l galite b\u016bti tikri ne tik d\u0117l gerai atlikto darbo, bet ir d\u0117l to, kad kiekvienas elementas buvo kruop\u0161\u010diai apgalvotas ir suprojektuotas, atkreipiant d\u0117mes\u012f \u012f detales. Pridedami visi reikalingi surinkimo priedai ir ai\u0161kios bei i\u0161samios instrukcijos, tod\u0117l surinkimas bus greitas ir paprastas.<br \/>\nDvej\u0173 met\u0173 garantija patvirtina \u0161ios indaujas kokyb\u0119 ir patvarum\u0105, suteikdama jums pasitik\u0117jimo ir ramyb\u0117s ilgus metus. Indauja yra net 132 cm plo\u010dio, 70 cm auk\u0161\u010dio ir 39 cm gylio, tod\u0117l tai yra tinkamo dyd\u017eio baldas, kuris j\u016bs\u0173 namuose taps funkcionaliu akcentu. Blizgios baltos spalvos \u201eBaros 2D3S\u201c komoda yra elegancijos sinonimas, suteikiantis j\u016bs\u0173 namams moderni\u0105 ir unikali\u0105 atmosfer\u0105. Pasirinkdami \u0161\u012f bald\u0105, j\u016bs renkat\u0117s auk\u0161tos kokyb\u0117s meistri\u0161kumo ir prakti\u0161kumo derin\u012f, kuris pagerins j\u016bs\u0173 interjer\u0105.<\/p>","protected":false},"excerpt":{"rendered":"<p>Plotis (cm): 132<br \/>\n\u016agis (cm): 70<br \/>\nGylis (cm): 39<\/p>","protected":false},"featured_media":153883,"comment_status":"open","ping_status":"open","template":"","meta":[],"product_brand":[],"product_cat":[9399,1173,4105],"product_tag":[],"class_list":{"0":"post-153882","1":"product","2":"type-product","3":"status-publish","4":"has-post-thumbnail","6":"product_cat-furniture-system-baros","7":"product_cat-chests-of-drawers","8":"product_cat-helvetia","10":"first","11":"instock","12":"purchasable","13":"product-type-simple"},"_links":{"self":[{"href":"https:\/\/baldumarket.lt\/lt\/wp-json\/wp\/v2\/product\/153882","targetHints":{"allow":["GET"]}}],"collection":[{"href":"https:\/\/baldumarket.lt\/lt\/wp-json\/wp\/v2\/product"}],"about":[{"href":"https:\/\/baldumarket.lt\/lt\/wp-json\/wp\/v2\/types\/product"}],"replies":[{"embeddable":true,"href":"https:\/\/baldumarket.lt\/lt\/wp-json\/wp\/v2\/comments?post=153882"}],"wp:featuredmedia":[{"embeddable":true,"href":"https:\/\/baldumarket.lt\/lt\/wp-json\/wp\/v2\/media\/153883"}],"wp:attachment":[{"href":"https:\/\/baldumarket.lt\/lt\/wp-json\/wp\/v2\/media?parent=153882"}],"wp:term":[{"taxonomy":"product_brand","embeddable":true,"href":"https:\/\/baldumarket.lt\/lt\/wp-json\/wp\/v2\/product_brand?post=153882"},{"taxonomy":"product_cat","embeddable":true,"href":"https:\/\/baldumarket.lt\/lt\/wp-json\/wp\/v2\/product_cat?post=153882"},{"taxonomy":"product_tag","embeddable":true,"href":"https:\/\/baldumarket.lt\/lt\/wp-json\/wp\/v2\/product_tag?post=153882"}],"curies":[{"name":"wp","href":"https:\/\/api.w.org\/{rel}","templated":true}]}}