{"id":153877,"date":"2025-12-18T17:05:34","date_gmt":"2025-12-18T14:05:34","guid":{"rendered":"https:\/\/baldumarket.lt\/product\/baros-komoda-2d3s-orzech-satynowy-touchwood\/"},"modified":"2026-02-05T09:12:29","modified_gmt":"2026-02-05T06:12:29","slug":"baros-komoda-2d3s-orzech-satynowy-touchwood","status":"publish","type":"product","link":"https:\/\/baldumarket.lt\/lt\/product\/baros-komoda-2d3s-orzech-satynowy-touchwood\/","title":{"rendered":"Baros komoda, 2D3S, satino rie\u0161uto \/ medienos imitacija"},"content":{"rendered":"<p>\u012ene\u0161kite \u0161ilumos ir elegancijos \u012f savo interjer\u0105 su garsaus \u201eHelvetia\u201c prek\u0117s \u017eenklo \u201eBaros\u201c indauja. I\u0161skirtinis dizainas ir funkcionalumas susijungia, sukurdami bald\u0105, kuris taps bet kurio kambario traukos centru. Prakti\u0161ki matmenys \u2013 plotis 132 cm, auk\u0161tis 70 cm ir gylis 39 cm \u2013 leid\u017eia lengvai pritaikyti j\u012f \u012fvairaus dyd\u017eio erdv\u0117ms. Satin Walnut atspalvis kartu su nat\u016brali\u0105 medien\u0105 primenan\u010dia \u201eTouchwood\u201c tekst\u016bra suteikia \u0161ilumos ir sukuria jauki\u0105 atmosfer\u0105. Indauja susideda i\u0161 dviej\u0173 dureli\u0173 ir trij\u0173 stal\u010di\u0173, si\u016blan\u010di\u0173 steb\u0117tinai daug vietos daiktams susid\u0117ti. Be to, dvi \u012fleid\u017eiamos lentynos sukuria puik\u0173 sprendim\u0105 dekoratyviniams daiktams ar knygoms eksponuoti. Priekin\u0117s dalys pagamintos i\u0161 auk\u0161tos kokyb\u0117s laminuotos baldin\u0117s plok\u0161t\u0117s, u\u017etikrinan\u010dios ilgaam\u017ei\u0161kum\u0105 ir lengv\u0105 valym\u0105. Korpusas, taip pat pagamintas i\u0161 tos pa\u010dios patvarios plok\u0161t\u0117s, i\u0161laiko harmoning\u0105 spalv\u0173 ir med\u017eiag\u0173 balans\u0105. \u201eBaros\u201c indauja prisijungia prie bald\u0173, kuriuos klientai gali surinkti patys, grup\u0117s \u2013 tai prakti\u0161ka savyb\u0117, leid\u017eianti geriau suprasti baldo konstrukcij\u0105. Moderni\u0173 sprendim\u0173 m\u0117g\u0117jams yra galimyb\u0117 komplektuoti komod\u0105 su LED ap\u0161vietimu, kuris dar labiau pabr\u0117\u0161 gaminio estetin\u0119 vert\u0119 ir \u012fne\u0161 \u012f kambar\u012f atmosferin\u0117s \u0161viesos.<\/p>","protected":false},"excerpt":{"rendered":"<p>Plotis (cm): 132<br \/>\n\u016agis (cm): 70<br \/>\nGylis (cm): 39<\/p>","protected":false},"featured_media":153878,"comment_status":"open","ping_status":"open","template":"","meta":[],"product_brand":[],"product_cat":[9399,1173,4105],"product_tag":[],"class_list":{"0":"post-153877","1":"product","2":"type-product","3":"status-publish","4":"has-post-thumbnail","6":"product_cat-furniture-system-baros","7":"product_cat-chests-of-drawers","8":"product_cat-helvetia","10":"first","11":"instock","12":"purchasable","13":"product-type-simple"},"_links":{"self":[{"href":"https:\/\/baldumarket.lt\/lt\/wp-json\/wp\/v2\/product\/153877","targetHints":{"allow":["GET"]}}],"collection":[{"href":"https:\/\/baldumarket.lt\/lt\/wp-json\/wp\/v2\/product"}],"about":[{"href":"https:\/\/baldumarket.lt\/lt\/wp-json\/wp\/v2\/types\/product"}],"replies":[{"embeddable":true,"href":"https:\/\/baldumarket.lt\/lt\/wp-json\/wp\/v2\/comments?post=153877"}],"wp:featuredmedia":[{"embeddable":true,"href":"https:\/\/baldumarket.lt\/lt\/wp-json\/wp\/v2\/media\/153878"}],"wp:attachment":[{"href":"https:\/\/baldumarket.lt\/lt\/wp-json\/wp\/v2\/media?parent=153877"}],"wp:term":[{"taxonomy":"product_brand","embeddable":true,"href":"https:\/\/baldumarket.lt\/lt\/wp-json\/wp\/v2\/product_brand?post=153877"},{"taxonomy":"product_cat","embeddable":true,"href":"https:\/\/baldumarket.lt\/lt\/wp-json\/wp\/v2\/product_cat?post=153877"},{"taxonomy":"product_tag","embeddable":true,"href":"https:\/\/baldumarket.lt\/lt\/wp-json\/wp\/v2\/product_tag?post=153877"}],"curies":[{"name":"wp","href":"https:\/\/api.w.org\/{rel}","templated":true}]}}