{"id":153864,"date":"2025-12-18T17:05:08","date_gmt":"2025-12-18T14:05:08","guid":{"rendered":"https:\/\/baldumarket.lt\/product\/baros-mebloscianka-dab-wotan\/"},"modified":"2026-02-05T09:12:37","modified_gmt":"2026-02-05T06:12:37","slug":"baros-mebloscianka-dab-wotan","status":"publish","type":"product","link":"https:\/\/baldumarket.lt\/lt\/product\/baros-mebloscianka-dab-wotan\/","title":{"rendered":"Baros &#8211; Wotan \u0105\u017euolin\u0117 sienin\u0117 spintel\u0117"},"content":{"rendered":"<p>Su \u201eBaros\u201c sienine spintele \u201eWotan Oak\u201c atraskite tobul\u0105 stiliaus ir prakti\u0161kumo derin\u012f. \u0160is unikalus baldas puikiai dera prie modernaus interjero, suteikdamas jam klasikin\u012f, ta\u010diau gaiv\u0173 charakter\u012f. Nat\u016bralus, \u0161iltas \u0105\u017euolo atspalvis suteikia jaukumo ir elegancijos bet kuriam kambariui, tod\u0117l jis tampa harmoningesnis ir kvie\u010diantis. 270 cm plo\u010dio \u201eBaros\u201c sienin\u0117 spintel\u0117 si\u016blo daug vietos daiktams susid\u0117ti ir tampa bet kurio svetain\u0117s ar darbo kambario traukos centru. Eleganti\u0161ka, minimalistin\u0117 forma leid\u017eia lengvai integruotis \u012f \u012fvairius interjero stilius \u2013 nuo skandinavi\u0161ko iki industrinio. Prabangios detal\u0117s, tokios kaip subtil\u016bs linkiai ir kruop\u0161\u010diai apdirbti kra\u0161tai, pabr\u0117\u017eia auk\u0161t\u0105 kokyb\u0119 ir kruop\u0161t\u0173 meistri\u0161kum\u0105. Nesvarbu, ar norite eksponuoti m\u0117gstamas knygas, \u0161eimos nuotraukas ar eleganti\u0161kus aksesuarus, \u201eBaros\u201c sienin\u0117 spintel\u0117 pateisins j\u016bs\u0173 l\u016bkes\u010dius. Prakti\u0161kos lentynos ir erdvi lentyna leid\u017eia intuityviai ir esteti\u0161kai organizuoti daiktus. Tokiu b\u016bdu visk\u0105, ko jums reikia, rasite lengvai pasiekiamoje vietoje, o j\u016bs\u0173 interjeras visada atrodys tvarkingas ir tvarkingas.<\/p>","protected":false},"excerpt":{"rendered":"<p>Plotis (cm): 270<br \/>\nGylis (cm): 41<\/p>","protected":false},"featured_media":153865,"comment_status":"open","ping_status":"open","template":"","meta":[],"product_brand":[],"product_cat":[9399,4105,2008],"product_tag":[],"class_list":{"0":"post-153864","1":"product","2":"type-product","3":"status-publish","4":"has-post-thumbnail","6":"product_cat-furniture-system-baros","7":"product_cat-helvetia","8":"product_cat-wall-units","10":"first","11":"instock","12":"purchasable","13":"product-type-simple"},"_links":{"self":[{"href":"https:\/\/baldumarket.lt\/lt\/wp-json\/wp\/v2\/product\/153864","targetHints":{"allow":["GET"]}}],"collection":[{"href":"https:\/\/baldumarket.lt\/lt\/wp-json\/wp\/v2\/product"}],"about":[{"href":"https:\/\/baldumarket.lt\/lt\/wp-json\/wp\/v2\/types\/product"}],"replies":[{"embeddable":true,"href":"https:\/\/baldumarket.lt\/lt\/wp-json\/wp\/v2\/comments?post=153864"}],"wp:featuredmedia":[{"embeddable":true,"href":"https:\/\/baldumarket.lt\/lt\/wp-json\/wp\/v2\/media\/153865"}],"wp:attachment":[{"href":"https:\/\/baldumarket.lt\/lt\/wp-json\/wp\/v2\/media?parent=153864"}],"wp:term":[{"taxonomy":"product_brand","embeddable":true,"href":"https:\/\/baldumarket.lt\/lt\/wp-json\/wp\/v2\/product_brand?post=153864"},{"taxonomy":"product_cat","embeddable":true,"href":"https:\/\/baldumarket.lt\/lt\/wp-json\/wp\/v2\/product_cat?post=153864"},{"taxonomy":"product_tag","embeddable":true,"href":"https:\/\/baldumarket.lt\/lt\/wp-json\/wp\/v2\/product_tag?post=153864"}],"curies":[{"name":"wp","href":"https:\/\/api.w.org\/{rel}","templated":true}]}}