{"id":153856,"date":"2025-12-18T17:04:52","date_gmt":"2025-12-18T14:04:52","guid":{"rendered":"https:\/\/baldumarket.lt\/product\/baros-mebloscianka-bez-jasny\/"},"modified":"2026-02-05T09:12:37","modified_gmt":"2026-02-05T06:12:37","slug":"baros-mebloscianka-bez-jasny","status":"publish","type":"product","link":"https:\/\/baldumarket.lt\/lt\/product\/baros-mebloscianka-bez-jasny\/","title":{"rendered":"Baros \u2013 \u0160viesiai sm\u0117lio spalvos sienin\u0117 spintel\u0117"},"content":{"rendered":"<p>Atraskite nauj\u0105 elegancijos dimensij\u0105 savo interjere su \u0161viesiai sm\u0117lio spalvos \u201eBaros\u201c sienine spintele. \u0160is unikalus baldas ne tik suteiks harmonijos j\u016bs\u0173 svetainei, bet ir sukurs jauki\u0105 atmosfer\u0105, puikiai tinkan\u010di\u0105 atsipalaiduoti po ilgos dienos. D\u0117l minimalistinio dizaino ir nat\u016brali\u0173 spalv\u0173 \u0161i sienin\u0117 spintel\u0117 puikiai dera tiek prie modernaus, tiek prie klasikinio interjero, suteikdama subtilumo ir elegancijos. \u0160viesiai sm\u0117lio spalva padeda sukurti vizualin\u012f erdv\u0117s poj\u016bt\u012f, tod\u0117l \u0161is baldas idealiai tinka net ma\u017eoms erdv\u0117ms. \u201eBaros\u201c i\u0161siskiria ne tik estetika, bet ir puikiu erdv\u0117s i\u0161naudojimu. D\u0117l laminuotos plok\u0161t\u0117s naudojimo tiek priekin\u0117s dalys, tiek korpusas pasi\u017eymi ne tik eleganti\u0161ka i\u0161vaizda, bet ir atsparumu kasdieniam naudojimui, tod\u0117l \u0161is gaminys yra idealus pasirinkimas \u0161eimoms. N\u0117ra nieko geriau u\u017e bald\u0105, kuris derina elegancij\u0105 ir funkcionalum\u0105. \u201eBaros\u201c sienin\u0117 spintel\u0117 yra puiki vieta laikyti knygas, dekoracijas ar asmeninius daiktus, kuriuos norite visada tur\u0117ti po ranka. Be to, atviros lentynos suteikia puiki\u0105 erdv\u0119 m\u0117gstamiausiems daiktams eksponuoti, suteikdamos kambariui asmeni\u0161kumo.<\/p>","protected":false},"excerpt":{"rendered":"<p>Plotis (cm): 270<br \/>\nGylis (cm): 41<\/p>","protected":false},"featured_media":153857,"comment_status":"open","ping_status":"open","template":"","meta":[],"product_brand":[],"product_cat":[9399,4105,2008],"product_tag":[],"class_list":{"0":"post-153856","1":"product","2":"type-product","3":"status-publish","4":"has-post-thumbnail","6":"product_cat-furniture-system-baros","7":"product_cat-helvetia","8":"product_cat-wall-units","10":"first","11":"instock","12":"purchasable","13":"product-type-simple"},"_links":{"self":[{"href":"https:\/\/baldumarket.lt\/lt\/wp-json\/wp\/v2\/product\/153856","targetHints":{"allow":["GET"]}}],"collection":[{"href":"https:\/\/baldumarket.lt\/lt\/wp-json\/wp\/v2\/product"}],"about":[{"href":"https:\/\/baldumarket.lt\/lt\/wp-json\/wp\/v2\/types\/product"}],"replies":[{"embeddable":true,"href":"https:\/\/baldumarket.lt\/lt\/wp-json\/wp\/v2\/comments?post=153856"}],"wp:featuredmedia":[{"embeddable":true,"href":"https:\/\/baldumarket.lt\/lt\/wp-json\/wp\/v2\/media\/153857"}],"wp:attachment":[{"href":"https:\/\/baldumarket.lt\/lt\/wp-json\/wp\/v2\/media?parent=153856"}],"wp:term":[{"taxonomy":"product_brand","embeddable":true,"href":"https:\/\/baldumarket.lt\/lt\/wp-json\/wp\/v2\/product_brand?post=153856"},{"taxonomy":"product_cat","embeddable":true,"href":"https:\/\/baldumarket.lt\/lt\/wp-json\/wp\/v2\/product_cat?post=153856"},{"taxonomy":"product_tag","embeddable":true,"href":"https:\/\/baldumarket.lt\/lt\/wp-json\/wp\/v2\/product_tag?post=153856"}],"curies":[{"name":"wp","href":"https:\/\/api.w.org\/{rel}","templated":true}]}}