{"id":153848,"date":"2025-12-18T17:04:34","date_gmt":"2025-12-18T14:04:34","guid":{"rendered":"https:\/\/baldumarket.lt\/product\/baros-komoda-2d3s-dab-wotan\/"},"modified":"2026-02-05T09:12:37","modified_gmt":"2026-02-05T06:12:37","slug":"baros-komoda-2d3s-dab-wotan","status":"publish","type":"product","link":"https:\/\/baldumarket.lt\/lt\/product\/baros-komoda-2d3s-dab-wotan\/","title":{"rendered":"Baros &#8211; Komoda 2D3S Wotan \u0105\u017euolas"},"content":{"rendered":"<p>Atraskite \u201eBaros\u201c kolekcijos gro\u017e\u012f ir funkcionalum\u0105. 2D3S indauja i\u0161 \u201eWotan Oak\u201c \u0105\u017euolo \u2013 puikus pasirinkimas ie\u0161kantiems elegancijos savo interjere. Klasikinis dizainas ir \u0161iltas, nat\u016bralus \u0105\u017euolo atspalvis sukuria harmoning\u0105 atmosfer\u0105, kuri puikiai dera su \u012fvairiais i\u0161d\u0117stymais. Ji tikrai prad\u017eiugins visus, vertinan\u010dius stili\u0173 ir nesenstant\u012f gro\u017e\u012f. \u201eBaros\u201c indauja ne tik atrodo gra\u017eiai, bet ir si\u016blo prakti\u0161kus daikt\u0173 laikymo sprendimus. Jos pagalba galite susitvarkyti savo daiktus taip, kad b\u016bt\u0173 u\u017etikrinta tvarka. Erdvi\u0173 stal\u010di\u0173 ir lentyn\u0173 d\u0117ka galite lengvai susitvarkyti nam\u0173 aksesuarus, dokumentus ir nieku\u010dius. Unikali daikt\u0173 laikymo sistema paver\u010dia indauja ne tik baldu, bet ir b\u016btinu kasdienio gyvenimo elementu. Pagaminta i\u0161 auk\u0161tos kokyb\u0117s laminuotos plok\u0161t\u0117s, indauja yra ne tik esteti\u0161kai patraukli, bet ir patvari. Tvirta konstrukcija garantuoja ilgalaik\u012f naudojim\u0105, o eleganti\u0161ki metaliniai vyriai suteikia unikal\u0173 charakter\u012f. \u201eBaros\u201c puikiai tiks svetainei, miegamajam ir nam\u0173 biurui, kur ji bus ir dekoratyvi, ir prakti\u0161ka.<\/p>","protected":false},"excerpt":{"rendered":"<p>Plotis (cm): 132<br \/>\n\u016agis (cm): 70<br \/>\nGylis (cm): 39<\/p>","protected":false},"featured_media":153849,"comment_status":"open","ping_status":"open","template":"","meta":[],"product_brand":[],"product_cat":[9399,1173,4105],"product_tag":[],"class_list":{"0":"post-153848","1":"product","2":"type-product","3":"status-publish","4":"has-post-thumbnail","6":"product_cat-furniture-system-baros","7":"product_cat-chests-of-drawers","8":"product_cat-helvetia","10":"first","11":"instock","12":"purchasable","13":"product-type-simple"},"_links":{"self":[{"href":"https:\/\/baldumarket.lt\/lt\/wp-json\/wp\/v2\/product\/153848","targetHints":{"allow":["GET"]}}],"collection":[{"href":"https:\/\/baldumarket.lt\/lt\/wp-json\/wp\/v2\/product"}],"about":[{"href":"https:\/\/baldumarket.lt\/lt\/wp-json\/wp\/v2\/types\/product"}],"replies":[{"embeddable":true,"href":"https:\/\/baldumarket.lt\/lt\/wp-json\/wp\/v2\/comments?post=153848"}],"wp:featuredmedia":[{"embeddable":true,"href":"https:\/\/baldumarket.lt\/lt\/wp-json\/wp\/v2\/media\/153849"}],"wp:attachment":[{"href":"https:\/\/baldumarket.lt\/lt\/wp-json\/wp\/v2\/media?parent=153848"}],"wp:term":[{"taxonomy":"product_brand","embeddable":true,"href":"https:\/\/baldumarket.lt\/lt\/wp-json\/wp\/v2\/product_brand?post=153848"},{"taxonomy":"product_cat","embeddable":true,"href":"https:\/\/baldumarket.lt\/lt\/wp-json\/wp\/v2\/product_cat?post=153848"},{"taxonomy":"product_tag","embeddable":true,"href":"https:\/\/baldumarket.lt\/lt\/wp-json\/wp\/v2\/product_tag?post=153848"}],"curies":[{"name":"wp","href":"https:\/\/api.w.org\/{rel}","templated":true}]}}