{"id":153840,"date":"2025-12-18T17:04:18","date_gmt":"2025-12-18T14:04:18","guid":{"rendered":"https:\/\/baldumarket.lt\/product\/baros-komoda-2d3s-bez-jasny\/"},"modified":"2026-02-05T09:12:37","modified_gmt":"2026-02-05T06:12:37","slug":"baros-komoda-2d3s-bez-jasny","status":"publish","type":"product","link":"https:\/\/baldumarket.lt\/lt\/product\/baros-komoda-2d3s-bez-jasny\/","title":{"rendered":"Baros \u2013 Komoda 2D3S \u0160viesiai sm\u0117lio spalvos"},"content":{"rendered":"<p>Atraskite elegancijos ir funkcionalumo savo interjere su garsaus \u201eHelvetia\u201c prek\u0117s \u017eenklo \u201eBaros 2D3S\u201c komoda. Sm\u0117lio spalvos atspalvis suteikia jaukumo bet kuriam kambariui, o minimalistinis dizainas puikiai dera su naujausiomis dekoro tendencijomis. Komoda \u017eavi savo paprastumu ir universalumu, tod\u0117l puikiai tinka bet kuriam svetainei, miegamajam ar biurui. \u201eBaros 2D3S\u201c komoda ne tik atrodo gra\u017eiai, bet ir si\u016blo prakti\u0161kus sprendimus j\u016bs\u0173 erdvei sutvarkyti. D\u0117l trij\u0173 erdvi\u0173 lentyn\u0173 ir dviej\u0173 stal\u010di\u0173 galite lengvai susitvarkyti savo daiktus, palaikydami tvarking\u0105 aplink\u0105. Apsilankykite joje ir pasisemkite kasdien\u0117s \u012fkv\u0117pimo doz\u0117s \u2013 ji puikiai tinka knygoms, dokumentams ar \u012fvairiems smulkiems daiktams, kuriuos norite visada tur\u0117ti po ranka, laikyti. Pagaminta i\u0161 laminuotos plok\u0161t\u0117s, komoda u\u017etikrina ne tik patvarum\u0105, bet ir lengv\u0105 prie\u017ei\u016br\u0105. Tvirta konstrukcija garantuoja ilgaam\u017ei\u0161kum\u0105, o lyg\u016bs pavir\u0161iai leid\u017eia greitai valyti. Surinkimas yra paprastas ir intuityvus, tod\u0117l galite j\u0105 surinkti patys be joki\u0173 r\u016bpes\u010di\u0173.<\/p>","protected":false},"excerpt":{"rendered":"<p>Plotis (cm): 132<br \/>\n\u016agis (cm): 70<br \/>\nGylis (cm): 39<\/p>","protected":false},"featured_media":153841,"comment_status":"open","ping_status":"open","template":"","meta":[],"product_brand":[],"product_cat":[9399,1173,4105],"product_tag":[],"class_list":{"0":"post-153840","1":"product","2":"type-product","3":"status-publish","4":"has-post-thumbnail","6":"product_cat-furniture-system-baros","7":"product_cat-chests-of-drawers","8":"product_cat-helvetia","10":"first","11":"instock","12":"purchasable","13":"product-type-simple"},"_links":{"self":[{"href":"https:\/\/baldumarket.lt\/lt\/wp-json\/wp\/v2\/product\/153840","targetHints":{"allow":["GET"]}}],"collection":[{"href":"https:\/\/baldumarket.lt\/lt\/wp-json\/wp\/v2\/product"}],"about":[{"href":"https:\/\/baldumarket.lt\/lt\/wp-json\/wp\/v2\/types\/product"}],"replies":[{"embeddable":true,"href":"https:\/\/baldumarket.lt\/lt\/wp-json\/wp\/v2\/comments?post=153840"}],"wp:featuredmedia":[{"embeddable":true,"href":"https:\/\/baldumarket.lt\/lt\/wp-json\/wp\/v2\/media\/153841"}],"wp:attachment":[{"href":"https:\/\/baldumarket.lt\/lt\/wp-json\/wp\/v2\/media?parent=153840"}],"wp:term":[{"taxonomy":"product_brand","embeddable":true,"href":"https:\/\/baldumarket.lt\/lt\/wp-json\/wp\/v2\/product_brand?post=153840"},{"taxonomy":"product_cat","embeddable":true,"href":"https:\/\/baldumarket.lt\/lt\/wp-json\/wp\/v2\/product_cat?post=153840"},{"taxonomy":"product_tag","embeddable":true,"href":"https:\/\/baldumarket.lt\/lt\/wp-json\/wp\/v2\/product_tag?post=153840"}],"curies":[{"name":"wp","href":"https:\/\/api.w.org\/{rel}","templated":true}]}}