{"id":153832,"date":"2025-12-18T17:04:01","date_gmt":"2025-12-18T14:04:01","guid":{"rendered":"https:\/\/baldumarket.lt\/product\/aza-zabudowa-na-pralke-suszarke-1s1p-orzech-villa\/"},"modified":"2026-02-05T10:30:33","modified_gmt":"2026-02-05T07:30:33","slug":"aza-zabudowa-na-pralke-suszarke-1s1p-orzech-villa","status":"publish","type":"product","link":"https:\/\/baldumarket.lt\/lt\/product\/aza-zabudowa-na-pralke-suszarke-1s1p-orzech-villa\/","title":{"rendered":"Aza &#8211; skalbimo ma\u0161ina \/ d\u017eiovykl\u0117 1S1P Walnut Villa"},"content":{"rendered":"<p>Atraskite nauj\u0105 tvarkos lyg\u012f savo namuose su \u012fmontuojama skalbimo ma\u0161ina ir d\u017eiovykle \u201eAza\u201c i\u0161 \u017einomo prek\u0117s \u017eenklo \u201eHelvetia\u201c. \u0160is rie\u0161utmed\u017eio laminato spintel\u0117, pasi\u017eyminti eleganti\u0161ka forma ir funkcionalumu, suteiks j\u016bs\u0173 interjerui \u0161ilumos ir stiliaus, tuo pa\u010diu pasl\u0117pdama visus prietaisus. D\u0117l savo plon\u0173 matmen\u0173 tai puikus sprendimas bet kokiam kambariui, nesvarbu, ar tai vonios kambarys, skalbykla, ar net virtuv\u0117. \u201eAza\u201c spintel\u0117 i\u0161siskiria ne tik estetiniu patrauklumu, bet ir kasdieniais privalumais. Gerai apgalvotas dizainas u\u017etikrina tinkam\u0105 v\u0117dinim\u0105 ir viet\u0105 skalbimo priemon\u0117ms bei priedams laikyti, tod\u0117l skalbini\u0173 prie\u017ei\u016bra tampa daug patogesn\u0117. Kai viskas turi savo viet\u0105, lengviau palaikyti tvark\u0105 ir estetik\u0105 namuose, o kasdieniai darbai tampa ma\u017eiau sunk\u016bs. Metaliniai b\u0117geliai ir matin\u0117 juoda rankena yra neatsiejami spintel\u0117s elementai, suteikiantys bendrai i\u0161vaizdai modernumo. Tvirta laminato plok\u0161t\u0117, tiek korpuse, tiek priekyje, garantuoja patvarum\u0105 ir atsparum\u0105 pa\u017eeidimams, taip pat lengv\u0105 valym\u0105. D\u0117l to \u201eAza\u201c konstrukcija ne tik puikiai atrodo, bet ir tarnauja daugel\u012f met\u0173, i\u0161laikydama originali\u0105 i\u0161vaizd\u0105.<\/p>","protected":false},"excerpt":{"rendered":"<p>Plotis (cm): 67<br \/>\n\u016agis (cm): 144<br \/>\nGylis (cm): 65<\/p>","protected":false},"featured_media":153833,"comment_status":"open","ping_status":"open","template":"","meta":[],"product_brand":[],"product_cat":[9414,4105,1987],"product_tag":[],"class_list":{"0":"post-153832","1":"product","2":"type-product","3":"status-publish","4":"has-post-thumbnail","6":"product_cat-furniture-system-aza","7":"product_cat-helvetia","8":"product_cat-shelving-units","10":"first","11":"instock","12":"purchasable","13":"product-type-simple"},"_links":{"self":[{"href":"https:\/\/baldumarket.lt\/lt\/wp-json\/wp\/v2\/product\/153832","targetHints":{"allow":["GET"]}}],"collection":[{"href":"https:\/\/baldumarket.lt\/lt\/wp-json\/wp\/v2\/product"}],"about":[{"href":"https:\/\/baldumarket.lt\/lt\/wp-json\/wp\/v2\/types\/product"}],"replies":[{"embeddable":true,"href":"https:\/\/baldumarket.lt\/lt\/wp-json\/wp\/v2\/comments?post=153832"}],"wp:featuredmedia":[{"embeddable":true,"href":"https:\/\/baldumarket.lt\/lt\/wp-json\/wp\/v2\/media\/153833"}],"wp:attachment":[{"href":"https:\/\/baldumarket.lt\/lt\/wp-json\/wp\/v2\/media?parent=153832"}],"wp:term":[{"taxonomy":"product_brand","embeddable":true,"href":"https:\/\/baldumarket.lt\/lt\/wp-json\/wp\/v2\/product_brand?post=153832"},{"taxonomy":"product_cat","embeddable":true,"href":"https:\/\/baldumarket.lt\/lt\/wp-json\/wp\/v2\/product_cat?post=153832"},{"taxonomy":"product_tag","embeddable":true,"href":"https:\/\/baldumarket.lt\/lt\/wp-json\/wp\/v2\/product_tag?post=153832"}],"curies":[{"name":"wp","href":"https:\/\/api.w.org\/{rel}","templated":true}]}}