{"id":153824,"date":"2025-12-18T17:03:43","date_gmt":"2025-12-18T14:03:43","guid":{"rendered":"https:\/\/baldumarket.lt\/product\/aza-zabudowa-na-pralke-suszarke-1s1p-kaszmir\/"},"modified":"2026-02-05T10:30:33","modified_gmt":"2026-02-05T07:30:33","slug":"aza-zabudowa-na-pralke-suszarke-1s1p-kaszmir","status":"publish","type":"product","link":"https:\/\/baldumarket.lt\/lt\/product\/aza-zabudowa-na-pralke-suszarke-1s1p-kaszmir\/","title":{"rendered":"Aza &#8211; Skalbimo ma\u0161ina\/d\u017eiovykl\u0117 1S1P Ka\u0161myras"},"content":{"rendered":"<p>Atraskite, kaip lengvai galite sutvarkyti savo erdv\u0119 su \u201eHelvetia\u201c \u012fmontuojama skalbimo ma\u0161ina ir d\u017eiovykle \u201eAza\u201c. \u0160is prakti\u0161kas, eleganti\u0161kos ka\u0161myro spalvos baldas ne tik suteiks tvarkos j\u016bs\u0173 vonios kambariui, bet ir suteiks jam stilingo akcento. 67 cm plo\u010dio, 144 cm auk\u0161\u010dio ir 65 cm gylio, jis puikiai tinka daugumai kambari\u0173, leisdamas efektyviai i\u0161naudoti turim\u0105 erdv\u0119. \u201eAza\u201c spintel\u0117 pasi\u017eymi ne tik estetika, bet ir funkcionalumu. D\u0117l metalini\u0173 b\u0117geli\u0173 ir tvirtos laminuotos plok\u0161t\u0117s konstrukcijos galite b\u016bti tikri d\u0117l jos patvarumo ir stabilumo. I\u0161 tos pa\u010dios med\u017eiagos pagamintos lentynos puikiai tinka skalbimo priemon\u0117ms ir priedams laikyti, u\u017etikrinant, kad viskas, ko jums reikia, visada b\u016bt\u0173 po ranka. Moderni matin\u0117 juoda rankena u\u017ebaigia i\u0161vaizd\u0105, suteikdama spintelei charakterio ir elegancijos. D\u0117l paprasto surinkimo galite lengvai pritaikyti spintel\u0119 savo poreikiams. Net ir neturintys bald\u0173 surinkimo patirties gali patys surinkti \u201eAza\u201c. Naudodamiesi prid\u0117tomis instrukcijomis, galite greitai sukurti funkcionali\u0105 erdv\u0119 aplink skalbimo ma\u0161in\u0105 ir d\u017eiovykl\u0119, kuri supaprastins j\u016bs\u0173 kasdienius darbus.<\/p>","protected":false},"excerpt":{"rendered":"<p>Plotis (cm): 67<br \/>\n\u016agis (cm): 144<br \/>\nGylis (cm): 65<\/p>","protected":false},"featured_media":153825,"comment_status":"open","ping_status":"open","template":"","meta":[],"product_brand":[],"product_cat":[9414,4105,1987],"product_tag":[],"class_list":{"0":"post-153824","1":"product","2":"type-product","3":"status-publish","4":"has-post-thumbnail","6":"product_cat-furniture-system-aza","7":"product_cat-helvetia","8":"product_cat-shelving-units","10":"first","11":"instock","12":"purchasable","13":"product-type-simple"},"_links":{"self":[{"href":"https:\/\/baldumarket.lt\/lt\/wp-json\/wp\/v2\/product\/153824","targetHints":{"allow":["GET"]}}],"collection":[{"href":"https:\/\/baldumarket.lt\/lt\/wp-json\/wp\/v2\/product"}],"about":[{"href":"https:\/\/baldumarket.lt\/lt\/wp-json\/wp\/v2\/types\/product"}],"replies":[{"embeddable":true,"href":"https:\/\/baldumarket.lt\/lt\/wp-json\/wp\/v2\/comments?post=153824"}],"wp:featuredmedia":[{"embeddable":true,"href":"https:\/\/baldumarket.lt\/lt\/wp-json\/wp\/v2\/media\/153825"}],"wp:attachment":[{"href":"https:\/\/baldumarket.lt\/lt\/wp-json\/wp\/v2\/media?parent=153824"}],"wp:term":[{"taxonomy":"product_brand","embeddable":true,"href":"https:\/\/baldumarket.lt\/lt\/wp-json\/wp\/v2\/product_brand?post=153824"},{"taxonomy":"product_cat","embeddable":true,"href":"https:\/\/baldumarket.lt\/lt\/wp-json\/wp\/v2\/product_cat?post=153824"},{"taxonomy":"product_tag","embeddable":true,"href":"https:\/\/baldumarket.lt\/lt\/wp-json\/wp\/v2\/product_tag?post=153824"}],"curies":[{"name":"wp","href":"https:\/\/api.w.org\/{rel}","templated":true}]}}