{"id":153818,"date":"2025-12-18T17:03:31","date_gmt":"2025-12-18T14:03:31","guid":{"rendered":"https:\/\/baldumarket.lt\/product\/aza-zabudowa-na-pralke-suszarke-1s1p-bialy-mat\/"},"modified":"2026-02-05T10:30:33","modified_gmt":"2026-02-05T07:30:33","slug":"aza-zabudowa-na-pralke-suszarke-1s1p-bialy-mat","status":"publish","type":"product","link":"https:\/\/baldumarket.lt\/lt\/product\/aza-zabudowa-na-pralke-suszarke-1s1p-bialy-mat\/","title":{"rendered":"Aza &#8211; Skalbimo ma\u0161inos\/d\u017eiovykl\u0117s spintel\u0117 1S1P matin\u0117 balta"},"content":{"rendered":"<p>\u012ene\u0161kite harmonijos ir tvarkos \u012f savo vonios kambar\u012f su \u012fmontuojama \u201eHelvetia\u201c skalbimo ma\u0161ina ir d\u017eiovykle \u201eAza\u201c. \u0160is eleganti\u0161kas, matin\u0117s baltos spalvos \u012frenginys ne tik bus prakti\u0161kas sprendimas j\u016bs\u0173 interjerui, bet ir gra\u017eiai prie jo der\u0117s. Ideal\u016bs jo matmenys \u2013 67 cm plo\u010dio, 144 cm auk\u0161\u010dio ir 65 cm gylio \u2013 puikiai tinka bet kokiam vonios kambariui, nepriklausomai nuo jo dyd\u017eio. Sukurkite erdv\u0119, kuri ne tik atrodys esteti\u0161kai, bet ir palengvins kasdienes u\u017eduotis. Su u\u017edarais prietaisais jums nereik\u0117s r\u016bpintis j\u0173 i\u0161vaizda \u2013 \u201eAza\u201c paslepia skalbimo ma\u0161in\u0105 ir d\u017eiovykl\u0119, suteikdama interjerui tvarking\u0105 i\u0161vaizd\u0105. Be to, matin\u0117 juoda rankena suteikia modernumo ir yra labai funkcionali, u\u017etikrindama patogi\u0105 prieig\u0105 prie daiktad\u0117\u017ei\u0173. Gamyboje naudojama med\u017eiaga \u2013 laminuota plok\u0161t\u0117 \u2013 garantuoja patvarum\u0105 ir lengv\u0105 valym\u0105. Jums nereikia jaudintis d\u0117l kasdieni\u0173 \u012fbr\u0117\u017eim\u0173 ar d\u0117mi\u0173 \u2013 tiesiog nuvalykite pavir\u0161ius, kad jie v\u0117l atrodyt\u0173 kaip nauji. \u201eHelvetia\u201c baldai yra \u017einomi d\u0117l savo auk\u0161tos kokyb\u0117s, tod\u0117l galite b\u016bti tikri, kad investuojate \u012f produkt\u0105, kuris tarnaus jums daugel\u012f met\u0173.<\/p>","protected":false},"excerpt":{"rendered":"<p>Plotis (cm): 67<br \/>\n\u016agis (cm): 144<br \/>\nGylis (cm): 65<\/p>","protected":false},"featured_media":153819,"comment_status":"open","ping_status":"open","template":"","meta":[],"product_brand":[],"product_cat":[9414,4105,1987],"product_tag":[],"class_list":{"0":"post-153818","1":"product","2":"type-product","3":"status-publish","4":"has-post-thumbnail","6":"product_cat-furniture-system-aza","7":"product_cat-helvetia","8":"product_cat-shelving-units","10":"first","11":"instock","12":"purchasable","13":"product-type-simple"},"_links":{"self":[{"href":"https:\/\/baldumarket.lt\/lt\/wp-json\/wp\/v2\/product\/153818","targetHints":{"allow":["GET"]}}],"collection":[{"href":"https:\/\/baldumarket.lt\/lt\/wp-json\/wp\/v2\/product"}],"about":[{"href":"https:\/\/baldumarket.lt\/lt\/wp-json\/wp\/v2\/types\/product"}],"replies":[{"embeddable":true,"href":"https:\/\/baldumarket.lt\/lt\/wp-json\/wp\/v2\/comments?post=153818"}],"wp:featuredmedia":[{"embeddable":true,"href":"https:\/\/baldumarket.lt\/lt\/wp-json\/wp\/v2\/media\/153819"}],"wp:attachment":[{"href":"https:\/\/baldumarket.lt\/lt\/wp-json\/wp\/v2\/media?parent=153818"}],"wp:term":[{"taxonomy":"product_brand","embeddable":true,"href":"https:\/\/baldumarket.lt\/lt\/wp-json\/wp\/v2\/product_brand?post=153818"},{"taxonomy":"product_cat","embeddable":true,"href":"https:\/\/baldumarket.lt\/lt\/wp-json\/wp\/v2\/product_cat?post=153818"},{"taxonomy":"product_tag","embeddable":true,"href":"https:\/\/baldumarket.lt\/lt\/wp-json\/wp\/v2\/product_tag?post=153818"}],"curies":[{"name":"wp","href":"https:\/\/api.w.org\/{rel}","templated":true}]}}