{"id":153811,"date":"2025-12-18T17:03:17","date_gmt":"2025-12-18T14:03:17","guid":{"rendered":"https:\/\/baldumarket.lt\/product\/aza-zabudowa-na-pralke-i-suszarke-1p-orzech-villa\/"},"modified":"2026-02-05T10:30:33","modified_gmt":"2026-02-05T07:30:33","slug":"aza-zabudowa-na-pralke-i-suszarke-1p-orzech-villa","status":"publish","type":"product","link":"https:\/\/baldumarket.lt\/lt\/product\/aza-zabudowa-na-pralke-i-suszarke-1p-orzech-villa\/","title":{"rendered":"Aza &#8211; skalbimo ma\u0161ina ir d\u017eiovykl\u0117 1P Walnut Villa"},"content":{"rendered":"<p>Atraskite modernios \u012fmontuojamos skalbimo ma\u0161inos ir d\u017eiovykl\u0117s \u201eAza\u201c privalumus, kuri derina funkcionalum\u0105 ir elegancij\u0105, puikiai papildydama j\u016bs\u0173 vonios kambario ar skalbyklos interjer\u0105. \u0160is 69 cm plo\u010dio ir 189 cm auk\u0161\u010dio spintel\u0117 yra puikus sprendimas laikyti prietaisus ir b\u016btiniausius priedus, kuriuos norite visada tur\u0117ti po ranka. \u201eVilla Walnut\u201c spalva suteikia jai \u0161ilt\u0105 ir jauk\u0173 charakter\u012f, sukurdama harmoning\u0105 atmosfer\u0105 bet kuriame interjere. Svarbu ne tik i\u0161vaizda! \u012emontuojama spintel\u0117 \u201eAza\u201c buvo sukurta atsi\u017evelgiant \u012f kasdienius poreikius. Viduje rasite kelet\u0105 lentyn\u0173, kuriose lengva sutvarkyti skalbimo priemones, rank\u0161luos\u010dius ir kitas skalbini\u0173 prie\u017ei\u016bros priemones. Be to, matin\u0117 juoda rankena su metaliniais b\u0117geliais u\u017etikrina ne tik stiling\u0105 i\u0161vaizd\u0105, bet ir patvarum\u0105 bei patikimum\u0105 kasdien naudojant. Jums niekada nebereik\u0117s susidurti su chaoti\u0161kai i\u0161m\u0117tytais priedais. Savaranki\u0161kas surinkimas skatina \u012fsipareigojim\u0105, kartu suteikdamas pasiekimo ir pasitenkinimo jausm\u0105. D\u0117l gerai apgalvot\u0173 instrukcij\u0173 net ir tie, kurie turi ma\u017eiau bald\u0173 surinkimo patirties, gali tai padaryti. Galite lengvai paversti savo erdv\u0119 funkcionalia, esteti\u0161kai patrauklia erdve, kuri d\u017eiugins ak\u012f ilgus metus.<\/p>","protected":false},"excerpt":{"rendered":"<p>Plotis (cm): 69<br \/>\n\u016agis (cm): 189<br \/>\nGylis (cm): 67<\/p>","protected":false},"featured_media":153812,"comment_status":"open","ping_status":"open","template":"","meta":[],"product_brand":[],"product_cat":[9414,4105,1987],"product_tag":[],"class_list":{"0":"post-153811","1":"product","2":"type-product","3":"status-publish","4":"has-post-thumbnail","6":"product_cat-furniture-system-aza","7":"product_cat-helvetia","8":"product_cat-shelving-units","10":"first","11":"instock","12":"purchasable","13":"product-type-simple"},"_links":{"self":[{"href":"https:\/\/baldumarket.lt\/lt\/wp-json\/wp\/v2\/product\/153811","targetHints":{"allow":["GET"]}}],"collection":[{"href":"https:\/\/baldumarket.lt\/lt\/wp-json\/wp\/v2\/product"}],"about":[{"href":"https:\/\/baldumarket.lt\/lt\/wp-json\/wp\/v2\/types\/product"}],"replies":[{"embeddable":true,"href":"https:\/\/baldumarket.lt\/lt\/wp-json\/wp\/v2\/comments?post=153811"}],"wp:featuredmedia":[{"embeddable":true,"href":"https:\/\/baldumarket.lt\/lt\/wp-json\/wp\/v2\/media\/153812"}],"wp:attachment":[{"href":"https:\/\/baldumarket.lt\/lt\/wp-json\/wp\/v2\/media?parent=153811"}],"wp:term":[{"taxonomy":"product_brand","embeddable":true,"href":"https:\/\/baldumarket.lt\/lt\/wp-json\/wp\/v2\/product_brand?post=153811"},{"taxonomy":"product_cat","embeddable":true,"href":"https:\/\/baldumarket.lt\/lt\/wp-json\/wp\/v2\/product_cat?post=153811"},{"taxonomy":"product_tag","embeddable":true,"href":"https:\/\/baldumarket.lt\/lt\/wp-json\/wp\/v2\/product_tag?post=153811"}],"curies":[{"name":"wp","href":"https:\/\/api.w.org\/{rel}","templated":true}]}}