{"id":153804,"date":"2025-12-18T17:03:02","date_gmt":"2025-12-18T14:03:02","guid":{"rendered":"https:\/\/baldumarket.lt\/product\/aza-zabudowa-na-pralke-i-suszarke-1p-kaszmir\/"},"modified":"2026-02-05T10:30:33","modified_gmt":"2026-02-05T07:30:33","slug":"aza-zabudowa-na-pralke-i-suszarke-1p-kaszmir","status":"publish","type":"product","link":"https:\/\/baldumarket.lt\/lt\/product\/aza-zabudowa-na-pralke-i-suszarke-1p-kaszmir\/","title":{"rendered":"Aza &#8211; skalbimo ma\u0161ina ir d\u017eiovykl\u0117 1P Ka\u0161myre"},"content":{"rendered":"<p>\u201eHelvetia\u201c \u012fmontuojama skalbimo ma\u0161ina ir d\u017eiovykl\u0117 \u201eAza\u201c \u2013 puikus sprendimas visiems, norintiems \u012f savo skalbykl\u0105 ar vonios kambar\u012f \u012fne\u0161ti tvarkos ir harmonijos. Pagaminta i\u0161 auk\u0161tos kokyb\u0117s laminuotos plok\u0161t\u0117s, eleganti\u0161kos ka\u0161myro spalvos, ji neabejotinai suteiks \u017eavesio j\u016bs\u0173 interjerui ir sukurs funkcionali\u0105 erdv\u0119 daiktams susid\u0117ti. Pagerinkite savo namus jau \u0161iandien, derindami estetik\u0105 su prakti\u0161kumu! Gerai apgalvotas dizainas, kurio auk\u0161tis yra 189 cm, o plotis \u2013 69 cm, suteikia daug vietos saugiai pastatyti skalbimo ma\u0161in\u0105 ir d\u017eiovykl\u0119. 67 cm gylis suteikia stabilumo ir patogumo. \u0160is sprendimas ne tik paslepia prietaisus, bet ir leid\u017eia lengvai pasiekti prietaisus, supaprastina kasdienes u\u017eduotis ir padeda palaikyti tvark\u0105 kambaryje. Be to, \u201eAza\u201c buvo sukurta atsi\u017evelgiant \u012f j\u016bs\u0173 patogum\u0105. Ji turi prakti\u0161kas lentynas ir matines juodas rankenas, kurios harmoningai dera su \u0161viesia r\u0117mo spalva. Ant jos galite laikyti skalbimo priemones, rank\u0161luos\u010dius ir \u012fvairius priedus, sukurdami visi\u0161kai organizuot\u0105 erdv\u0119. Tai ne tik baldas, tai tikras pagalbininkas kasdieniame gyvenime!<\/p>","protected":false},"excerpt":{"rendered":"<p>Plotis (cm): 69<br \/>\n\u016agis (cm): 189<br \/>\nGylis (cm): 67<\/p>","protected":false},"featured_media":153805,"comment_status":"open","ping_status":"open","template":"","meta":[],"product_brand":[],"product_cat":[9414,4105,1987],"product_tag":[],"class_list":{"0":"post-153804","1":"product","2":"type-product","3":"status-publish","4":"has-post-thumbnail","6":"product_cat-furniture-system-aza","7":"product_cat-helvetia","8":"product_cat-shelving-units","10":"first","11":"instock","12":"purchasable","13":"product-type-simple"},"_links":{"self":[{"href":"https:\/\/baldumarket.lt\/lt\/wp-json\/wp\/v2\/product\/153804","targetHints":{"allow":["GET"]}}],"collection":[{"href":"https:\/\/baldumarket.lt\/lt\/wp-json\/wp\/v2\/product"}],"about":[{"href":"https:\/\/baldumarket.lt\/lt\/wp-json\/wp\/v2\/types\/product"}],"replies":[{"embeddable":true,"href":"https:\/\/baldumarket.lt\/lt\/wp-json\/wp\/v2\/comments?post=153804"}],"wp:featuredmedia":[{"embeddable":true,"href":"https:\/\/baldumarket.lt\/lt\/wp-json\/wp\/v2\/media\/153805"}],"wp:attachment":[{"href":"https:\/\/baldumarket.lt\/lt\/wp-json\/wp\/v2\/media?parent=153804"}],"wp:term":[{"taxonomy":"product_brand","embeddable":true,"href":"https:\/\/baldumarket.lt\/lt\/wp-json\/wp\/v2\/product_brand?post=153804"},{"taxonomy":"product_cat","embeddable":true,"href":"https:\/\/baldumarket.lt\/lt\/wp-json\/wp\/v2\/product_cat?post=153804"},{"taxonomy":"product_tag","embeddable":true,"href":"https:\/\/baldumarket.lt\/lt\/wp-json\/wp\/v2\/product_tag?post=153804"}],"curies":[{"name":"wp","href":"https:\/\/api.w.org\/{rel}","templated":true}]}}