{"id":153796,"date":"2025-12-18T17:02:43","date_gmt":"2025-12-18T14:02:43","guid":{"rendered":"https:\/\/baldumarket.lt\/product\/aza-nadstawka-1d-orzech-villa\/"},"modified":"2026-02-05T10:30:33","modified_gmt":"2026-02-05T07:30:33","slug":"aza-nadstawka-1d-orzech-villa","status":"publish","type":"product","link":"https:\/\/baldumarket.lt\/lt\/product\/aza-nadstawka-1d-orzech-villa\/","title":{"rendered":"Aza \u2013 1D kunigas \u201eRie\u0161utmed\u017eio vila\u201c"},"content":{"rendered":"<p>Pristatome garsaus \u201eHelvetia\u201c prek\u0117s \u017eenklo 1D \u201eVilla Walnut\u201c \u0161onin\u012f staliuk\u0105, kuris taps ne tik funkcionaliu j\u016bs\u0173 nam\u0173 elementu, bet ir gra\u017eiu dekoratyviniu akcentu. Pagamintas i\u0161 auk\u0161tos kokyb\u0117s med\u017eiag\u0173, \u0161is unikalus baldas derina modern\u0173 dizain\u0105 su klasikiniu stiliumi, suteikdamas bet kokiam interjerui elegancijos. \u201eVilla Walnut\u201c korpusas ir priekin\u0117 dalis leid\u017eia \u0161oniniam staliukui skland\u017eiai dera su kitais baldais, sukurdami harmoning\u0105 visum\u0105. \u0160is \u0161oninis staliukas sukurtas atsi\u017evelgiant \u012f kasdienius poreikius. 67 cm plo\u010dio ir 44 cm auk\u0161\u010dio staliukas yra pakankamai erdvus, kad tilpt\u0173 b\u016btiniausi daiktai, neu\u017eimant daug vietos. Jis gali b\u016bti puiki vieta knygoms, \u0161eimos nuotraukoms ar m\u0117gstamoms dekoracijoms, kartu suteikdamas erdvei charakterio. Be to, eleganti\u0161kos matin\u0117s juodos metalin\u0117s rankenos pabr\u0117\u017eia modern\u0173 baldo charakter\u012f ir suteikia papildom\u0105 vizualin\u012f akcent\u0105. Paprastas surinkimas rei\u0161kia, kad kiekvienas gali akimirksniu m\u0117gautis savo naujais baldais. D\u0117l gerai apgalvoto dizaino ir metalini\u0173 vyri\u0173 \u0161oninio staliuko durel\u0117s atsidaro skland\u017eiai, o j\u0173 surinkimas vir\u0161ija standartinius sprendimus. Nesvarbu, ar norite naudoti prailginim\u0105 svetain\u0117je, miegamajame ar biure, jo universali i\u0161vaizda tiks prie \u012fvairi\u0173 i\u0161d\u0117stym\u0173 ir patenkins skirtingus skonius.<\/p>","protected":false},"excerpt":{"rendered":"<p>Plotis (cm): 67<br \/>\n\u016agis (cm): 44<br \/>\nGylis (cm): 67<\/p>","protected":false},"featured_media":153797,"comment_status":"open","ping_status":"open","template":"","meta":[],"product_brand":[],"product_cat":[9414,4105,1987],"product_tag":[],"class_list":{"0":"post-153796","1":"product","2":"type-product","3":"status-publish","4":"has-post-thumbnail","6":"product_cat-furniture-system-aza","7":"product_cat-helvetia","8":"product_cat-shelving-units","10":"first","11":"instock","12":"purchasable","13":"product-type-simple"},"_links":{"self":[{"href":"https:\/\/baldumarket.lt\/lt\/wp-json\/wp\/v2\/product\/153796","targetHints":{"allow":["GET"]}}],"collection":[{"href":"https:\/\/baldumarket.lt\/lt\/wp-json\/wp\/v2\/product"}],"about":[{"href":"https:\/\/baldumarket.lt\/lt\/wp-json\/wp\/v2\/types\/product"}],"replies":[{"embeddable":true,"href":"https:\/\/baldumarket.lt\/lt\/wp-json\/wp\/v2\/comments?post=153796"}],"wp:featuredmedia":[{"embeddable":true,"href":"https:\/\/baldumarket.lt\/lt\/wp-json\/wp\/v2\/media\/153797"}],"wp:attachment":[{"href":"https:\/\/baldumarket.lt\/lt\/wp-json\/wp\/v2\/media?parent=153796"}],"wp:term":[{"taxonomy":"product_brand","embeddable":true,"href":"https:\/\/baldumarket.lt\/lt\/wp-json\/wp\/v2\/product_brand?post=153796"},{"taxonomy":"product_cat","embeddable":true,"href":"https:\/\/baldumarket.lt\/lt\/wp-json\/wp\/v2\/product_cat?post=153796"},{"taxonomy":"product_tag","embeddable":true,"href":"https:\/\/baldumarket.lt\/lt\/wp-json\/wp\/v2\/product_tag?post=153796"}],"curies":[{"name":"wp","href":"https:\/\/api.w.org\/{rel}","templated":true}]}}