{"id":153788,"date":"2025-12-18T17:02:23","date_gmt":"2025-12-18T14:02:23","guid":{"rendered":"https:\/\/baldumarket.lt\/product\/aza-nadstawka-1d-kaszmir\/"},"modified":"2026-02-05T10:30:33","modified_gmt":"2026-02-05T07:30:33","slug":"aza-nadstawka-1d-kaszmir","status":"publish","type":"product","link":"https:\/\/baldumarket.lt\/lt\/product\/aza-nadstawka-1d-kaszmir\/","title":{"rendered":"Aza &#8211; 1D ka\u0161myro priauginimo plaukai"},"content":{"rendered":"<p>Atraskite elegancij\u0105 ir funkcionalum\u0105, kur\u012f si\u016blo \u201eHelvetia\u201c prailginimo spintel\u0117 \u201e1D Kaszmir\u201c. \u0160i stilinga klasikin\u0117s ka\u0161myro spalvos sienin\u0117 spintel\u0117 neabejotinai papildys j\u016bs\u0173 interjer\u0105, suteikdama unikalaus charakterio. 67 cm plo\u010dio, 44 cm auk\u0161\u010dio ir 67 cm gylio, ji puikiai tiks bet kuriame kambaryje \u2013 nuo erdvaus miegamojo iki jaukios svetain\u0117s. Pagaminta i\u0161 auk\u0161tos kokyb\u0117s laminuotos plok\u0161t\u0117s, \u201e1D\u201c prailginimo spintel\u0117 yra ne tik esteti\u0161kai patraukli, bet ir ne\u012ftik\u0117tinai patvari. Tvirta konstrukcija u\u017etikrina ilgaam\u017ei\u0161kum\u0105, o lengvas valymas leid\u017eia m\u0117gautis jos gro\u017eiu daugel\u012f met\u0173. Diskreti\u0161kos matin\u0117s juodos spalvos metaliniai vyriai ir rankenos suteikia visam spinteliui modern\u0173 ir eleganti\u0161k\u0105 vaizd\u0105. Vienas did\u017eiausi\u0173 \u201eKaszmir\u201c prailginimo spintel\u0117s privalum\u0173 yra jos universalumas. J\u0105 galima montuoti tiek de\u0161in\u0117je, tiek kair\u0117je pus\u0117je, tod\u0117l j\u0105 lengva pritaikyti prie j\u016bs\u0173 interjero. Nepriklausomai nuo pasirinktos tvirtinimo krypties, prailginimas suteiks jums patogumo naudoti ir suteiks papildomos vietos tiek kasdieniams aksesuarams, tiek dekoracijoms, kurios pabr\u0117\u0161 j\u016bs\u0173 stili\u0173.<\/p>","protected":false},"excerpt":{"rendered":"<p>Plotis (cm): 67<br \/>\n\u016agis (cm): 44<br \/>\nGylis (cm): 67<\/p>","protected":false},"featured_media":153789,"comment_status":"open","ping_status":"open","template":"","meta":[],"product_brand":[],"product_cat":[9414,4105,1987],"product_tag":[],"class_list":{"0":"post-153788","1":"product","2":"type-product","3":"status-publish","4":"has-post-thumbnail","6":"product_cat-furniture-system-aza","7":"product_cat-helvetia","8":"product_cat-shelving-units","10":"first","11":"instock","12":"purchasable","13":"product-type-simple"},"_links":{"self":[{"href":"https:\/\/baldumarket.lt\/lt\/wp-json\/wp\/v2\/product\/153788","targetHints":{"allow":["GET"]}}],"collection":[{"href":"https:\/\/baldumarket.lt\/lt\/wp-json\/wp\/v2\/product"}],"about":[{"href":"https:\/\/baldumarket.lt\/lt\/wp-json\/wp\/v2\/types\/product"}],"replies":[{"embeddable":true,"href":"https:\/\/baldumarket.lt\/lt\/wp-json\/wp\/v2\/comments?post=153788"}],"wp:featuredmedia":[{"embeddable":true,"href":"https:\/\/baldumarket.lt\/lt\/wp-json\/wp\/v2\/media\/153789"}],"wp:attachment":[{"href":"https:\/\/baldumarket.lt\/lt\/wp-json\/wp\/v2\/media?parent=153788"}],"wp:term":[{"taxonomy":"product_brand","embeddable":true,"href":"https:\/\/baldumarket.lt\/lt\/wp-json\/wp\/v2\/product_brand?post=153788"},{"taxonomy":"product_cat","embeddable":true,"href":"https:\/\/baldumarket.lt\/lt\/wp-json\/wp\/v2\/product_cat?post=153788"},{"taxonomy":"product_tag","embeddable":true,"href":"https:\/\/baldumarket.lt\/lt\/wp-json\/wp\/v2\/product_tag?post=153788"}],"curies":[{"name":"wp","href":"https:\/\/api.w.org\/{rel}","templated":true}]}}