{"id":153778,"date":"2025-12-18T17:02:04","date_gmt":"2025-12-18T14:02:04","guid":{"rendered":"https:\/\/baldumarket.lt\/product\/ava-witryna-wiszaca-1-drzwiowa-bialy-mat-dab-wotan\/"},"modified":"2026-02-05T09:07:41","modified_gmt":"2026-02-05T06:07:41","slug":"ava-witryna-wiszaca-1-drzwiowa-bialy-mat-dab-wotan","status":"publish","type":"product","link":"https:\/\/baldumarket.lt\/lt\/product\/ava-witryna-wiszaca-1-drzwiowa-bialy-mat-dab-wotan\/","title":{"rendered":"Ava pakabinama vitrina su 1 durel\u0117mis, matin\u0117 balta\/Wotan \u0105\u017euolas"},"content":{"rendered":"<p>Pristatome \u201cAva 1-D\u201d pakabinam\u0105 vitrin\u0105 juodos \/ \u201eWotan Oak\u201c spalvos \u2013 bald\u0105, kuris i\u0161skirs j\u016bs\u0173 interjer\u0105 modernia estetika ir prakti\u0161ku funkcionalumu. Tai \u201eAva Helvetia\u201c kolekcijos dalis, sukurta tiems, kurie ie\u0161ko paprast\u0173, geometrini\u0173 form\u0173 bald\u0173 ir vertina dizain\u0105 be ranken\u0117li\u0173. \u0160is baldas puikiai dera prie svetaini\u0173, koridori\u0173 ir miegam\u0173j\u0173. Unikali atidarymo sistema \u201espustel\u0117jus\u201c leid\u017eia eleganti\u0161kai ir patogiai naudoti baldus, nereikalaujant tradicini\u0173 ranken\u0173, suteikdama \u201eAva\u201c pakabinamai vitrinai unikaliai moderni\u0105 ir minimalistin\u0119 i\u0161vaizd\u0105. Spintel\u0117s priekis apdailintas auk\u0161tos kokyb\u0117s laminuota \u201eWotan Oak\u201c bald\u0173 plok\u0161te, suteikian\u010dia klasikinei juodai spalvai elegancijos ir \u0161ilumos. Priekin\u0117s dalies kra\u0161tai yra faneruoti i\u0161 vis\u0173 keturi\u0173 pusi\u0173, u\u017etikrinant auk\u0161\u010diausios kokyb\u0117s apdail\u0105 ir ilgaam\u017ei\u0161kum\u0105. Stiklin\u0117s durys leid\u017eia eksponuoti turin\u012f, i\u0161laikant \u0161vari\u0105 ir tvarking\u0105 i\u0161vaizd\u0105.<\/p>","protected":false},"excerpt":{"rendered":"<p>Plotis (cm): 36<br \/>\n\u016agis (cm): 95<br \/>\nGylis (cm): 30<\/p>","protected":false},"featured_media":153779,"comment_status":"open","ping_status":"open","template":"","meta":[],"product_brand":[],"product_cat":[9398,4105,2006],"product_tag":[],"class_list":{"0":"post-153778","1":"product","2":"type-product","3":"status-publish","4":"has-post-thumbnail","6":"product_cat-furniture-system-ava","7":"product_cat-helvetia","8":"product_cat-vitrines","10":"first","11":"instock","12":"purchasable","13":"product-type-simple"},"_links":{"self":[{"href":"https:\/\/baldumarket.lt\/lt\/wp-json\/wp\/v2\/product\/153778","targetHints":{"allow":["GET"]}}],"collection":[{"href":"https:\/\/baldumarket.lt\/lt\/wp-json\/wp\/v2\/product"}],"about":[{"href":"https:\/\/baldumarket.lt\/lt\/wp-json\/wp\/v2\/types\/product"}],"replies":[{"embeddable":true,"href":"https:\/\/baldumarket.lt\/lt\/wp-json\/wp\/v2\/comments?post=153778"}],"wp:featuredmedia":[{"embeddable":true,"href":"https:\/\/baldumarket.lt\/lt\/wp-json\/wp\/v2\/media\/153779"}],"wp:attachment":[{"href":"https:\/\/baldumarket.lt\/lt\/wp-json\/wp\/v2\/media?parent=153778"}],"wp:term":[{"taxonomy":"product_brand","embeddable":true,"href":"https:\/\/baldumarket.lt\/lt\/wp-json\/wp\/v2\/product_brand?post=153778"},{"taxonomy":"product_cat","embeddable":true,"href":"https:\/\/baldumarket.lt\/lt\/wp-json\/wp\/v2\/product_cat?post=153778"},{"taxonomy":"product_tag","embeddable":true,"href":"https:\/\/baldumarket.lt\/lt\/wp-json\/wp\/v2\/product_tag?post=153778"}],"curies":[{"name":"wp","href":"https:\/\/api.w.org\/{rel}","templated":true}]}}