{"id":153763,"date":"2025-12-18T17:01:35","date_gmt":"2025-12-18T14:01:35","guid":{"rendered":"https:\/\/baldumarket.lt\/product\/ava-witryna-1-drzwiowa-czarny-dab-wotan\/"},"modified":"2026-02-05T09:07:41","modified_gmt":"2026-02-05T06:07:41","slug":"ava-witryna-1-drzwiowa-czarny-dab-wotan","status":"publish","type":"product","link":"https:\/\/baldumarket.lt\/lt\/product\/ava-witryna-1-drzwiowa-czarny-dab-wotan\/","title":{"rendered":"Ava 1 dur\u0173 vitrina, juoda \/ Wotan \u0105\u017euolas"},"content":{"rendered":"<p>Pristatome eleganti\u0161k\u0105 ir funkcionali\u0105 \u201cAva 1D\u201d vitrin\u0105, sukurt\u0105 minimalistinio dizaino m\u0117g\u0117jams. \u0160i \u201eAva Helvetia\u201c kolekcijos vitrina nustato naujus interjero dizaino standartus, derindama rafinuot\u0105 estetik\u0105 su naudojimo patogumu. Dizainas be ranken\u0117li\u0173 ir galimyb\u0117 montuoti tiek prie sienos, tiek laisvai stovint atveria pla\u010dias dizaino galimybes. Ji idealiai tinka svetain\u0117ms, koridoriams ir net miegamiesiems, suteikdama bet kokiam kambariui modernumo ir elegancijos. \u201eAva 1D Artisan\/Black\u201c dizainas stebina atidarymu be ranken\u0117li\u0173, kuris pasiekiamas prailginus vir\u0161utin\u0119 priekin\u0119 dal\u012f, tod\u0117l j\u0105 naudoti nepaprastai patogu. Stal\u010diai su \u201espustel\u0117jimo b\u016bdu atidaroma\u201c sistema padidina naudojimo patogum\u0105 ir leid\u017eia lengvai pasiekti laikomus daiktus. Spintel\u0117 taip pat pasi\u017eymi i\u0161skirtine estetika \u2013 i\u0161skirtin\u0117 meni\u0161ko \u0105\u017euolo spalv\u0173 gama kartu su juoda spalva suteikia nesenstant\u012f gro\u017e\u012f, kuris lengvai tiks net ir reikliausiuose interjeruose. Priekin\u0117s dalys apdailintos eleganti\u0161ku stiklu, dar labiau sustiprina vitrinos estetin\u012f patrauklum\u0105.<\/p>","protected":false},"excerpt":{"rendered":"<p>Plotis (cm): 36<br \/>\n\u016agis (cm): 140<br \/>\nGylis (cm): 30<\/p>","protected":false},"featured_media":153764,"comment_status":"open","ping_status":"open","template":"","meta":[],"product_brand":[],"product_cat":[9398,4105,2006],"product_tag":[],"class_list":{"0":"post-153763","1":"product","2":"type-product","3":"status-publish","4":"has-post-thumbnail","6":"product_cat-furniture-system-ava","7":"product_cat-helvetia","8":"product_cat-vitrines","10":"first","11":"instock","12":"purchasable","13":"product-type-simple"},"_links":{"self":[{"href":"https:\/\/baldumarket.lt\/lt\/wp-json\/wp\/v2\/product\/153763","targetHints":{"allow":["GET"]}}],"collection":[{"href":"https:\/\/baldumarket.lt\/lt\/wp-json\/wp\/v2\/product"}],"about":[{"href":"https:\/\/baldumarket.lt\/lt\/wp-json\/wp\/v2\/types\/product"}],"replies":[{"embeddable":true,"href":"https:\/\/baldumarket.lt\/lt\/wp-json\/wp\/v2\/comments?post=153763"}],"wp:featuredmedia":[{"embeddable":true,"href":"https:\/\/baldumarket.lt\/lt\/wp-json\/wp\/v2\/media\/153764"}],"wp:attachment":[{"href":"https:\/\/baldumarket.lt\/lt\/wp-json\/wp\/v2\/media?parent=153763"}],"wp:term":[{"taxonomy":"product_brand","embeddable":true,"href":"https:\/\/baldumarket.lt\/lt\/wp-json\/wp\/v2\/product_brand?post=153763"},{"taxonomy":"product_cat","embeddable":true,"href":"https:\/\/baldumarket.lt\/lt\/wp-json\/wp\/v2\/product_cat?post=153763"},{"taxonomy":"product_tag","embeddable":true,"href":"https:\/\/baldumarket.lt\/lt\/wp-json\/wp\/v2\/product_tag?post=153763"}],"curies":[{"name":"wp","href":"https:\/\/api.w.org\/{rel}","templated":true}]}}