{"id":153747,"date":"2025-12-18T17:01:00","date_gmt":"2025-12-18T14:01:00","guid":{"rendered":"https:\/\/baldumarket.lt\/product\/ava-witryna-1-drzwiowa-artisan-czarny\/"},"modified":"2026-02-05T09:07:41","modified_gmt":"2026-02-05T06:07:41","slug":"ava-witryna-1-drzwiowa-artisan-czarny","status":"publish","type":"product","link":"https:\/\/baldumarket.lt\/lt\/product\/ava-witryna-1-drzwiowa-artisan-czarny\/","title":{"rendered":"Ava 1 dur\u0173 amatinink\u0173 vitrina \/ juoda"},"content":{"rendered":"<p>Atraskite nauj\u0105 interjero dizaino dimensij\u0105 su \u201eAva 1D\u201c vitrina juodos \/ \u201eWotan Oak\u201c spalvos, kur klasika dera su modernumu. Nesenstan\u010dio dizaino m\u0117g\u0117jams, nebijantiems dr\u0105si\u0173 sprendim\u0173, pristatome bald\u0105, kuris taps bet kurio kambario traukos centru \u2013 galb\u016bt j\u016bs\u0173 svetain\u0117s, eleganti\u0161ko prie\u0161kambario ar net rafinuoto miegamojo. Kruop\u0161\u010diai atkreipus d\u0117mes\u012f \u012f detales, AVA sistema orientuota \u012f paprast\u0105, geometrin\u0119 form\u0105, puikiai atitinkan\u010di\u0105 \u0161iuolaikin\u012f estetin\u012f skon\u012f. \u0160io dizainerio \u0161edevro \u0161irdis \u2013 atidarymo be ranken\u0117li\u0173 koncepcija, u\u017etikrinanti ne tik patogum\u0105, bet ir skland\u017ei\u0105, \u0161vari\u0105 i\u0161vaizd\u0105. Vitrinos durel\u0117s lengvai atsidaro d\u0117l i\u0161manaus atidarymo stumiant sprendimo, kuris suteikia prieig\u0105 prie vidaus vienu \u0161velniu paspaudimu. \u201eAva 1D\u201c vitrinos estetika nepalieka abejing\u0173 \u2013 ji dera su naujausiomis interjero dizaino tendencijomis, derindama \u201eWotan Oak\u201c \u0105\u017euolo \u0161ilum\u0105 su nesenstan\u010diu onikso juodumo gyliu. Lang\u0173 langai su ak\u012f traukian\u010diu stiklu ne tik parodo vitrinos turin\u012f, bet ir pagerina jos i\u0161vaizd\u0105. Funkciniai privalumai, be stiklini\u0173 dureli\u0173, apima dvi patogias lentynas, kurios suteikia daug vietos vertingiausiems daiktams eksponuoti.<\/p>","protected":false},"excerpt":{"rendered":"<p>Plotis (cm): 36<br \/>\n\u016agis (cm): 140<br \/>\nGylis (cm): 30<\/p>","protected":false},"featured_media":153748,"comment_status":"open","ping_status":"open","template":"","meta":[],"product_brand":[],"product_cat":[9398,4105,2006],"product_tag":[],"class_list":{"0":"post-153747","1":"product","2":"type-product","3":"status-publish","4":"has-post-thumbnail","6":"product_cat-furniture-system-ava","7":"product_cat-helvetia","8":"product_cat-vitrines","10":"first","11":"instock","12":"purchasable","13":"product-type-simple"},"_links":{"self":[{"href":"https:\/\/baldumarket.lt\/lt\/wp-json\/wp\/v2\/product\/153747","targetHints":{"allow":["GET"]}}],"collection":[{"href":"https:\/\/baldumarket.lt\/lt\/wp-json\/wp\/v2\/product"}],"about":[{"href":"https:\/\/baldumarket.lt\/lt\/wp-json\/wp\/v2\/types\/product"}],"replies":[{"embeddable":true,"href":"https:\/\/baldumarket.lt\/lt\/wp-json\/wp\/v2\/comments?post=153747"}],"wp:featuredmedia":[{"embeddable":true,"href":"https:\/\/baldumarket.lt\/lt\/wp-json\/wp\/v2\/media\/153748"}],"wp:attachment":[{"href":"https:\/\/baldumarket.lt\/lt\/wp-json\/wp\/v2\/media?parent=153747"}],"wp:term":[{"taxonomy":"product_brand","embeddable":true,"href":"https:\/\/baldumarket.lt\/lt\/wp-json\/wp\/v2\/product_brand?post=153747"},{"taxonomy":"product_cat","embeddable":true,"href":"https:\/\/baldumarket.lt\/lt\/wp-json\/wp\/v2\/product_cat?post=153747"},{"taxonomy":"product_tag","embeddable":true,"href":"https:\/\/baldumarket.lt\/lt\/wp-json\/wp\/v2\/product_tag?post=153747"}],"curies":[{"name":"wp","href":"https:\/\/api.w.org\/{rel}","templated":true}]}}