{"id":153739,"date":"2025-12-18T17:00:44","date_gmt":"2025-12-18T14:00:44","guid":{"rendered":"https:\/\/baldumarket.lt\/product\/ava-mebloscianka-0540-czarny-dab-wotan\/"},"modified":"2026-02-05T09:07:41","modified_gmt":"2026-02-05T06:07:41","slug":"ava-mebloscianka-0540-czarny-dab-wotan","status":"publish","type":"product","link":"https:\/\/baldumarket.lt\/lt\/product\/ava-mebloscianka-0540-czarny-dab-wotan\/","title":{"rendered":"Ava sienin\u0117 spintel\u0117 05+40 juoda \/ Wotan \u0105\u017euolas"},"content":{"rendered":"<p>Kvie\u010diame atrasti i\u0161skirtinai funkcionali\u0105 ir eleganti\u0161k\u0105 \u201cAva\u201d sienin\u0119 spintel\u0119 \u201e05+40 Artisan Oak \/ Black\u201c, kuri bet kokiam interjerui suteiks modernumo ir stiliaus. Unikalus \u201eAva Helvetia\u201c kolekcijos dizainas derina geometrini\u0173 form\u0173 paprastum\u0105 su novatori\u0161kais sprendimais, sukurdamas harmonijos ir minimalistinio gro\u017eio erdv\u0119. Ji puikiai tinka svetainei, prie\u0161kambariui ar net miegamajam, suteikdama kambariui modernumo. \u201eAva\u201c sienin\u0119 spintel\u0119 sudaro du elementai, kuriuos galima derinti pagal individualius poreikius: pastatoma\/kabinama vitrina AVA 24RCLM05 ir televizoriaus spintel\u0117 AVA 24RCLM40. Atidarymas be ranken\u0117li\u0173, d\u0117ka funkcionaliai prailgintos priekin\u0117s dalies, suteikia modernumo ir u\u017etikrina patog\u0173 naudojim\u0105. Be to, stal\u010diai turi prakti\u0161k\u0105 \u201espustel\u0117jimo b\u016bdu atidarom\u0105\u201c sistem\u0105, u\u017etikrinan\u010di\u0105 lengv\u0105 atidarym\u0105 nenaudojant tradicini\u0173 ranken\u0117li\u0173. Pabr\u0117\u017eiant \u0161ios sienin\u0117s spintel\u0117s elegancij\u0105, laisvai pastatoma\/pakabinama vitrina turi dvejas stiklines dureles, u\u017e kuri\u0173 slypi keturios prakti\u0161kos lentynos. Tai puiki vieta dekoracijoms, knygoms ar kitiems daiktams, kuriuos norite laikyti matomoje vietoje. Be to, fasad\u0173 kra\u0161tai yra klijuoti i\u0161 vis\u0173 keturi\u0173 pusi\u0173, taip u\u017etikrinant i\u0161skirtin\u012f patvarum\u0105 ir esteti\u0161k\u0105 i\u0161vaizd\u0105.<\/p>","protected":false},"excerpt":{"rendered":"<p>\u016agis (cm): 140<br \/>\nGylis (cm): 30<\/p>","protected":false},"featured_media":153740,"comment_status":"open","ping_status":"open","template":"","meta":[],"product_brand":[],"product_cat":[9398,4105,2008],"product_tag":[],"class_list":{"0":"post-153739","1":"product","2":"type-product","3":"status-publish","4":"has-post-thumbnail","6":"product_cat-furniture-system-ava","7":"product_cat-helvetia","8":"product_cat-wall-units","10":"first","11":"instock","12":"purchasable","13":"product-type-simple"},"_links":{"self":[{"href":"https:\/\/baldumarket.lt\/lt\/wp-json\/wp\/v2\/product\/153739","targetHints":{"allow":["GET"]}}],"collection":[{"href":"https:\/\/baldumarket.lt\/lt\/wp-json\/wp\/v2\/product"}],"about":[{"href":"https:\/\/baldumarket.lt\/lt\/wp-json\/wp\/v2\/types\/product"}],"replies":[{"embeddable":true,"href":"https:\/\/baldumarket.lt\/lt\/wp-json\/wp\/v2\/comments?post=153739"}],"wp:featuredmedia":[{"embeddable":true,"href":"https:\/\/baldumarket.lt\/lt\/wp-json\/wp\/v2\/media\/153740"}],"wp:attachment":[{"href":"https:\/\/baldumarket.lt\/lt\/wp-json\/wp\/v2\/media?parent=153739"}],"wp:term":[{"taxonomy":"product_brand","embeddable":true,"href":"https:\/\/baldumarket.lt\/lt\/wp-json\/wp\/v2\/product_brand?post=153739"},{"taxonomy":"product_cat","embeddable":true,"href":"https:\/\/baldumarket.lt\/lt\/wp-json\/wp\/v2\/product_cat?post=153739"},{"taxonomy":"product_tag","embeddable":true,"href":"https:\/\/baldumarket.lt\/lt\/wp-json\/wp\/v2\/product_tag?post=153739"}],"curies":[{"name":"wp","href":"https:\/\/api.w.org\/{rel}","templated":true}]}}