{"id":153731,"date":"2025-12-18T17:00:27","date_gmt":"2025-12-18T14:00:27","guid":{"rendered":"https:\/\/baldumarket.lt\/product\/ava-mebloscianka-0540-bialy-mat-dab-wotan\/"},"modified":"2026-02-05T09:07:41","modified_gmt":"2026-02-05T06:07:41","slug":"ava-mebloscianka-0540-bialy-mat-dab-wotan","status":"publish","type":"product","link":"https:\/\/baldumarket.lt\/lt\/product\/ava-mebloscianka-0540-bialy-mat-dab-wotan\/","title":{"rendered":"Ava sienin\u0117 spintel\u0117 05+40 matin\u0117 balta\/Wotan \u0105\u017euolas"},"content":{"rendered":"<p>Ie\u0161kote baldo, kuris leist\u0173 sukurti eleganti\u0161k\u0105 ir funkcional\u0173 interjer\u0105? Pristatome \u201cAva 05+40\u201d sienin\u0119 spintel\u0119 juodo onikso ir Wotano \u0105\u017euolo atspalvi\u0173 \u2013 modernus dizainas ir prakti\u0161ki sprendimai viename. \u201eAva Helvetia\u201c kolekcijos dalis, \u201eAVA 24WNLM09\u201c sienin\u0117 spintel\u0117, buvo sukurta siekiant patenkinti reikliausi\u0173 vartotoj\u0173 l\u016bkes\u010dius. Minimalistin\u0117 ir geometrin\u0117 forma puikiai tinka tiek modernioms, tiek klasikin\u0117ms erdv\u0117ms, tokioms kaip svetain\u0117, prie\u0161kambaris ar miegamasis. \u201eAVA\u201c sienin\u0117 spintel\u0117 derina estetik\u0105 ir funkcionalum\u0105. Dizainas be ranken\u0117li\u0173 suteikia unikali\u0105 ir glotni\u0105 i\u0161vaizd\u0105, o novatori\u0161ka \u201espustelint atidaroma\u201c atidarymo sistema leid\u017eia lengvai pasiekti laikomus daiktus nenaudojant tradicini\u0173 ranken\u0173.<\/p>","protected":false},"excerpt":{"rendered":"<p>\u016agis (cm): 140<br \/>\nGylis (cm): 30<\/p>","protected":false},"featured_media":153732,"comment_status":"open","ping_status":"open","template":"","meta":[],"product_brand":[],"product_cat":[9398,4105,2008],"product_tag":[],"class_list":{"0":"post-153731","1":"product","2":"type-product","3":"status-publish","4":"has-post-thumbnail","6":"product_cat-furniture-system-ava","7":"product_cat-helvetia","8":"product_cat-wall-units","10":"first","11":"instock","12":"purchasable","13":"product-type-simple"},"_links":{"self":[{"href":"https:\/\/baldumarket.lt\/lt\/wp-json\/wp\/v2\/product\/153731","targetHints":{"allow":["GET"]}}],"collection":[{"href":"https:\/\/baldumarket.lt\/lt\/wp-json\/wp\/v2\/product"}],"about":[{"href":"https:\/\/baldumarket.lt\/lt\/wp-json\/wp\/v2\/types\/product"}],"replies":[{"embeddable":true,"href":"https:\/\/baldumarket.lt\/lt\/wp-json\/wp\/v2\/comments?post=153731"}],"wp:featuredmedia":[{"embeddable":true,"href":"https:\/\/baldumarket.lt\/lt\/wp-json\/wp\/v2\/media\/153732"}],"wp:attachment":[{"href":"https:\/\/baldumarket.lt\/lt\/wp-json\/wp\/v2\/media?parent=153731"}],"wp:term":[{"taxonomy":"product_brand","embeddable":true,"href":"https:\/\/baldumarket.lt\/lt\/wp-json\/wp\/v2\/product_brand?post=153731"},{"taxonomy":"product_cat","embeddable":true,"href":"https:\/\/baldumarket.lt\/lt\/wp-json\/wp\/v2\/product_cat?post=153731"},{"taxonomy":"product_tag","embeddable":true,"href":"https:\/\/baldumarket.lt\/lt\/wp-json\/wp\/v2\/product_tag?post=153731"}],"curies":[{"name":"wp","href":"https:\/\/api.w.org\/{rel}","templated":true}]}}