{"id":153723,"date":"2025-12-18T17:00:09","date_gmt":"2025-12-18T14:00:09","guid":{"rendered":"https:\/\/baldumarket.lt\/product\/ava-mebloscianka-050740-dab-artisan-czarny\/"},"modified":"2026-02-05T09:07:49","modified_gmt":"2026-02-05T06:07:49","slug":"ava-mebloscianka-050740-dab-artisan-czarny","status":"publish","type":"product","link":"https:\/\/baldumarket.lt\/lt\/product\/ava-mebloscianka-050740-dab-artisan-czarny\/","title":{"rendered":"Ava sienin\u0117 spintel\u0117 05+07+40 Artisan \u0105\u017euolas \/ juoda"},"content":{"rendered":"<p>Pristatome eleganti\u0161k\u0105 ir moderni\u0105 \u201eAva 05+07+40\u201c spintel\u0119, kuri bet kokiam interjerui suteiks gaivumo ir modernaus dizaino. \u012ekv\u0117pta minimalistin\u0117s estetikos ir funkcionalumo, \u201eAVA Helvetia\u201c bald\u0173 kolekcija yra puikus sprendimas tiems, kurie vertina paprastum\u0105 ir ergonomi\u0161k\u0105 erdv\u0117s i\u0161naudojim\u0105. \u201eAva 05+07+40\u201c spintel\u0117 pasi\u017eymi unikalia spalv\u0173 gama \u2013 Wotano \u0105\u017euolo atspalviais, derinamais su rafinuotu juodu oniksu. Nat\u016bralios medienos \u0161ilumos ir eleganti\u0161kos juodos spalvos derinys sukuria nesenstan\u010di\u0105 kompozicij\u0105, kuri papuo\u0161 bet kur\u012f kambar\u012f \u2013 svetain\u0119, prie\u0161kambar\u012f ar miegam\u0105j\u012f. \u0160ios bald\u0173 sistemos unikalum\u0105 pabr\u0117\u017eia novatori\u0161kas atidarymo b\u016bdas \u2013 be ranken\u0117li\u0173, naudojant moderni\u0105 paspaudimo sistem\u0105. \u0160velniai paspaudus stumdom\u0105 spintel\u0117s priek\u012f, galima pasiekti prakti\u0161k\u0105 daikt\u0173 laikymo viet\u0105. Be to, d\u0117mesys estetikai ir patvarumui buvo u\u017etikrintas suklijuojant priekin\u0117s dalies kra\u0161tus i\u0161 vis\u0173 keturi\u0173 pusi\u0173.<\/p>","protected":false},"excerpt":{"rendered":"<p>Gylis (cm): 30<\/p>","protected":false},"featured_media":153724,"comment_status":"open","ping_status":"open","template":"","meta":[],"product_brand":[],"product_cat":[9398,4105,2008],"product_tag":[],"class_list":{"0":"post-153723","1":"product","2":"type-product","3":"status-publish","4":"has-post-thumbnail","6":"product_cat-furniture-system-ava","7":"product_cat-helvetia","8":"product_cat-wall-units","10":"first","11":"instock","12":"purchasable","13":"product-type-simple"},"_links":{"self":[{"href":"https:\/\/baldumarket.lt\/lt\/wp-json\/wp\/v2\/product\/153723","targetHints":{"allow":["GET"]}}],"collection":[{"href":"https:\/\/baldumarket.lt\/lt\/wp-json\/wp\/v2\/product"}],"about":[{"href":"https:\/\/baldumarket.lt\/lt\/wp-json\/wp\/v2\/types\/product"}],"replies":[{"embeddable":true,"href":"https:\/\/baldumarket.lt\/lt\/wp-json\/wp\/v2\/comments?post=153723"}],"wp:featuredmedia":[{"embeddable":true,"href":"https:\/\/baldumarket.lt\/lt\/wp-json\/wp\/v2\/media\/153724"}],"wp:attachment":[{"href":"https:\/\/baldumarket.lt\/lt\/wp-json\/wp\/v2\/media?parent=153723"}],"wp:term":[{"taxonomy":"product_brand","embeddable":true,"href":"https:\/\/baldumarket.lt\/lt\/wp-json\/wp\/v2\/product_brand?post=153723"},{"taxonomy":"product_cat","embeddable":true,"href":"https:\/\/baldumarket.lt\/lt\/wp-json\/wp\/v2\/product_cat?post=153723"},{"taxonomy":"product_tag","embeddable":true,"href":"https:\/\/baldumarket.lt\/lt\/wp-json\/wp\/v2\/product_tag?post=153723"}],"curies":[{"name":"wp","href":"https:\/\/api.w.org\/{rel}","templated":true}]}}