{"id":153715,"date":"2025-12-18T16:59:51","date_gmt":"2025-12-18T13:59:51","guid":{"rendered":"https:\/\/baldumarket.lt\/product\/ava-mebloscianka-050740-czarny-dab-wotan\/"},"modified":"2026-02-05T09:07:49","modified_gmt":"2026-02-05T06:07:49","slug":"ava-mebloscianka-050740-czarny-dab-wotan","status":"publish","type":"product","link":"https:\/\/baldumarket.lt\/lt\/product\/ava-mebloscianka-050740-czarny-dab-wotan\/","title":{"rendered":"Ava sienin\u0117 spintel\u0117 05+07+40 juoda \/ Wotan \u0105\u017euolas"},"content":{"rendered":"<p>Pristatome \u201cAva 05+07+40\u201d sienin\u0119 spintel\u0119 \u2013 modernios estetikos ir funkcionalumo derin\u012f, sukurt\u0105 galvojant apie i\u0161rankiausius minimalizmo ir gryn\u0173 form\u0173 m\u0117g\u0117jus. \u0160is trij\u0173 funkcini\u0173 element\u0173 rinkinys: sienin\u0117 vitrina AVA 24RCLM05, sienin\u0117 vitrina AVA 24RCLM07 ir televizoriaus stovas AVA 24RCLM40 suteikia visi\u0161k\u0105 laisv\u0119 organizuojant erdv\u0119 svetain\u0117je, miegamajame ar prie\u0161kambaryje. \u201eArtisan Oak\u201c kartu su eleganti\u0161ka juoda spalva sukuria i\u0161skirtin\u012f efekt\u0105, kuris papuo\u0161 bet kok\u012f interjer\u0105, suteikdamas jam klas\u0117s ir \u0161ilumos. Unikalus dizainas be ranken\u0117li\u0173 su modernia \u201espustel\u0117jimo b\u016bdu atidaroma\u201c sistema garantuoja paprast\u0105 naudojim\u0105. Trij\u0173 dureli\u0173 vitrina su stikliniu priekiu, papildyta \u0161e\u0161iomis prakti\u0161komis lentynomis, yra ne tik stilinga, bet ir funkcionali daikt\u0173 laikymo vieta. Subtilus apdaila ir i\u0161siki\u0161\u0119 fasadai ne tik suteikia elegancijos, bet ir yra ne\u012ftik\u0117tinai prakti\u0161ki. Kiekvien\u0105 \u201eAva\u201c sienin\u0119 spintel\u0119 galima pastatyti ant grind\u0173 arba pakabinti ant sienos d\u0117ka pridedam\u0173 metalini\u0173 tvirtinimo detali\u0173, kurios supaprastina surinkim\u0105 ir leid\u017eia sukurti unikali\u0105 kompozicij\u0105. Savaranki\u0161ko surinkimo parinktis suteikia jums visi\u0161k\u0105 atskir\u0173 element\u0173 galutin\u0117s i\u0161vaizdos ir i\u0161d\u0117stymo kontrol\u0119.<\/p>","protected":false},"excerpt":{"rendered":"<p>Gylis (cm): 30<\/p>","protected":false},"featured_media":153716,"comment_status":"open","ping_status":"open","template":"","meta":[],"product_brand":[],"product_cat":[9398,4105,2008],"product_tag":[],"class_list":{"0":"post-153715","1":"product","2":"type-product","3":"status-publish","4":"has-post-thumbnail","6":"product_cat-furniture-system-ava","7":"product_cat-helvetia","8":"product_cat-wall-units","10":"first","11":"instock","12":"purchasable","13":"product-type-simple"},"_links":{"self":[{"href":"https:\/\/baldumarket.lt\/lt\/wp-json\/wp\/v2\/product\/153715","targetHints":{"allow":["GET"]}}],"collection":[{"href":"https:\/\/baldumarket.lt\/lt\/wp-json\/wp\/v2\/product"}],"about":[{"href":"https:\/\/baldumarket.lt\/lt\/wp-json\/wp\/v2\/types\/product"}],"replies":[{"embeddable":true,"href":"https:\/\/baldumarket.lt\/lt\/wp-json\/wp\/v2\/comments?post=153715"}],"wp:featuredmedia":[{"embeddable":true,"href":"https:\/\/baldumarket.lt\/lt\/wp-json\/wp\/v2\/media\/153716"}],"wp:attachment":[{"href":"https:\/\/baldumarket.lt\/lt\/wp-json\/wp\/v2\/media?parent=153715"}],"wp:term":[{"taxonomy":"product_brand","embeddable":true,"href":"https:\/\/baldumarket.lt\/lt\/wp-json\/wp\/v2\/product_brand?post=153715"},{"taxonomy":"product_cat","embeddable":true,"href":"https:\/\/baldumarket.lt\/lt\/wp-json\/wp\/v2\/product_cat?post=153715"},{"taxonomy":"product_tag","embeddable":true,"href":"https:\/\/baldumarket.lt\/lt\/wp-json\/wp\/v2\/product_tag?post=153715"}],"curies":[{"name":"wp","href":"https:\/\/api.w.org\/{rel}","templated":true}]}}