{"id":153707,"date":"2025-12-18T16:59:35","date_gmt":"2025-12-18T13:59:35","guid":{"rendered":"https:\/\/baldumarket.lt\/product\/ava-mebloscianka-050740-bialy-dab-wotan\/"},"modified":"2026-02-05T09:07:49","modified_gmt":"2026-02-05T06:07:49","slug":"ava-mebloscianka-050740-bialy-dab-wotan","status":"publish","type":"product","link":"https:\/\/baldumarket.lt\/lt\/product\/ava-mebloscianka-050740-bialy-dab-wotan\/","title":{"rendered":"Ava sienin\u0117 spintel\u0117 05+07+40 balta \/ Wotan \u0105\u017euolas"},"content":{"rendered":"<p>Pristatome unikali\u0105 ir moderni\u0105 \u201cAva Meblo\u015bcianka 05+07+40\u201d sienin\u0119 spintel\u0119, kurioje dera elegancija ir funkcionalumas, o kontrastingas baltos ir Wotano \u0105\u017euolo spalv\u0173 derinys suteikia jai gaivumo ir modernumo j\u016bs\u0173 namams, nesvarbu, ar tai b\u016bt\u0173 svetain\u0117, prie\u0161kambaris, ar miegamasis. \u201eAva\u201c sienin\u0119 spintel\u0119 sudaro trys pagrindiniai elementai: pastatoma \/ pakabinama vitrina AVA 249NLM05, pakabinama vitrina AVA 249NLM07 ir televizoriaus stovas AVA 249NLM40. Kruop\u0161\u010diai parinkti komponentai suteikia daug vietos daiktams susid\u0117ti ir tuo pa\u010diu yra \u017eavus kambario papildymas. I\u0161skirtinis \u0161ios kolekcijos bruo\u017eas \u2013 novatori\u0161ka atidarymo sistema be ranken\u0117li\u0173 \u2013 tereikia \u0161velniai paspausti vir\u0161utin\u0119 priekin\u0119 dal\u012f, kad gal\u0117tum\u0117te m\u0117gautis patogiu naudojimu ir \u0161variomis bald\u0173 linijomis. Stal\u010diai turi \u201estumti, kad atidarytum\u0117te\u201c sistem\u0105, kad b\u016bt\u0173 dar patogiau pasiekti laikomus daiktus.<\/p>","protected":false},"excerpt":{"rendered":"<p>Gylis (cm): 30<\/p>","protected":false},"featured_media":153708,"comment_status":"open","ping_status":"open","template":"","meta":[],"product_brand":[],"product_cat":[9398,4105,2008],"product_tag":[],"class_list":{"0":"post-153707","1":"product","2":"type-product","3":"status-publish","4":"has-post-thumbnail","6":"product_cat-furniture-system-ava","7":"product_cat-helvetia","8":"product_cat-wall-units","10":"first","11":"instock","12":"purchasable","13":"product-type-simple"},"_links":{"self":[{"href":"https:\/\/baldumarket.lt\/lt\/wp-json\/wp\/v2\/product\/153707","targetHints":{"allow":["GET"]}}],"collection":[{"href":"https:\/\/baldumarket.lt\/lt\/wp-json\/wp\/v2\/product"}],"about":[{"href":"https:\/\/baldumarket.lt\/lt\/wp-json\/wp\/v2\/types\/product"}],"replies":[{"embeddable":true,"href":"https:\/\/baldumarket.lt\/lt\/wp-json\/wp\/v2\/comments?post=153707"}],"wp:featuredmedia":[{"embeddable":true,"href":"https:\/\/baldumarket.lt\/lt\/wp-json\/wp\/v2\/media\/153708"}],"wp:attachment":[{"href":"https:\/\/baldumarket.lt\/lt\/wp-json\/wp\/v2\/media?parent=153707"}],"wp:term":[{"taxonomy":"product_brand","embeddable":true,"href":"https:\/\/baldumarket.lt\/lt\/wp-json\/wp\/v2\/product_brand?post=153707"},{"taxonomy":"product_cat","embeddable":true,"href":"https:\/\/baldumarket.lt\/lt\/wp-json\/wp\/v2\/product_cat?post=153707"},{"taxonomy":"product_tag","embeddable":true,"href":"https:\/\/baldumarket.lt\/lt\/wp-json\/wp\/v2\/product_tag?post=153707"}],"curies":[{"name":"wp","href":"https:\/\/api.w.org\/{rel}","templated":true}]}}