{"id":153699,"date":"2025-12-18T16:59:18","date_gmt":"2025-12-18T13:59:18","guid":{"rendered":"https:\/\/baldumarket.lt\/product\/ava-komoda-rtv-2-drzwiowa-czarny-dab-wotan\/"},"modified":"2026-02-05T09:07:49","modified_gmt":"2026-02-05T06:07:49","slug":"ava-komoda-rtv-2-drzwiowa-czarny-dab-wotan","status":"publish","type":"product","link":"https:\/\/baldumarket.lt\/lt\/product\/ava-komoda-rtv-2-drzwiowa-czarny-dab-wotan\/","title":{"rendered":"\u201eAva\u201c \u200b\u200bdviej\u0173 dur\u0173 televizoriaus spintel\u0117, juoda \/ Wotan \u0105\u017euolas"},"content":{"rendered":"<p>Pristatome \u2018Ava 2D Artisan\u2019 televizoriaus spintel\u0119 \/ juod\u0105 \u2013 bald\u0105, kurio modernus dizainas ir prakti\u0161kumas patenkins net i\u0161rankiausius minimalistinio stiliaus m\u0117g\u0117jus. \u201eAva Helvetia\u201c kolekcija \u2013 tai atsakymas \u012f ie\u0161kan\u010di\u0173j\u0173 eleganti\u0161ko funkcionalumo ir estetikos derinio poreikius, o \u0161i unikali televizoriaus spintel\u0117 puikiai tiks bet kurioje modernioje svetain\u0117je, prie\u0161kambaryje ar net miegamajame. \u201eAva\u201c televizoriaus spintel\u0117 ne tik \u017eavi savo geometrine forma, bet ir si\u016blo atidarym\u0105 be ranken\u0117li\u0173, suteikiant\u012f lengvumo ir modernumo. Novatori\u0161ka \u201espustel\u0117jimo atidarymo\u201c sistema leid\u017eia lengvai pasiekti saugomus daiktus \u2013 u\u017etenka \u0161velniai paspausti priek\u012f, kad stal\u010diai atsidaryt\u0173 ir atskleist\u0173 savo vid\u0173. Sukurta kruop\u0161\u010diai apgalvojus kiekvien\u0105 detal\u0119, spintel\u0117 turi vienerias per vis\u0105 ilg\u012f einan\u010dias duris, kurios atsiveria \u012f keturias erdvias ni\u0161as, kuriose yra daug vietos daiktams laikyti. Spintel\u0117s priekiui b\u016bdingas dviej\u0173 spalv\u0173 derinys: nat\u016bralus dirbtinio \u0105\u017euolo atspalvis ir eleganti\u0161ka juoda, o jos kra\u0161tai yra poliruoti ir padengti i\u0161 vis\u0173 keturi\u0173 pusi\u0173, o tai garantuoja puiki\u0105 apsaug\u0105 nuo pa\u017eeidim\u0173.<\/p>","protected":false},"excerpt":{"rendered":"<p>Plotis (cm): 180<br \/>\n\u016agis (cm): 35<br \/>\nGylis (cm): 35<\/p>","protected":false},"featured_media":153700,"comment_status":"open","ping_status":"open","template":"","meta":[],"product_brand":[],"product_cat":[9398,4105,1175],"product_tag":[],"class_list":{"0":"post-153699","1":"product","2":"type-product","3":"status-publish","4":"has-post-thumbnail","6":"product_cat-furniture-system-ava","7":"product_cat-helvetia","8":"product_cat-tv-stands","10":"first","11":"instock","12":"purchasable","13":"product-type-simple"},"_links":{"self":[{"href":"https:\/\/baldumarket.lt\/lt\/wp-json\/wp\/v2\/product\/153699","targetHints":{"allow":["GET"]}}],"collection":[{"href":"https:\/\/baldumarket.lt\/lt\/wp-json\/wp\/v2\/product"}],"about":[{"href":"https:\/\/baldumarket.lt\/lt\/wp-json\/wp\/v2\/types\/product"}],"replies":[{"embeddable":true,"href":"https:\/\/baldumarket.lt\/lt\/wp-json\/wp\/v2\/comments?post=153699"}],"wp:featuredmedia":[{"embeddable":true,"href":"https:\/\/baldumarket.lt\/lt\/wp-json\/wp\/v2\/media\/153700"}],"wp:attachment":[{"href":"https:\/\/baldumarket.lt\/lt\/wp-json\/wp\/v2\/media?parent=153699"}],"wp:term":[{"taxonomy":"product_brand","embeddable":true,"href":"https:\/\/baldumarket.lt\/lt\/wp-json\/wp\/v2\/product_brand?post=153699"},{"taxonomy":"product_cat","embeddable":true,"href":"https:\/\/baldumarket.lt\/lt\/wp-json\/wp\/v2\/product_cat?post=153699"},{"taxonomy":"product_tag","embeddable":true,"href":"https:\/\/baldumarket.lt\/lt\/wp-json\/wp\/v2\/product_tag?post=153699"}],"curies":[{"name":"wp","href":"https:\/\/api.w.org\/{rel}","templated":true}]}}